{"id":13298,"date":"2020-06-08T12:22:07","date_gmt":"2020-06-08T09:22:07","guid":{"rendered":"https:\/\/beta.laomeister.com\/product\/kasutatud-aluseriiuli-mecalux-tugiraamid-ja-talad-erinevad-moodud\/"},"modified":"2020-10-06T21:57:50","modified_gmt":"2020-10-06T18:57:50","slug":"kasutatud-aluseriiuli-mecalux-tugiraamid-ja-talad-erinevad-moodud","status":"publish","type":"product","link":"https:\/\/beta.laomeister.com\/en\/toode\/kasutatud-aluseriiuli-mecalux-tugiraamid-ja-talad-erinevad-moodud\/","title":{"rendered":"Kasutatud aluseriiuli Mecalux tugiraamid ja talad erinevad m\u00f5\u00f5dud"},"content":{"rendered":"","protected":false},"excerpt":{"rendered":"<p><b>M\u00f5\u00f5dud:\u00a0<\/b>erinevad k\u00f5rgused ja pikkused<\/p>\n<p>Mecalux tugiraam 6500mm\u00a0 80.- Eur+km tk.<\/p>\n<p>Mecalux tugiraam 4000mm\u00a0 60.- Eur+km tk.<\/p>\n<p>Mecalux tugitala 3600mm\u00a0 25.- Eur+km tk.<\/p>\n<p>Mecalux tugitala 2700mm\u00a0 21.- Eur+km tk.<\/p>\n<p>Mecalux tugitala 1825mm\u00a0 15.- Eur+km tk.<\/p>\n<p>Parim viis lisada juurde riiulisektsioone ja remontida viga saanud tugiraam v\u00f5i tala.<br \/>\nAlati ei pea uut laoriiulit v\u00f5i selle osasid ostma.<\/p>\n","protected":false},"featured_media":12132,"template":"","meta":[],"product_brand":[],"product_cat":[211],"product_tag":[],"class_list":{"0":"post-13298","1":"product","2":"type-product","3":"status-publish","4":"has-post-thumbnail","6":"product_cat-used-storage-shelves","8":"first","9":"instock","10":"taxable","11":"shipping-taxable","12":"purchasable","13":"product-type-simple"},"yoast_head":"<!-- This site is optimized with the Yoast SEO plugin v25.8 - https:\/\/yoast.com\/wordpress\/plugins\/seo\/ -->\n<title>Kasutatud aluseriiuli Mecalux tugiraamid ja talad erinevad m\u00f5\u00f5dud - Balti Laomeister<\/title>\n<meta name=\"description\" content=\"Kasutatud laoriiulid Mecalux.Parim viis lisada juurde riiulisektsioone ja remontida viga saanud tugiraam v\u00f5i tala. Alati ei pea uut laoriiulit v\u00f5i selle osasid ostma.\" \/>\n<meta name=\"robots\" content=\"index, follow, max-snippet:-1, max-image-preview:large, max-video-preview:-1\" \/>\n<link rel=\"canonical\" href=\"https:\/\/beta.laomeister.com\/en\/toode\/kasutatud-aluseriiuli-mecalux-tugiraamid-ja-talad-erinevad-moodud\/\" \/>\n<meta property=\"og:locale\" content=\"en_US\" \/>\n<meta property=\"og:type\" content=\"article\" \/>\n<meta property=\"og:title\" content=\"Kasutatud aluseriiuli Mecalux tugiraamid ja talad erinevad m\u00f5\u00f5dud - Balti Laomeister\" \/>\n<meta property=\"og:description\" content=\"Kasutatud laoriiulid Mecalux.Parim viis lisada juurde riiulisektsioone ja remontida viga saanud tugiraam v\u00f5i tala. Alati ei pea uut laoriiulit v\u00f5i selle osasid ostma.\" \/>\n<meta property=\"og:url\" content=\"https:\/\/beta.laomeister.com\/en\/toode\/kasutatud-aluseriiuli-mecalux-tugiraamid-ja-talad-erinevad-moodud\/\" \/>\n<meta property=\"og:site_name\" content=\"Balti Laomeister\" \/>\n<meta property=\"article:modified_time\" content=\"2020-10-06T18:57:50+00:00\" \/>\n<meta property=\"og:image\" content=\"https:\/\/i0.wp.com\/www.laomeister.com\/wp-content\/uploads\/2020\/06\/kasutatu_laoriiulite_komlektid_mecalux.jpg?fit=2560%2C1213&ssl=1\" \/>\n\t<meta property=\"og:image:width\" content=\"2560\" \/>\n\t<meta property=\"og:image:height\" content=\"1213\" \/>\n\t<meta property=\"og:image:type\" content=\"image\/jpeg\" \/>\n<meta name=\"twitter:card\" content=\"summary_large_image\" \/>\n<script type=\"application\/ld+json\" class=\"yoast-schema-graph\">{\"@context\":\"https:\/\/schema.org\",\"@graph\":[{\"@type\":\"WebPage\",\"@id\":\"https:\/\/beta.laomeister.com\/en\/toode\/kasutatud-aluseriiuli-mecalux-tugiraamid-ja-talad-erinevad-moodud\/\",\"url\":\"https:\/\/beta.laomeister.com\/en\/toode\/kasutatud-aluseriiuli-mecalux-tugiraamid-ja-talad-erinevad-moodud\/\",\"name\":\"Kasutatud aluseriiuli Mecalux tugiraamid ja talad erinevad m\u00f5\u00f5dud - Balti Laomeister\",\"isPartOf\":{\"@id\":\"https:\/\/beta.laomeister.com\/en\/#website\"},\"primaryImageOfPage\":{\"@id\":\"https:\/\/beta.laomeister.com\/en\/toode\/kasutatud-aluseriiuli-mecalux-tugiraamid-ja-talad-erinevad-moodud\/#primaryimage\"},\"image\":{\"@id\":\"https:\/\/beta.laomeister.com\/en\/toode\/kasutatud-aluseriiuli-mecalux-tugiraamid-ja-talad-erinevad-moodud\/#primaryimage\"},\"thumbnailUrl\":\"https:\/\/beta.laomeister.com\/wp-content\/uploads\/2020\/06\/kasutatu_laoriiulite_komlektid_mecalux.jpg\",\"datePublished\":\"2020-06-08T09:22:07+00:00\",\"dateModified\":\"2020-10-06T18:57:50+00:00\",\"description\":\"Kasutatud laoriiulid Mecalux.Parim viis lisada juurde riiulisektsioone ja remontida viga saanud tugiraam v\u00f5i tala. Alati ei pea uut laoriiulit v\u00f5i selle osasid ostma.\",\"breadcrumb\":{\"@id\":\"https:\/\/beta.laomeister.com\/en\/toode\/kasutatud-aluseriiuli-mecalux-tugiraamid-ja-talad-erinevad-moodud\/#breadcrumb\"},\"inLanguage\":\"en-US\",\"potentialAction\":[{\"@type\":\"ReadAction\",\"target\":[\"https:\/\/beta.laomeister.com\/en\/toode\/kasutatud-aluseriiuli-mecalux-tugiraamid-ja-talad-erinevad-moodud\/\"]}]},{\"@type\":\"ImageObject\",\"inLanguage\":\"en-US\",\"@id\":\"https:\/\/beta.laomeister.com\/en\/toode\/kasutatud-aluseriiuli-mecalux-tugiraamid-ja-talad-erinevad-moodud\/#primaryimage\",\"url\":\"https:\/\/beta.laomeister.com\/wp-content\/uploads\/2020\/06\/kasutatu_laoriiulite_komlektid_mecalux.jpg\",\"contentUrl\":\"https:\/\/beta.laomeister.com\/wp-content\/uploads\/2020\/06\/kasutatu_laoriiulite_komlektid_mecalux.jpg\",\"width\":2560,\"height\":1213},{\"@type\":\"BreadcrumbList\",\"@id\":\"https:\/\/beta.laomeister.com\/en\/toode\/kasutatud-aluseriiuli-mecalux-tugiraamid-ja-talad-erinevad-moodud\/#breadcrumb\",\"itemListElement\":[{\"@type\":\"ListItem\",\"position\":1,\"name\":\"Home\",\"item\":\"https:\/\/beta.laomeister.com\/en\/home\/\"},{\"@type\":\"ListItem\",\"position\":2,\"name\":\"Products\",\"item\":\"https:\/\/beta.laomeister.com\/en\/shop-2\/\"},{\"@type\":\"ListItem\",\"position\":3,\"name\":\"Kasutatud aluseriiuli Mecalux tugiraamid ja talad erinevad m\u00f5\u00f5dud\"}]},{\"@type\":\"WebSite\",\"@id\":\"https:\/\/beta.laomeister.com\/en\/#website\",\"url\":\"https:\/\/beta.laomeister.com\/en\/\",\"name\":\"Balti Laomeister\",\"description\":\"Laoriiulid - m&uuml;&uuml;k ja paigaldus\",\"potentialAction\":[{\"@type\":\"SearchAction\",\"target\":{\"@type\":\"EntryPoint\",\"urlTemplate\":\"https:\/\/beta.laomeister.com\/en\/?s={search_term_string}\"},\"query-input\":{\"@type\":\"PropertyValueSpecification\",\"valueRequired\":true,\"valueName\":\"search_term_string\"}}],\"inLanguage\":\"en-US\"}]}<\/script>\n<!-- \/ Yoast SEO plugin. -->","yoast_head_json":{"title":"Kasutatud aluseriiuli Mecalux tugiraamid ja talad erinevad m\u00f5\u00f5dud - Balti Laomeister","description":"Kasutatud laoriiulid Mecalux.Parim viis lisada juurde riiulisektsioone ja remontida viga saanud tugiraam v\u00f5i tala. Alati ei pea uut laoriiulit v\u00f5i selle osasid ostma.","robots":{"index":"index","follow":"follow","max-snippet":"max-snippet:-1","max-image-preview":"max-image-preview:large","max-video-preview":"max-video-preview:-1"},"canonical":"https:\/\/beta.laomeister.com\/en\/toode\/kasutatud-aluseriiuli-mecalux-tugiraamid-ja-talad-erinevad-moodud\/","og_locale":"en_US","og_type":"article","og_title":"Kasutatud aluseriiuli Mecalux tugiraamid ja talad erinevad m\u00f5\u00f5dud - Balti Laomeister","og_description":"Kasutatud laoriiulid Mecalux.Parim viis lisada juurde riiulisektsioone ja remontida viga saanud tugiraam v\u00f5i tala. Alati ei pea uut laoriiulit v\u00f5i selle osasid ostma.","og_url":"https:\/\/beta.laomeister.com\/en\/toode\/kasutatud-aluseriiuli-mecalux-tugiraamid-ja-talad-erinevad-moodud\/","og_site_name":"Balti Laomeister","article_modified_time":"2020-10-06T18:57:50+00:00","og_image":[{"width":2560,"height":1213,"url":"https:\/\/i0.wp.com\/www.laomeister.com\/wp-content\/uploads\/2020\/06\/kasutatu_laoriiulite_komlektid_mecalux.jpg?fit=2560%2C1213&ssl=1","type":"image\/jpeg"}],"twitter_card":"summary_large_image","schema":{"@context":"https:\/\/schema.org","@graph":[{"@type":"WebPage","@id":"https:\/\/beta.laomeister.com\/en\/toode\/kasutatud-aluseriiuli-mecalux-tugiraamid-ja-talad-erinevad-moodud\/","url":"https:\/\/beta.laomeister.com\/en\/toode\/kasutatud-aluseriiuli-mecalux-tugiraamid-ja-talad-erinevad-moodud\/","name":"Kasutatud aluseriiuli Mecalux tugiraamid ja talad erinevad m\u00f5\u00f5dud - Balti Laomeister","isPartOf":{"@id":"https:\/\/beta.laomeister.com\/en\/#website"},"primaryImageOfPage":{"@id":"https:\/\/beta.laomeister.com\/en\/toode\/kasutatud-aluseriiuli-mecalux-tugiraamid-ja-talad-erinevad-moodud\/#primaryimage"},"image":{"@id":"https:\/\/beta.laomeister.com\/en\/toode\/kasutatud-aluseriiuli-mecalux-tugiraamid-ja-talad-erinevad-moodud\/#primaryimage"},"thumbnailUrl":"https:\/\/beta.laomeister.com\/wp-content\/uploads\/2020\/06\/kasutatu_laoriiulite_komlektid_mecalux.jpg","datePublished":"2020-06-08T09:22:07+00:00","dateModified":"2020-10-06T18:57:50+00:00","description":"Kasutatud laoriiulid Mecalux.Parim viis lisada juurde riiulisektsioone ja remontida viga saanud tugiraam v\u00f5i tala. Alati ei pea uut laoriiulit v\u00f5i selle osasid ostma.","breadcrumb":{"@id":"https:\/\/beta.laomeister.com\/en\/toode\/kasutatud-aluseriiuli-mecalux-tugiraamid-ja-talad-erinevad-moodud\/#breadcrumb"},"inLanguage":"en-US","potentialAction":[{"@type":"ReadAction","target":["https:\/\/beta.laomeister.com\/en\/toode\/kasutatud-aluseriiuli-mecalux-tugiraamid-ja-talad-erinevad-moodud\/"]}]},{"@type":"ImageObject","inLanguage":"en-US","@id":"https:\/\/beta.laomeister.com\/en\/toode\/kasutatud-aluseriiuli-mecalux-tugiraamid-ja-talad-erinevad-moodud\/#primaryimage","url":"https:\/\/beta.laomeister.com\/wp-content\/uploads\/2020\/06\/kasutatu_laoriiulite_komlektid_mecalux.jpg","contentUrl":"https:\/\/beta.laomeister.com\/wp-content\/uploads\/2020\/06\/kasutatu_laoriiulite_komlektid_mecalux.jpg","width":2560,"height":1213},{"@type":"BreadcrumbList","@id":"https:\/\/beta.laomeister.com\/en\/toode\/kasutatud-aluseriiuli-mecalux-tugiraamid-ja-talad-erinevad-moodud\/#breadcrumb","itemListElement":[{"@type":"ListItem","position":1,"name":"Home","item":"https:\/\/beta.laomeister.com\/en\/home\/"},{"@type":"ListItem","position":2,"name":"Products","item":"https:\/\/beta.laomeister.com\/en\/shop-2\/"},{"@type":"ListItem","position":3,"name":"Kasutatud aluseriiuli Mecalux tugiraamid ja talad erinevad m\u00f5\u00f5dud"}]},{"@type":"WebSite","@id":"https:\/\/beta.laomeister.com\/en\/#website","url":"https:\/\/beta.laomeister.com\/en\/","name":"Balti Laomeister","description":"Laoriiulid - m&uuml;&uuml;k ja paigaldus","potentialAction":[{"@type":"SearchAction","target":{"@type":"EntryPoint","urlTemplate":"https:\/\/beta.laomeister.com\/en\/?s={search_term_string}"},"query-input":{"@type":"PropertyValueSpecification","valueRequired":true,"valueName":"search_term_string"}}],"inLanguage":"en-US"}]}},"_links":{"self":[{"href":"https:\/\/beta.laomeister.com\/en\/wp-json\/wp\/v2\/product\/13298","targetHints":{"allow":["GET"]}}],"collection":[{"href":"https:\/\/beta.laomeister.com\/en\/wp-json\/wp\/v2\/product"}],"about":[{"href":"https:\/\/beta.laomeister.com\/en\/wp-json\/wp\/v2\/types\/product"}],"wp:featuredmedia":[{"embeddable":true,"href":"https:\/\/beta.laomeister.com\/en\/wp-json\/wp\/v2\/media\/12132"}],"wp:attachment":[{"href":"https:\/\/beta.laomeister.com\/en\/wp-json\/wp\/v2\/media?parent=13298"}],"wp:term":[{"taxonomy":"product_brand","embeddable":true,"href":"https:\/\/beta.laomeister.com\/en\/wp-json\/wp\/v2\/product_brand?post=13298"},{"taxonomy":"product_cat","embeddable":true,"href":"https:\/\/beta.laomeister.com\/en\/wp-json\/wp\/v2\/product_cat?post=13298"},{"taxonomy":"product_tag","embeddable":true,"href":"https:\/\/beta.laomeister.com\/en\/wp-json\/wp\/v2\/product_tag?post=13298"}],"curies":[{"name":"wp","href":"https:\/\/api.w.org\/{rel}","templated":true}]}}