{"id":13303,"date":"2020-05-25T13:18:55","date_gmt":"2020-05-25T10:18:55","guid":{"rendered":"https:\/\/beta.laomeister.com\/product\/komplekteerimiskaru-karpidele-1390-x-650-x-1025mm\/"},"modified":"2024-07-03T09:23:00","modified_gmt":"2024-07-03T06:23:00","slug":"komplekteerimiskaru-karpidele-1390-x-650-x-1025mm","status":"publish","type":"product","link":"https:\/\/beta.laomeister.com\/en\/toode\/komplekteerimiskaru-karpidele-1390-x-650-x-1025mm\/","title":{"rendered":"Packing trolley for boxes 1390 x 650 x 1025mm, KOKM10000M"},"content":{"rendered":"","protected":false},"excerpt":{"rendered":"<p>Packing trolley for boxes or slightly bulkier goods. Perfect for assembling and arranging in a warehouse. The walls are removable. Laminate bottom. Load capacity 300kg<\/p>\n<p><strong>More information:<\/strong><\/p>\n<p>Length &#8211; 1390 mm<br \/>\nWidth &#8211; 650 mm<br \/>\nHeight &#8211; 1025 mm<br \/>\nOverall carrying capacity &#8211; 300 kg<br \/>\nNet weight &#8211; 35kg<\/p>\n<p>Shelves 1<br \/>\nShelf dimensions (length) &#8211; 1200 mm<br \/>\nShelf dimensions (width) &#8211; 600 mm<br \/>\nShelf height 240mm<br \/>\nTop shelf height 715mm<br \/>\nWheel type &#8211; 2 swivel 2 fixed<br \/>\nWheels (mm) &#8211; 160<\/p>\n","protected":false},"featured_media":12089,"template":"","meta":[],"product_brand":[],"product_cat":[213,220],"product_tag":[],"class_list":{"0":"post-13303","1":"product","2":"type-product","3":"status-publish","4":"has-post-thumbnail","6":"product_cat-trolleys","7":"product_cat-assembly-trolleys","9":"first","10":"instock","11":"taxable","12":"shipping-taxable","13":"purchasable","14":"product-type-simple"},"yoast_head":"<!-- This site is optimized with the Yoast SEO plugin v25.8 - https:\/\/yoast.com\/wordpress\/plugins\/seo\/ -->\n<title>Packing trolley for boxes 1390 x 650 x 1025mm, KOKM10000M - Balti Laomeister<\/title>\n<meta name=\"description\" content=\"Perfect for warehouse and shop packing.Designed for boxes or slightly larger items.Rubber wheels.Removable walls.Laminate base.\" \/>\n<meta name=\"robots\" content=\"index, follow, max-snippet:-1, max-image-preview:large, max-video-preview:-1\" \/>\n<link rel=\"canonical\" href=\"https:\/\/beta.laomeister.com\/en\/toode\/komplekteerimiskaru-karpidele-1390-x-650-x-1025mm\/\" \/>\n<meta property=\"og:locale\" content=\"en_US\" \/>\n<meta property=\"og:type\" content=\"article\" \/>\n<meta property=\"og:title\" content=\"Packing trolley for boxes 1390 x 650 x 1025mm, KOKM10000M - Balti Laomeister\" \/>\n<meta property=\"og:description\" content=\"Perfect for warehouse and shop packing.Designed for boxes or slightly larger items.Rubber wheels.Removable walls.Laminate base.\" \/>\n<meta property=\"og:url\" content=\"https:\/\/beta.laomeister.com\/en\/toode\/komplekteerimiskaru-karpidele-1390-x-650-x-1025mm\/\" \/>\n<meta property=\"og:site_name\" content=\"Balti Laomeister\" \/>\n<meta property=\"article:modified_time\" content=\"2024-07-03T06:23:00+00:00\" \/>\n<meta property=\"og:image\" content=\"https:\/\/i0.wp.com\/www.laomeister.com\/wp-content\/uploads\/2020\/05\/komplekteerimik\u00e4ru_s\u00fcgav_v\u00f5rguga.png?fit=850%2C768&ssl=1\" \/>\n\t<meta property=\"og:image:width\" content=\"850\" \/>\n\t<meta property=\"og:image:height\" content=\"768\" \/>\n\t<meta property=\"og:image:type\" content=\"image\/png\" \/>\n<meta name=\"twitter:card\" content=\"summary_large_image\" \/>\n<script type=\"application\/ld+json\" class=\"yoast-schema-graph\">{\"@context\":\"https:\/\/schema.org\",\"@graph\":[{\"@type\":\"WebPage\",\"@id\":\"https:\/\/beta.laomeister.com\/en\/toode\/komplekteerimiskaru-karpidele-1390-x-650-x-1025mm\/\",\"url\":\"https:\/\/beta.laomeister.com\/en\/toode\/komplekteerimiskaru-karpidele-1390-x-650-x-1025mm\/\",\"name\":\"Packing trolley for boxes 1390 x 650 x 1025mm, KOKM10000M - Balti Laomeister\",\"isPartOf\":{\"@id\":\"https:\/\/beta.laomeister.com\/en\/#website\"},\"primaryImageOfPage\":{\"@id\":\"https:\/\/beta.laomeister.com\/en\/toode\/komplekteerimiskaru-karpidele-1390-x-650-x-1025mm\/#primaryimage\"},\"image\":{\"@id\":\"https:\/\/beta.laomeister.com\/en\/toode\/komplekteerimiskaru-karpidele-1390-x-650-x-1025mm\/#primaryimage\"},\"thumbnailUrl\":\"https:\/\/beta.laomeister.com\/wp-content\/uploads\/2020\/05\/komplekteerimik\u00e4ru_s\u00fcgav_v\u00f5rguga.png\",\"datePublished\":\"2020-05-25T10:18:55+00:00\",\"dateModified\":\"2024-07-03T06:23:00+00:00\",\"description\":\"Perfect for warehouse and shop packing.Designed for boxes or slightly larger items.Rubber wheels.Removable walls.Laminate base.\",\"breadcrumb\":{\"@id\":\"https:\/\/beta.laomeister.com\/en\/toode\/komplekteerimiskaru-karpidele-1390-x-650-x-1025mm\/#breadcrumb\"},\"inLanguage\":\"en-US\",\"potentialAction\":[{\"@type\":\"ReadAction\",\"target\":[\"https:\/\/beta.laomeister.com\/en\/toode\/komplekteerimiskaru-karpidele-1390-x-650-x-1025mm\/\"]}]},{\"@type\":\"ImageObject\",\"inLanguage\":\"en-US\",\"@id\":\"https:\/\/beta.laomeister.com\/en\/toode\/komplekteerimiskaru-karpidele-1390-x-650-x-1025mm\/#primaryimage\",\"url\":\"https:\/\/beta.laomeister.com\/wp-content\/uploads\/2020\/05\/komplekteerimik\u00e4ru_s\u00fcgav_v\u00f5rguga.png\",\"contentUrl\":\"https:\/\/beta.laomeister.com\/wp-content\/uploads\/2020\/05\/komplekteerimik\u00e4ru_s\u00fcgav_v\u00f5rguga.png\",\"width\":850,\"height\":768},{\"@type\":\"BreadcrumbList\",\"@id\":\"https:\/\/beta.laomeister.com\/en\/toode\/komplekteerimiskaru-karpidele-1390-x-650-x-1025mm\/#breadcrumb\",\"itemListElement\":[{\"@type\":\"ListItem\",\"position\":1,\"name\":\"Home\",\"item\":\"https:\/\/beta.laomeister.com\/en\/home\/\"},{\"@type\":\"ListItem\",\"position\":2,\"name\":\"Products\",\"item\":\"https:\/\/beta.laomeister.com\/en\/shop-2\/\"},{\"@type\":\"ListItem\",\"position\":3,\"name\":\"Packing trolley for boxes 1390 x 650 x 1025mm, KOKM10000M\"}]},{\"@type\":\"WebSite\",\"@id\":\"https:\/\/beta.laomeister.com\/en\/#website\",\"url\":\"https:\/\/beta.laomeister.com\/en\/\",\"name\":\"Balti Laomeister\",\"description\":\"Laoriiulid - m&uuml;&uuml;k ja paigaldus\",\"potentialAction\":[{\"@type\":\"SearchAction\",\"target\":{\"@type\":\"EntryPoint\",\"urlTemplate\":\"https:\/\/beta.laomeister.com\/en\/?s={search_term_string}\"},\"query-input\":{\"@type\":\"PropertyValueSpecification\",\"valueRequired\":true,\"valueName\":\"search_term_string\"}}],\"inLanguage\":\"en-US\"}]}<\/script>\n<!-- \/ Yoast SEO plugin. -->","yoast_head_json":{"title":"Packing trolley for boxes 1390 x 650 x 1025mm, KOKM10000M - Balti Laomeister","description":"Perfect for warehouse and shop packing.Designed for boxes or slightly larger items.Rubber wheels.Removable walls.Laminate base.","robots":{"index":"index","follow":"follow","max-snippet":"max-snippet:-1","max-image-preview":"max-image-preview:large","max-video-preview":"max-video-preview:-1"},"canonical":"https:\/\/beta.laomeister.com\/en\/toode\/komplekteerimiskaru-karpidele-1390-x-650-x-1025mm\/","og_locale":"en_US","og_type":"article","og_title":"Packing trolley for boxes 1390 x 650 x 1025mm, KOKM10000M - Balti Laomeister","og_description":"Perfect for warehouse and shop packing.Designed for boxes or slightly larger items.Rubber wheels.Removable walls.Laminate base.","og_url":"https:\/\/beta.laomeister.com\/en\/toode\/komplekteerimiskaru-karpidele-1390-x-650-x-1025mm\/","og_site_name":"Balti Laomeister","article_modified_time":"2024-07-03T06:23:00+00:00","og_image":[{"width":850,"height":768,"url":"https:\/\/i0.wp.com\/www.laomeister.com\/wp-content\/uploads\/2020\/05\/komplekteerimik\u00e4ru_s\u00fcgav_v\u00f5rguga.png?fit=850%2C768&ssl=1","type":"image\/png"}],"twitter_card":"summary_large_image","schema":{"@context":"https:\/\/schema.org","@graph":[{"@type":"WebPage","@id":"https:\/\/beta.laomeister.com\/en\/toode\/komplekteerimiskaru-karpidele-1390-x-650-x-1025mm\/","url":"https:\/\/beta.laomeister.com\/en\/toode\/komplekteerimiskaru-karpidele-1390-x-650-x-1025mm\/","name":"Packing trolley for boxes 1390 x 650 x 1025mm, KOKM10000M - Balti Laomeister","isPartOf":{"@id":"https:\/\/beta.laomeister.com\/en\/#website"},"primaryImageOfPage":{"@id":"https:\/\/beta.laomeister.com\/en\/toode\/komplekteerimiskaru-karpidele-1390-x-650-x-1025mm\/#primaryimage"},"image":{"@id":"https:\/\/beta.laomeister.com\/en\/toode\/komplekteerimiskaru-karpidele-1390-x-650-x-1025mm\/#primaryimage"},"thumbnailUrl":"https:\/\/beta.laomeister.com\/wp-content\/uploads\/2020\/05\/komplekteerimik\u00e4ru_s\u00fcgav_v\u00f5rguga.png","datePublished":"2020-05-25T10:18:55+00:00","dateModified":"2024-07-03T06:23:00+00:00","description":"Perfect for warehouse and shop packing.Designed for boxes or slightly larger items.Rubber wheels.Removable walls.Laminate base.","breadcrumb":{"@id":"https:\/\/beta.laomeister.com\/en\/toode\/komplekteerimiskaru-karpidele-1390-x-650-x-1025mm\/#breadcrumb"},"inLanguage":"en-US","potentialAction":[{"@type":"ReadAction","target":["https:\/\/beta.laomeister.com\/en\/toode\/komplekteerimiskaru-karpidele-1390-x-650-x-1025mm\/"]}]},{"@type":"ImageObject","inLanguage":"en-US","@id":"https:\/\/beta.laomeister.com\/en\/toode\/komplekteerimiskaru-karpidele-1390-x-650-x-1025mm\/#primaryimage","url":"https:\/\/beta.laomeister.com\/wp-content\/uploads\/2020\/05\/komplekteerimik\u00e4ru_s\u00fcgav_v\u00f5rguga.png","contentUrl":"https:\/\/beta.laomeister.com\/wp-content\/uploads\/2020\/05\/komplekteerimik\u00e4ru_s\u00fcgav_v\u00f5rguga.png","width":850,"height":768},{"@type":"BreadcrumbList","@id":"https:\/\/beta.laomeister.com\/en\/toode\/komplekteerimiskaru-karpidele-1390-x-650-x-1025mm\/#breadcrumb","itemListElement":[{"@type":"ListItem","position":1,"name":"Home","item":"https:\/\/beta.laomeister.com\/en\/home\/"},{"@type":"ListItem","position":2,"name":"Products","item":"https:\/\/beta.laomeister.com\/en\/shop-2\/"},{"@type":"ListItem","position":3,"name":"Packing trolley for boxes 1390 x 650 x 1025mm, KOKM10000M"}]},{"@type":"WebSite","@id":"https:\/\/beta.laomeister.com\/en\/#website","url":"https:\/\/beta.laomeister.com\/en\/","name":"Balti Laomeister","description":"Laoriiulid - m&uuml;&uuml;k ja paigaldus","potentialAction":[{"@type":"SearchAction","target":{"@type":"EntryPoint","urlTemplate":"https:\/\/beta.laomeister.com\/en\/?s={search_term_string}"},"query-input":{"@type":"PropertyValueSpecification","valueRequired":true,"valueName":"search_term_string"}}],"inLanguage":"en-US"}]}},"_links":{"self":[{"href":"https:\/\/beta.laomeister.com\/en\/wp-json\/wp\/v2\/product\/13303","targetHints":{"allow":["GET"]}}],"collection":[{"href":"https:\/\/beta.laomeister.com\/en\/wp-json\/wp\/v2\/product"}],"about":[{"href":"https:\/\/beta.laomeister.com\/en\/wp-json\/wp\/v2\/types\/product"}],"wp:featuredmedia":[{"embeddable":true,"href":"https:\/\/beta.laomeister.com\/en\/wp-json\/wp\/v2\/media\/12089"}],"wp:attachment":[{"href":"https:\/\/beta.laomeister.com\/en\/wp-json\/wp\/v2\/media?parent=13303"}],"wp:term":[{"taxonomy":"product_brand","embeddable":true,"href":"https:\/\/beta.laomeister.com\/en\/wp-json\/wp\/v2\/product_brand?post=13303"},{"taxonomy":"product_cat","embeddable":true,"href":"https:\/\/beta.laomeister.com\/en\/wp-json\/wp\/v2\/product_cat?post=13303"},{"taxonomy":"product_tag","embeddable":true,"href":"https:\/\/beta.laomeister.com\/en\/wp-json\/wp\/v2\/product_tag?post=13303"}],"curies":[{"name":"wp","href":"https:\/\/api.w.org\/{rel}","templated":true}]}}