{"id":13595,"date":"2019-07-22T10:42:32","date_gmt":"2019-07-22T07:42:32","guid":{"rendered":"https:\/\/beta.laomeister.com\/product\/city-tugitala\/"},"modified":"2024-07-03T09:37:04","modified_gmt":"2024-07-03T06:37:04","slug":"city-tugitala","status":"publish","type":"product","link":"https:\/\/beta.laomeister.com\/en\/toode\/city-tugitala\/","title":{"rendered":"City support beam, 2750mm"},"content":{"rendered":"","protected":false},"excerpt":{"rendered":"<p><strong>Dimensions:<\/strong> 2750mm<\/p>\n<p><strong>Shelf height:<\/strong> 120mm<\/p>\n<p><strong>Load capacity:<\/strong> 3 x 1000 kg<\/p>\n","protected":false},"featured_media":8295,"template":"","meta":[],"product_brand":[],"product_cat":[312],"product_tag":[],"class_list":{"0":"post-13595","1":"product","2":"type-product","3":"status-publish","4":"has-post-thumbnail","6":"product_cat-tarvikud-en","8":"first","9":"instock","10":"taxable","11":"shipping-taxable","12":"purchasable","13":"product-type-simple"},"yoast_head":"<!-- This site is optimized with the Yoast SEO plugin v25.8 - https:\/\/yoast.com\/wordpress\/plugins\/seo\/ -->\n<title>City support beam, 2750mm - Balti Laomeister<\/title>\n<meta name=\"robots\" content=\"index, follow, max-snippet:-1, max-image-preview:large, max-video-preview:-1\" \/>\n<link rel=\"canonical\" href=\"https:\/\/beta.laomeister.com\/en\/toode\/city-tugitala\/\" \/>\n<meta property=\"og:locale\" content=\"en_US\" \/>\n<meta property=\"og:type\" content=\"article\" \/>\n<meta property=\"og:title\" content=\"City support beam, 2750mm - Balti Laomeister\" \/>\n<meta property=\"og:description\" content=\"Dimensions: 2750mm Shelf height: 120mm Load capacity: 3 x 1000 kg\" \/>\n<meta property=\"og:url\" content=\"https:\/\/beta.laomeister.com\/en\/toode\/city-tugitala\/\" \/>\n<meta property=\"og:site_name\" content=\"Balti Laomeister\" \/>\n<meta property=\"article:modified_time\" content=\"2024-07-03T06:37:04+00:00\" \/>\n<meta property=\"og:image\" content=\"https:\/\/i0.wp.com\/www.laomeister.com\/wp-content\/uploads\/2019\/07\/FINAL-3_web.jpg?fit=2468%2C2468&ssl=1\" \/>\n\t<meta property=\"og:image:width\" content=\"2468\" \/>\n\t<meta property=\"og:image:height\" content=\"2468\" \/>\n\t<meta property=\"og:image:type\" content=\"image\/jpeg\" \/>\n<meta name=\"twitter:card\" content=\"summary_large_image\" \/>\n<script type=\"application\/ld+json\" class=\"yoast-schema-graph\">{\"@context\":\"https:\/\/schema.org\",\"@graph\":[{\"@type\":\"WebPage\",\"@id\":\"https:\/\/beta.laomeister.com\/en\/toode\/city-tugitala\/\",\"url\":\"https:\/\/beta.laomeister.com\/en\/toode\/city-tugitala\/\",\"name\":\"City support beam, 2750mm - Balti Laomeister\",\"isPartOf\":{\"@id\":\"https:\/\/beta.laomeister.com\/en\/#website\"},\"primaryImageOfPage\":{\"@id\":\"https:\/\/beta.laomeister.com\/en\/toode\/city-tugitala\/#primaryimage\"},\"image\":{\"@id\":\"https:\/\/beta.laomeister.com\/en\/toode\/city-tugitala\/#primaryimage\"},\"thumbnailUrl\":\"https:\/\/beta.laomeister.com\/wp-content\/uploads\/2019\/07\/FINAL-3_web.jpg\",\"datePublished\":\"2019-07-22T07:42:32+00:00\",\"dateModified\":\"2024-07-03T06:37:04+00:00\",\"breadcrumb\":{\"@id\":\"https:\/\/beta.laomeister.com\/en\/toode\/city-tugitala\/#breadcrumb\"},\"inLanguage\":\"en-US\",\"potentialAction\":[{\"@type\":\"ReadAction\",\"target\":[\"https:\/\/beta.laomeister.com\/en\/toode\/city-tugitala\/\"]}]},{\"@type\":\"ImageObject\",\"inLanguage\":\"en-US\",\"@id\":\"https:\/\/beta.laomeister.com\/en\/toode\/city-tugitala\/#primaryimage\",\"url\":\"https:\/\/beta.laomeister.com\/wp-content\/uploads\/2019\/07\/FINAL-3_web.jpg\",\"contentUrl\":\"https:\/\/beta.laomeister.com\/wp-content\/uploads\/2019\/07\/FINAL-3_web.jpg\",\"width\":2468,\"height\":2468,\"caption\":\"City tugitala | Balti Laomeister O\u00dc | laoriiulite m\u00fc\u00fck ja paigaldus\"},{\"@type\":\"BreadcrumbList\",\"@id\":\"https:\/\/beta.laomeister.com\/en\/toode\/city-tugitala\/#breadcrumb\",\"itemListElement\":[{\"@type\":\"ListItem\",\"position\":1,\"name\":\"Home\",\"item\":\"https:\/\/beta.laomeister.com\/en\/home\/\"},{\"@type\":\"ListItem\",\"position\":2,\"name\":\"Products\",\"item\":\"https:\/\/beta.laomeister.com\/en\/shop-2\/\"},{\"@type\":\"ListItem\",\"position\":3,\"name\":\"City support beam, 2750mm\"}]},{\"@type\":\"WebSite\",\"@id\":\"https:\/\/beta.laomeister.com\/en\/#website\",\"url\":\"https:\/\/beta.laomeister.com\/en\/\",\"name\":\"Balti Laomeister\",\"description\":\"Laoriiulid - m&uuml;&uuml;k ja paigaldus\",\"potentialAction\":[{\"@type\":\"SearchAction\",\"target\":{\"@type\":\"EntryPoint\",\"urlTemplate\":\"https:\/\/beta.laomeister.com\/en\/?s={search_term_string}\"},\"query-input\":{\"@type\":\"PropertyValueSpecification\",\"valueRequired\":true,\"valueName\":\"search_term_string\"}}],\"inLanguage\":\"en-US\"}]}<\/script>\n<!-- \/ Yoast SEO plugin. -->","yoast_head_json":{"title":"City support beam, 2750mm - Balti Laomeister","robots":{"index":"index","follow":"follow","max-snippet":"max-snippet:-1","max-image-preview":"max-image-preview:large","max-video-preview":"max-video-preview:-1"},"canonical":"https:\/\/beta.laomeister.com\/en\/toode\/city-tugitala\/","og_locale":"en_US","og_type":"article","og_title":"City support beam, 2750mm - Balti Laomeister","og_description":"Dimensions: 2750mm Shelf height: 120mm Load capacity: 3 x 1000 kg","og_url":"https:\/\/beta.laomeister.com\/en\/toode\/city-tugitala\/","og_site_name":"Balti Laomeister","article_modified_time":"2024-07-03T06:37:04+00:00","og_image":[{"width":2468,"height":2468,"url":"https:\/\/i0.wp.com\/www.laomeister.com\/wp-content\/uploads\/2019\/07\/FINAL-3_web.jpg?fit=2468%2C2468&ssl=1","type":"image\/jpeg"}],"twitter_card":"summary_large_image","schema":{"@context":"https:\/\/schema.org","@graph":[{"@type":"WebPage","@id":"https:\/\/beta.laomeister.com\/en\/toode\/city-tugitala\/","url":"https:\/\/beta.laomeister.com\/en\/toode\/city-tugitala\/","name":"City support beam, 2750mm - Balti Laomeister","isPartOf":{"@id":"https:\/\/beta.laomeister.com\/en\/#website"},"primaryImageOfPage":{"@id":"https:\/\/beta.laomeister.com\/en\/toode\/city-tugitala\/#primaryimage"},"image":{"@id":"https:\/\/beta.laomeister.com\/en\/toode\/city-tugitala\/#primaryimage"},"thumbnailUrl":"https:\/\/beta.laomeister.com\/wp-content\/uploads\/2019\/07\/FINAL-3_web.jpg","datePublished":"2019-07-22T07:42:32+00:00","dateModified":"2024-07-03T06:37:04+00:00","breadcrumb":{"@id":"https:\/\/beta.laomeister.com\/en\/toode\/city-tugitala\/#breadcrumb"},"inLanguage":"en-US","potentialAction":[{"@type":"ReadAction","target":["https:\/\/beta.laomeister.com\/en\/toode\/city-tugitala\/"]}]},{"@type":"ImageObject","inLanguage":"en-US","@id":"https:\/\/beta.laomeister.com\/en\/toode\/city-tugitala\/#primaryimage","url":"https:\/\/beta.laomeister.com\/wp-content\/uploads\/2019\/07\/FINAL-3_web.jpg","contentUrl":"https:\/\/beta.laomeister.com\/wp-content\/uploads\/2019\/07\/FINAL-3_web.jpg","width":2468,"height":2468,"caption":"City tugitala | Balti Laomeister O\u00dc | laoriiulite m\u00fc\u00fck ja paigaldus"},{"@type":"BreadcrumbList","@id":"https:\/\/beta.laomeister.com\/en\/toode\/city-tugitala\/#breadcrumb","itemListElement":[{"@type":"ListItem","position":1,"name":"Home","item":"https:\/\/beta.laomeister.com\/en\/home\/"},{"@type":"ListItem","position":2,"name":"Products","item":"https:\/\/beta.laomeister.com\/en\/shop-2\/"},{"@type":"ListItem","position":3,"name":"City support beam, 2750mm"}]},{"@type":"WebSite","@id":"https:\/\/beta.laomeister.com\/en\/#website","url":"https:\/\/beta.laomeister.com\/en\/","name":"Balti Laomeister","description":"Laoriiulid - m&uuml;&uuml;k ja paigaldus","potentialAction":[{"@type":"SearchAction","target":{"@type":"EntryPoint","urlTemplate":"https:\/\/beta.laomeister.com\/en\/?s={search_term_string}"},"query-input":{"@type":"PropertyValueSpecification","valueRequired":true,"valueName":"search_term_string"}}],"inLanguage":"en-US"}]}},"_links":{"self":[{"href":"https:\/\/beta.laomeister.com\/en\/wp-json\/wp\/v2\/product\/13595","targetHints":{"allow":["GET"]}}],"collection":[{"href":"https:\/\/beta.laomeister.com\/en\/wp-json\/wp\/v2\/product"}],"about":[{"href":"https:\/\/beta.laomeister.com\/en\/wp-json\/wp\/v2\/types\/product"}],"wp:featuredmedia":[{"embeddable":true,"href":"https:\/\/beta.laomeister.com\/en\/wp-json\/wp\/v2\/media\/8295"}],"wp:attachment":[{"href":"https:\/\/beta.laomeister.com\/en\/wp-json\/wp\/v2\/media?parent=13595"}],"wp:term":[{"taxonomy":"product_brand","embeddable":true,"href":"https:\/\/beta.laomeister.com\/en\/wp-json\/wp\/v2\/product_brand?post=13595"},{"taxonomy":"product_cat","embeddable":true,"href":"https:\/\/beta.laomeister.com\/en\/wp-json\/wp\/v2\/product_cat?post=13595"},{"taxonomy":"product_tag","embeddable":true,"href":"https:\/\/beta.laomeister.com\/en\/wp-json\/wp\/v2\/product_tag?post=13595"}],"curies":[{"name":"wp","href":"https:\/\/api.w.org\/{rel}","templated":true}]}}