{"id":13502,"date":"2019-09-18T12:33:48","date_gmt":"2019-09-18T09:33:48","guid":{"rendered":"https:\/\/beta.laomeister.com\/product\/lainepapist-vahelehed-1150x750mm\/"},"modified":"2024-07-03T09:37:32","modified_gmt":"2024-07-03T06:37:32","slug":"lainepapist-vahelehed-1150x750mm","status":"publish","type":"product","link":"https:\/\/beta.laomeister.com\/fi\/toode\/lainepapist-vahelehed-1150x750mm\/","title":{"rendered":"Aaltopahvista valmistetut jakajat 1150x750mm"},"content":{"rendered":"","protected":false},"excerpt":{"rendered":"<p><strong>Lis\u00e4tietoja: <\/strong>aaltopahviarkit 1150x750mm<br \/>\nV\u00e4himm\u00e4ism\u00e4\u00e4r\u00e4 25 kpl.<br \/>\n650 kpl pohjalla. Fefco0110 B10RTT<\/p>\n","protected":false},"featured_media":12476,"template":"","meta":[],"product_brand":[],"product_cat":[310],"product_tag":[],"class_list":{"0":"post-13502","1":"product","2":"type-product","3":"status-publish","4":"has-post-thumbnail","6":"product_cat-pakkevahendid-fi","8":"first","9":"instock","10":"taxable","11":"shipping-taxable","12":"purchasable","13":"product-type-simple"},"yoast_head":"<!-- This site is optimized with the Yoast SEO plugin v25.8 - https:\/\/yoast.com\/wordpress\/plugins\/seo\/ -->\n<title>Aaltopahvista valmistetut jakajat 1150x750mm - Balti Laomeister<\/title>\n<meta name=\"robots\" content=\"index, follow, max-snippet:-1, max-image-preview:large, max-video-preview:-1\" \/>\n<link rel=\"canonical\" href=\"https:\/\/beta.laomeister.com\/fi\/toode\/lainepapist-vahelehed-1150x750mm\/\" \/>\n<meta property=\"og:locale\" content=\"fi_FI\" \/>\n<meta property=\"og:type\" content=\"article\" \/>\n<meta property=\"og:title\" content=\"Aaltopahvista valmistetut jakajat 1150x750mm - Balti Laomeister\" \/>\n<meta property=\"og:description\" content=\"Lis\u00e4tietoja: aaltopahviarkit 1150x750mm V\u00e4himm\u00e4ism\u00e4\u00e4r\u00e4 25 kpl. 650 kpl pohjalla. Fefco0110 B10RTT\" \/>\n<meta property=\"og:url\" content=\"https:\/\/beta.laomeister.com\/fi\/toode\/lainepapist-vahelehed-1150x750mm\/\" \/>\n<meta property=\"og:site_name\" content=\"Balti Laomeister\" \/>\n<meta property=\"article:modified_time\" content=\"2024-07-03T06:37:32+00:00\" \/>\n<meta property=\"og:image\" content=\"https:\/\/i0.wp.com\/www.laomeister.com\/wp-content\/uploads\/2020\/06\/papp_vahelehed_alustele_EUR.png?fit=900%2C600&ssl=1\" \/>\n\t<meta property=\"og:image:width\" content=\"900\" \/>\n\t<meta property=\"og:image:height\" content=\"600\" \/>\n\t<meta property=\"og:image:type\" content=\"image\/png\" \/>\n<meta name=\"twitter:card\" content=\"summary_large_image\" \/>\n<script type=\"application\/ld+json\" class=\"yoast-schema-graph\">{\"@context\":\"https:\/\/schema.org\",\"@graph\":[{\"@type\":\"WebPage\",\"@id\":\"https:\/\/beta.laomeister.com\/fi\/toode\/lainepapist-vahelehed-1150x750mm\/\",\"url\":\"https:\/\/beta.laomeister.com\/fi\/toode\/lainepapist-vahelehed-1150x750mm\/\",\"name\":\"Aaltopahvista valmistetut jakajat 1150x750mm - Balti Laomeister\",\"isPartOf\":{\"@id\":\"https:\/\/beta.laomeister.com\/fi\/#website\"},\"primaryImageOfPage\":{\"@id\":\"https:\/\/beta.laomeister.com\/fi\/toode\/lainepapist-vahelehed-1150x750mm\/#primaryimage\"},\"image\":{\"@id\":\"https:\/\/beta.laomeister.com\/fi\/toode\/lainepapist-vahelehed-1150x750mm\/#primaryimage\"},\"thumbnailUrl\":\"https:\/\/beta.laomeister.com\/wp-content\/uploads\/2020\/06\/papp_vahelehed_alustele_EUR.png\",\"datePublished\":\"2019-09-18T09:33:48+00:00\",\"dateModified\":\"2024-07-03T06:37:32+00:00\",\"breadcrumb\":{\"@id\":\"https:\/\/beta.laomeister.com\/fi\/toode\/lainepapist-vahelehed-1150x750mm\/#breadcrumb\"},\"inLanguage\":\"fi\",\"potentialAction\":[{\"@type\":\"ReadAction\",\"target\":[\"https:\/\/beta.laomeister.com\/fi\/toode\/lainepapist-vahelehed-1150x750mm\/\"]}]},{\"@type\":\"ImageObject\",\"inLanguage\":\"fi\",\"@id\":\"https:\/\/beta.laomeister.com\/fi\/toode\/lainepapist-vahelehed-1150x750mm\/#primaryimage\",\"url\":\"https:\/\/beta.laomeister.com\/wp-content\/uploads\/2020\/06\/papp_vahelehed_alustele_EUR.png\",\"contentUrl\":\"https:\/\/beta.laomeister.com\/wp-content\/uploads\/2020\/06\/papp_vahelehed_alustele_EUR.png\",\"width\":900,\"height\":600},{\"@type\":\"BreadcrumbList\",\"@id\":\"https:\/\/beta.laomeister.com\/fi\/toode\/lainepapist-vahelehed-1150x750mm\/#breadcrumb\",\"itemListElement\":[{\"@type\":\"ListItem\",\"position\":1,\"name\":\"Home\",\"item\":\"https:\/\/beta.laomeister.com\/fi\/\"},{\"@type\":\"ListItem\",\"position\":2,\"name\":\"Tuotteet\",\"item\":\"https:\/\/beta.laomeister.com\/fi\/tuotteet\/\"},{\"@type\":\"ListItem\",\"position\":3,\"name\":\"Aaltopahvista valmistetut jakajat 1150x750mm\"}]},{\"@type\":\"WebSite\",\"@id\":\"https:\/\/beta.laomeister.com\/fi\/#website\",\"url\":\"https:\/\/beta.laomeister.com\/fi\/\",\"name\":\"Balti Laomeister\",\"description\":\"Laoriiulid - m&uuml;&uuml;k ja paigaldus\",\"potentialAction\":[{\"@type\":\"SearchAction\",\"target\":{\"@type\":\"EntryPoint\",\"urlTemplate\":\"https:\/\/beta.laomeister.com\/fi\/?s={search_term_string}\"},\"query-input\":{\"@type\":\"PropertyValueSpecification\",\"valueRequired\":true,\"valueName\":\"search_term_string\"}}],\"inLanguage\":\"fi\"}]}<\/script>\n<!-- \/ Yoast SEO plugin. -->","yoast_head_json":{"title":"Aaltopahvista valmistetut jakajat 1150x750mm - Balti Laomeister","robots":{"index":"index","follow":"follow","max-snippet":"max-snippet:-1","max-image-preview":"max-image-preview:large","max-video-preview":"max-video-preview:-1"},"canonical":"https:\/\/beta.laomeister.com\/fi\/toode\/lainepapist-vahelehed-1150x750mm\/","og_locale":"fi_FI","og_type":"article","og_title":"Aaltopahvista valmistetut jakajat 1150x750mm - Balti Laomeister","og_description":"Lis\u00e4tietoja: aaltopahviarkit 1150x750mm V\u00e4himm\u00e4ism\u00e4\u00e4r\u00e4 25 kpl. 650 kpl pohjalla. Fefco0110 B10RTT","og_url":"https:\/\/beta.laomeister.com\/fi\/toode\/lainepapist-vahelehed-1150x750mm\/","og_site_name":"Balti Laomeister","article_modified_time":"2024-07-03T06:37:32+00:00","og_image":[{"width":900,"height":600,"url":"https:\/\/i0.wp.com\/www.laomeister.com\/wp-content\/uploads\/2020\/06\/papp_vahelehed_alustele_EUR.png?fit=900%2C600&ssl=1","type":"image\/png"}],"twitter_card":"summary_large_image","schema":{"@context":"https:\/\/schema.org","@graph":[{"@type":"WebPage","@id":"https:\/\/beta.laomeister.com\/fi\/toode\/lainepapist-vahelehed-1150x750mm\/","url":"https:\/\/beta.laomeister.com\/fi\/toode\/lainepapist-vahelehed-1150x750mm\/","name":"Aaltopahvista valmistetut jakajat 1150x750mm - Balti Laomeister","isPartOf":{"@id":"https:\/\/beta.laomeister.com\/fi\/#website"},"primaryImageOfPage":{"@id":"https:\/\/beta.laomeister.com\/fi\/toode\/lainepapist-vahelehed-1150x750mm\/#primaryimage"},"image":{"@id":"https:\/\/beta.laomeister.com\/fi\/toode\/lainepapist-vahelehed-1150x750mm\/#primaryimage"},"thumbnailUrl":"https:\/\/beta.laomeister.com\/wp-content\/uploads\/2020\/06\/papp_vahelehed_alustele_EUR.png","datePublished":"2019-09-18T09:33:48+00:00","dateModified":"2024-07-03T06:37:32+00:00","breadcrumb":{"@id":"https:\/\/beta.laomeister.com\/fi\/toode\/lainepapist-vahelehed-1150x750mm\/#breadcrumb"},"inLanguage":"fi","potentialAction":[{"@type":"ReadAction","target":["https:\/\/beta.laomeister.com\/fi\/toode\/lainepapist-vahelehed-1150x750mm\/"]}]},{"@type":"ImageObject","inLanguage":"fi","@id":"https:\/\/beta.laomeister.com\/fi\/toode\/lainepapist-vahelehed-1150x750mm\/#primaryimage","url":"https:\/\/beta.laomeister.com\/wp-content\/uploads\/2020\/06\/papp_vahelehed_alustele_EUR.png","contentUrl":"https:\/\/beta.laomeister.com\/wp-content\/uploads\/2020\/06\/papp_vahelehed_alustele_EUR.png","width":900,"height":600},{"@type":"BreadcrumbList","@id":"https:\/\/beta.laomeister.com\/fi\/toode\/lainepapist-vahelehed-1150x750mm\/#breadcrumb","itemListElement":[{"@type":"ListItem","position":1,"name":"Home","item":"https:\/\/beta.laomeister.com\/fi\/"},{"@type":"ListItem","position":2,"name":"Tuotteet","item":"https:\/\/beta.laomeister.com\/fi\/tuotteet\/"},{"@type":"ListItem","position":3,"name":"Aaltopahvista valmistetut jakajat 1150x750mm"}]},{"@type":"WebSite","@id":"https:\/\/beta.laomeister.com\/fi\/#website","url":"https:\/\/beta.laomeister.com\/fi\/","name":"Balti Laomeister","description":"Laoriiulid - m&uuml;&uuml;k ja paigaldus","potentialAction":[{"@type":"SearchAction","target":{"@type":"EntryPoint","urlTemplate":"https:\/\/beta.laomeister.com\/fi\/?s={search_term_string}"},"query-input":{"@type":"PropertyValueSpecification","valueRequired":true,"valueName":"search_term_string"}}],"inLanguage":"fi"}]}},"_links":{"self":[{"href":"https:\/\/beta.laomeister.com\/fi\/wp-json\/wp\/v2\/product\/13502","targetHints":{"allow":["GET"]}}],"collection":[{"href":"https:\/\/beta.laomeister.com\/fi\/wp-json\/wp\/v2\/product"}],"about":[{"href":"https:\/\/beta.laomeister.com\/fi\/wp-json\/wp\/v2\/types\/product"}],"wp:featuredmedia":[{"embeddable":true,"href":"https:\/\/beta.laomeister.com\/fi\/wp-json\/wp\/v2\/media\/12476"}],"wp:attachment":[{"href":"https:\/\/beta.laomeister.com\/fi\/wp-json\/wp\/v2\/media?parent=13502"}],"wp:term":[{"taxonomy":"product_brand","embeddable":true,"href":"https:\/\/beta.laomeister.com\/fi\/wp-json\/wp\/v2\/product_brand?post=13502"},{"taxonomy":"product_cat","embeddable":true,"href":"https:\/\/beta.laomeister.com\/fi\/wp-json\/wp\/v2\/product_cat?post=13502"},{"taxonomy":"product_tag","embeddable":true,"href":"https:\/\/beta.laomeister.com\/fi\/wp-json\/wp\/v2\/product_tag?post=13502"}],"curies":[{"name":"wp","href":"https:\/\/api.w.org\/{rel}","templated":true}]}}