{"id":13821,"date":"2018-12-06T10:34:59","date_gmt":"2018-12-06T07:34:59","guid":{"rendered":"https:\/\/beta.laomeister.com\/product\/tostukikorv-1000x1000-mm-kokkupandav\/"},"modified":"2024-07-03T09:51:35","modified_gmt":"2024-07-03T06:51:35","slug":"tostukikorv-1000x1000-mm-kokkupandav","status":"publish","type":"product","link":"https:\/\/beta.laomeister.com\/fi\/toode\/tostukikorv-1000x1000-mm-kokkupandav\/","title":{"rendered":"Nostokori 1000&#215;1000 mm, kokoontaitettava, I65010"},"content":{"rendered":"","protected":false},"excerpt":{"rendered":"<p>K\u00e4yt\u00e4nn\u00f6llinen kokoontaitettava nostokori. Yksi henkil\u00f6 tarvitsee 30 sekuntia kokoamiseen.<\/p>\n<p>Nostokori on suunniteltu nostamaan ihmisi\u00e4 turvallisesti trukilla. Korissa on liukumaton lattia ja py\u00f6r\u00e4t helppoa ja mukavaa kuljetusta varten. Turvallisuuden vuoksi korissa on haarukkalukot. Nostokori on ruotsalaisen standardin SS 3628 mukainen.<\/p>\n<p><strong>Lis\u00e4tietoja:<\/strong><br \/>\n&#8211; mitat: 1000&#215;1000 mm;<br \/>\n&#8211; kokonaiskorkeus: 1960 mm;<br \/>\n&#8211; korkeus koottuna: 350 mm<br \/>\n&#8211; henkil\u00f6iden enimm\u00e4ism\u00e4\u00e4r\u00e4: 1;<br \/>\n&#8211; suurin kantavuus: 300 kg;<br \/>\n&#8211; Nostokorin paino: 100 kg;<br \/>\n&#8211; Haarukkatunnelit: 220&#215;94 mm.<\/p>\n","protected":false},"featured_media":4627,"template":"","meta":[],"product_brand":[],"product_cat":[343],"product_tag":[],"class_list":{"0":"post-13821","1":"product","2":"type-product","3":"status-publish","4":"has-post-thumbnail","6":"product_cat-tostukikorvid-fi","8":"first","9":"instock","10":"taxable","11":"shipping-taxable","12":"purchasable","13":"product-type-simple"},"yoast_head":"<!-- This site is optimized with the Yoast SEO plugin v25.8 - https:\/\/yoast.com\/wordpress\/plugins\/seo\/ -->\n<title>Nostokori 1000x1000 mm, kokoontaitettava, I65010 - Balti Laomeister<\/title>\n<meta name=\"robots\" content=\"index, follow, max-snippet:-1, max-image-preview:large, max-video-preview:-1\" \/>\n<link rel=\"canonical\" href=\"https:\/\/beta.laomeister.com\/fi\/toode\/tostukikorv-1000x1000-mm-kokkupandav\/\" \/>\n<meta property=\"og:locale\" content=\"fi_FI\" \/>\n<meta property=\"og:type\" content=\"article\" \/>\n<meta property=\"og:title\" content=\"Nostokori 1000x1000 mm, kokoontaitettava, I65010 - Balti Laomeister\" \/>\n<meta property=\"og:description\" content=\"K\u00e4yt\u00e4nn\u00f6llinen kokoontaitettava nostokori. Yksi henkil\u00f6 tarvitsee 30 sekuntia kokoamiseen. Nostokori on suunniteltu nostamaan ihmisi\u00e4 turvallisesti trukilla. Korissa on liukumaton lattia ja py\u00f6r\u00e4t helppoa ja mukavaa kuljetusta varten. Turvallisuuden vuoksi korissa on haarukkalukot. Nostokori on ruotsalaisen standardin SS 3628 mukainen. Lis\u00e4tietoja: - mitat: 1000x1000 mm; - kokonaiskorkeus: 1960 mm; - korkeus koottuna: 350 mm - henkil\u00f6iden enimm\u00e4ism\u00e4\u00e4r\u00e4: 1; - suurin kantavuus: 300 kg; - Nostokorin paino: 100 kg; - Haarukkatunnelit: 220x94 mm.\" \/>\n<meta property=\"og:url\" content=\"https:\/\/beta.laomeister.com\/fi\/toode\/tostukikorv-1000x1000-mm-kokkupandav\/\" \/>\n<meta property=\"og:site_name\" content=\"Balti Laomeister\" \/>\n<meta property=\"article:modified_time\" content=\"2024-07-03T06:51:35+00:00\" \/>\n<meta property=\"og:image\" content=\"https:\/\/i0.wp.com\/www.laomeister.com\/wp-content\/uploads\/2018\/12\/Balti-Laomeister-OU\u0308-to\u0303stukikorv-AK-1000x1000.jpg?fit=600%2C600&ssl=1\" \/>\n\t<meta property=\"og:image:width\" content=\"600\" \/>\n\t<meta property=\"og:image:height\" content=\"600\" \/>\n\t<meta property=\"og:image:type\" content=\"image\/jpeg\" \/>\n<meta name=\"twitter:card\" content=\"summary_large_image\" \/>\n<script type=\"application\/ld+json\" class=\"yoast-schema-graph\">{\"@context\":\"https:\/\/schema.org\",\"@graph\":[{\"@type\":\"WebPage\",\"@id\":\"https:\/\/beta.laomeister.com\/fi\/toode\/tostukikorv-1000x1000-mm-kokkupandav\/\",\"url\":\"https:\/\/beta.laomeister.com\/fi\/toode\/tostukikorv-1000x1000-mm-kokkupandav\/\",\"name\":\"Nostokori 1000x1000 mm, kokoontaitettava, I65010 - Balti Laomeister\",\"isPartOf\":{\"@id\":\"https:\/\/beta.laomeister.com\/fi\/#website\"},\"primaryImageOfPage\":{\"@id\":\"https:\/\/beta.laomeister.com\/fi\/toode\/tostukikorv-1000x1000-mm-kokkupandav\/#primaryimage\"},\"image\":{\"@id\":\"https:\/\/beta.laomeister.com\/fi\/toode\/tostukikorv-1000x1000-mm-kokkupandav\/#primaryimage\"},\"thumbnailUrl\":\"https:\/\/beta.laomeister.com\/wp-content\/uploads\/2018\/12\/Balti-Laomeister-OU\u0308-to\u0303stukikorv-AK-1000x1000.jpg\",\"datePublished\":\"2018-12-06T07:34:59+00:00\",\"dateModified\":\"2024-07-03T06:51:35+00:00\",\"breadcrumb\":{\"@id\":\"https:\/\/beta.laomeister.com\/fi\/toode\/tostukikorv-1000x1000-mm-kokkupandav\/#breadcrumb\"},\"inLanguage\":\"fi\",\"potentialAction\":[{\"@type\":\"ReadAction\",\"target\":[\"https:\/\/beta.laomeister.com\/fi\/toode\/tostukikorv-1000x1000-mm-kokkupandav\/\"]}]},{\"@type\":\"ImageObject\",\"inLanguage\":\"fi\",\"@id\":\"https:\/\/beta.laomeister.com\/fi\/toode\/tostukikorv-1000x1000-mm-kokkupandav\/#primaryimage\",\"url\":\"https:\/\/beta.laomeister.com\/wp-content\/uploads\/2018\/12\/Balti-Laomeister-OU\u0308-to\u0303stukikorv-AK-1000x1000.jpg\",\"contentUrl\":\"https:\/\/beta.laomeister.com\/wp-content\/uploads\/2018\/12\/Balti-Laomeister-OU\u0308-to\u0303stukikorv-AK-1000x1000.jpg\",\"width\":600,\"height\":600,\"caption\":\"to\u0303stukikorv\"},{\"@type\":\"BreadcrumbList\",\"@id\":\"https:\/\/beta.laomeister.com\/fi\/toode\/tostukikorv-1000x1000-mm-kokkupandav\/#breadcrumb\",\"itemListElement\":[{\"@type\":\"ListItem\",\"position\":1,\"name\":\"Home\",\"item\":\"https:\/\/beta.laomeister.com\/fi\/\"},{\"@type\":\"ListItem\",\"position\":2,\"name\":\"Tuotteet\",\"item\":\"https:\/\/beta.laomeister.com\/fi\/tuotteet\/\"},{\"@type\":\"ListItem\",\"position\":3,\"name\":\"Nostokori 1000&#215;1000 mm, kokoontaitettava, I65010\"}]},{\"@type\":\"WebSite\",\"@id\":\"https:\/\/beta.laomeister.com\/fi\/#website\",\"url\":\"https:\/\/beta.laomeister.com\/fi\/\",\"name\":\"Balti Laomeister\",\"description\":\"Laoriiulid - m&uuml;&uuml;k ja paigaldus\",\"potentialAction\":[{\"@type\":\"SearchAction\",\"target\":{\"@type\":\"EntryPoint\",\"urlTemplate\":\"https:\/\/beta.laomeister.com\/fi\/?s={search_term_string}\"},\"query-input\":{\"@type\":\"PropertyValueSpecification\",\"valueRequired\":true,\"valueName\":\"search_term_string\"}}],\"inLanguage\":\"fi\"}]}<\/script>\n<!-- \/ Yoast SEO plugin. -->","yoast_head_json":{"title":"Nostokori 1000x1000 mm, kokoontaitettava, I65010 - Balti Laomeister","robots":{"index":"index","follow":"follow","max-snippet":"max-snippet:-1","max-image-preview":"max-image-preview:large","max-video-preview":"max-video-preview:-1"},"canonical":"https:\/\/beta.laomeister.com\/fi\/toode\/tostukikorv-1000x1000-mm-kokkupandav\/","og_locale":"fi_FI","og_type":"article","og_title":"Nostokori 1000x1000 mm, kokoontaitettava, I65010 - Balti Laomeister","og_description":"K\u00e4yt\u00e4nn\u00f6llinen kokoontaitettava nostokori. Yksi henkil\u00f6 tarvitsee 30 sekuntia kokoamiseen. Nostokori on suunniteltu nostamaan ihmisi\u00e4 turvallisesti trukilla. Korissa on liukumaton lattia ja py\u00f6r\u00e4t helppoa ja mukavaa kuljetusta varten. Turvallisuuden vuoksi korissa on haarukkalukot. Nostokori on ruotsalaisen standardin SS 3628 mukainen. Lis\u00e4tietoja: - mitat: 1000x1000 mm; - kokonaiskorkeus: 1960 mm; - korkeus koottuna: 350 mm - henkil\u00f6iden enimm\u00e4ism\u00e4\u00e4r\u00e4: 1; - suurin kantavuus: 300 kg; - Nostokorin paino: 100 kg; - Haarukkatunnelit: 220x94 mm.","og_url":"https:\/\/beta.laomeister.com\/fi\/toode\/tostukikorv-1000x1000-mm-kokkupandav\/","og_site_name":"Balti Laomeister","article_modified_time":"2024-07-03T06:51:35+00:00","og_image":[{"width":600,"height":600,"url":"https:\/\/i0.wp.com\/www.laomeister.com\/wp-content\/uploads\/2018\/12\/Balti-Laomeister-OU\u0308-to\u0303stukikorv-AK-1000x1000.jpg?fit=600%2C600&ssl=1","type":"image\/jpeg"}],"twitter_card":"summary_large_image","schema":{"@context":"https:\/\/schema.org","@graph":[{"@type":"WebPage","@id":"https:\/\/beta.laomeister.com\/fi\/toode\/tostukikorv-1000x1000-mm-kokkupandav\/","url":"https:\/\/beta.laomeister.com\/fi\/toode\/tostukikorv-1000x1000-mm-kokkupandav\/","name":"Nostokori 1000x1000 mm, kokoontaitettava, I65010 - Balti Laomeister","isPartOf":{"@id":"https:\/\/beta.laomeister.com\/fi\/#website"},"primaryImageOfPage":{"@id":"https:\/\/beta.laomeister.com\/fi\/toode\/tostukikorv-1000x1000-mm-kokkupandav\/#primaryimage"},"image":{"@id":"https:\/\/beta.laomeister.com\/fi\/toode\/tostukikorv-1000x1000-mm-kokkupandav\/#primaryimage"},"thumbnailUrl":"https:\/\/beta.laomeister.com\/wp-content\/uploads\/2018\/12\/Balti-Laomeister-OU\u0308-to\u0303stukikorv-AK-1000x1000.jpg","datePublished":"2018-12-06T07:34:59+00:00","dateModified":"2024-07-03T06:51:35+00:00","breadcrumb":{"@id":"https:\/\/beta.laomeister.com\/fi\/toode\/tostukikorv-1000x1000-mm-kokkupandav\/#breadcrumb"},"inLanguage":"fi","potentialAction":[{"@type":"ReadAction","target":["https:\/\/beta.laomeister.com\/fi\/toode\/tostukikorv-1000x1000-mm-kokkupandav\/"]}]},{"@type":"ImageObject","inLanguage":"fi","@id":"https:\/\/beta.laomeister.com\/fi\/toode\/tostukikorv-1000x1000-mm-kokkupandav\/#primaryimage","url":"https:\/\/beta.laomeister.com\/wp-content\/uploads\/2018\/12\/Balti-Laomeister-OU\u0308-to\u0303stukikorv-AK-1000x1000.jpg","contentUrl":"https:\/\/beta.laomeister.com\/wp-content\/uploads\/2018\/12\/Balti-Laomeister-OU\u0308-to\u0303stukikorv-AK-1000x1000.jpg","width":600,"height":600,"caption":"to\u0303stukikorv"},{"@type":"BreadcrumbList","@id":"https:\/\/beta.laomeister.com\/fi\/toode\/tostukikorv-1000x1000-mm-kokkupandav\/#breadcrumb","itemListElement":[{"@type":"ListItem","position":1,"name":"Home","item":"https:\/\/beta.laomeister.com\/fi\/"},{"@type":"ListItem","position":2,"name":"Tuotteet","item":"https:\/\/beta.laomeister.com\/fi\/tuotteet\/"},{"@type":"ListItem","position":3,"name":"Nostokori 1000&#215;1000 mm, kokoontaitettava, I65010"}]},{"@type":"WebSite","@id":"https:\/\/beta.laomeister.com\/fi\/#website","url":"https:\/\/beta.laomeister.com\/fi\/","name":"Balti Laomeister","description":"Laoriiulid - m&uuml;&uuml;k ja paigaldus","potentialAction":[{"@type":"SearchAction","target":{"@type":"EntryPoint","urlTemplate":"https:\/\/beta.laomeister.com\/fi\/?s={search_term_string}"},"query-input":{"@type":"PropertyValueSpecification","valueRequired":true,"valueName":"search_term_string"}}],"inLanguage":"fi"}]}},"_links":{"self":[{"href":"https:\/\/beta.laomeister.com\/fi\/wp-json\/wp\/v2\/product\/13821","targetHints":{"allow":["GET"]}}],"collection":[{"href":"https:\/\/beta.laomeister.com\/fi\/wp-json\/wp\/v2\/product"}],"about":[{"href":"https:\/\/beta.laomeister.com\/fi\/wp-json\/wp\/v2\/types\/product"}],"wp:featuredmedia":[{"embeddable":true,"href":"https:\/\/beta.laomeister.com\/fi\/wp-json\/wp\/v2\/media\/4627"}],"wp:attachment":[{"href":"https:\/\/beta.laomeister.com\/fi\/wp-json\/wp\/v2\/media?parent=13821"}],"wp:term":[{"taxonomy":"product_brand","embeddable":true,"href":"https:\/\/beta.laomeister.com\/fi\/wp-json\/wp\/v2\/product_brand?post=13821"},{"taxonomy":"product_cat","embeddable":true,"href":"https:\/\/beta.laomeister.com\/fi\/wp-json\/wp\/v2\/product_cat?post=13821"},{"taxonomy":"product_tag","embeddable":true,"href":"https:\/\/beta.laomeister.com\/fi\/wp-json\/wp\/v2\/product_tag?post=13821"}],"curies":[{"name":"wp","href":"https:\/\/api.w.org\/{rel}","templated":true}]}}