{"id":13854,"date":"2018-11-28T11:14:33","date_gmt":"2018-11-28T08:14:33","guid":{"rendered":"https:\/\/beta.laomeister.com\/product\/informatsiooni-hoidja-ia\/"},"modified":"2024-07-03T09:50:12","modified_gmt":"2024-07-03T06:50:12","slug":"informatsiooni-hoidja-ia","status":"publish","type":"product","link":"https:\/\/beta.laomeister.com\/fi\/toode\/informatsiooni-hoidja-ia\/","title":{"rendered":"Tietojen haltija IA"},"content":{"rendered":"","protected":false},"excerpt":{"rendered":"<p>Perinteinen tietovarasto IA ja IAM<\/p>\n<p>N\u00e4m\u00e4 etikettien pidikkeet on suunniteltu suojaamaan etikettej\u00e4 lialta ja auttamaan etikettien kestoa pidemp\u00e4\u00e4n.<\/p>\n<p>Kiinnitysmenetelm\u00e4: 2 vaihtoehtoa liima tai magneetti! Mitat: leveys x korkeus<\/p>\n<p>&#8211; 105\u00d7150 mm liimalla 2,55+km EUR kappale, magneetilla 2,85+km EUR kappale.<br \/>\n&#8211; 150\u00d7105 mm liimalla 2,55+km EUR kappale, magneetilla 2,85+km EUR kappale.<br \/>\n&#8211; 150\u00d7210 mm liimalla 2,7+km EUR kappale, magneetilla 3,1+km EUR kappale.<br \/>\n&#8211; 210\u00d7150 mm liimalla 2,7+km EUR kpl, magneetilla 3,1+km EUR kpl.<br \/>\n&#8211; 210\u00d7300 mm liimalla 3,2+km EUR kappale, magneetilla 3,85+km EUR kappale.<br \/>\n&#8211; 300\u00d7210 mm liimalla 3,2+km EUR kappale, magneetilla 3,85+km EUR kappale.<br \/>\n&#8211; 300\u00d7420 mm liimalla 4,6+km EUR kappale, magneetilla 5,8+km EUR kappale.<\/p>\n<p>&#8211; 420\u00d7300 mm liimalla 4,6+km EUR kappale, magneetilla 5,8+km EUR kappale.<\/p>\n<p>NB! Mitat kuvaavat pidikkeeseen mahtuvan tunnisteen kokoa, eiv\u00e4t itse pidikkeen kokoa!<\/p>\n","protected":false},"featured_media":4501,"template":"","meta":[],"product_brand":[],"product_cat":[699,331],"product_tag":[],"class_list":{"0":"post-13854","1":"product","2":"type-product","3":"status-publish","4":"has-post-thumbnail","6":"product_cat-sildihoidjadad","7":"product_cat-sildihoidjad-fi","9":"first","10":"instock","11":"taxable","12":"shipping-taxable","13":"purchasable","14":"product-type-simple"},"yoast_head":"<!-- This site is optimized with the Yoast SEO plugin v25.8 - https:\/\/yoast.com\/wordpress\/plugins\/seo\/ -->\n<title>Tietojen haltija IA - Balti Laomeister<\/title>\n<meta name=\"robots\" content=\"index, follow, max-snippet:-1, max-image-preview:large, max-video-preview:-1\" \/>\n<link rel=\"canonical\" href=\"https:\/\/beta.laomeister.com\/fi\/toode\/informatsiooni-hoidja-ia\/\" \/>\n<meta property=\"og:locale\" content=\"fi_FI\" \/>\n<meta property=\"og:type\" content=\"article\" \/>\n<meta property=\"og:title\" content=\"Tietojen haltija IA - Balti Laomeister\" \/>\n<meta property=\"og:description\" content=\"Perinteinen tietovarasto IA ja IAM N\u00e4m\u00e4 etikettien pidikkeet on suunniteltu suojaamaan etikettej\u00e4 lialta ja auttamaan etikettien kestoa pidemp\u00e4\u00e4n. Kiinnitysmenetelm\u00e4: 2 vaihtoehtoa liima tai magneetti! Mitat: leveys x korkeus - 105\u00d7150 mm liimalla 2,55+km EUR kappale, magneetilla 2,85+km EUR kappale. - 150\u00d7105 mm liimalla 2,55+km EUR kappale, magneetilla 2,85+km EUR kappale. - 150\u00d7210 mm liimalla 2,7+km EUR kappale, magneetilla 3,1+km EUR kappale. - 210\u00d7150 mm liimalla 2,7+km EUR kpl, magneetilla 3,1+km EUR kpl. - 210\u00d7300 mm liimalla 3,2+km EUR kappale, magneetilla 3,85+km EUR kappale. - 300\u00d7210 mm liimalla 3,2+km EUR kappale, magneetilla 3,85+km EUR kappale. - 300\u00d7420 mm liimalla 4,6+km EUR kappale, magneetilla 5,8+km EUR kappale. - 420\u00d7300 mm liimalla 4,6+km EUR kappale, magneetilla 5,8+km EUR kappale. NB! Mitat kuvaavat pidikkeeseen mahtuvan tunnisteen kokoa, eiv\u00e4t itse pidikkeen kokoa!\" \/>\n<meta property=\"og:url\" content=\"https:\/\/beta.laomeister.com\/fi\/toode\/informatsiooni-hoidja-ia\/\" \/>\n<meta property=\"og:site_name\" content=\"Balti Laomeister\" \/>\n<meta property=\"article:modified_time\" content=\"2024-07-03T06:50:12+00:00\" \/>\n<meta property=\"og:image\" content=\"https:\/\/i0.wp.com\/www.laomeister.com\/wp-content\/uploads\/2018\/11\/informatsiooni-hoidja-IA.jpg?fit=1861%2C1861&ssl=1\" \/>\n\t<meta property=\"og:image:width\" content=\"1861\" \/>\n\t<meta property=\"og:image:height\" content=\"1861\" \/>\n\t<meta property=\"og:image:type\" content=\"image\/jpeg\" \/>\n<meta name=\"twitter:card\" content=\"summary_large_image\" \/>\n<script type=\"application\/ld+json\" class=\"yoast-schema-graph\">{\"@context\":\"https:\/\/schema.org\",\"@graph\":[{\"@type\":\"WebPage\",\"@id\":\"https:\/\/beta.laomeister.com\/fi\/toode\/informatsiooni-hoidja-ia\/\",\"url\":\"https:\/\/beta.laomeister.com\/fi\/toode\/informatsiooni-hoidja-ia\/\",\"name\":\"Tietojen haltija IA - Balti Laomeister\",\"isPartOf\":{\"@id\":\"https:\/\/beta.laomeister.com\/fi\/#website\"},\"primaryImageOfPage\":{\"@id\":\"https:\/\/beta.laomeister.com\/fi\/toode\/informatsiooni-hoidja-ia\/#primaryimage\"},\"image\":{\"@id\":\"https:\/\/beta.laomeister.com\/fi\/toode\/informatsiooni-hoidja-ia\/#primaryimage\"},\"thumbnailUrl\":\"https:\/\/beta.laomeister.com\/wp-content\/uploads\/2018\/11\/informatsiooni-hoidja-IA.jpg\",\"datePublished\":\"2018-11-28T08:14:33+00:00\",\"dateModified\":\"2024-07-03T06:50:12+00:00\",\"breadcrumb\":{\"@id\":\"https:\/\/beta.laomeister.com\/fi\/toode\/informatsiooni-hoidja-ia\/#breadcrumb\"},\"inLanguage\":\"fi\",\"potentialAction\":[{\"@type\":\"ReadAction\",\"target\":[\"https:\/\/beta.laomeister.com\/fi\/toode\/informatsiooni-hoidja-ia\/\"]}]},{\"@type\":\"ImageObject\",\"inLanguage\":\"fi\",\"@id\":\"https:\/\/beta.laomeister.com\/fi\/toode\/informatsiooni-hoidja-ia\/#primaryimage\",\"url\":\"https:\/\/beta.laomeister.com\/wp-content\/uploads\/2018\/11\/informatsiooni-hoidja-IA.jpg\",\"contentUrl\":\"https:\/\/beta.laomeister.com\/wp-content\/uploads\/2018\/11\/informatsiooni-hoidja-IA.jpg\",\"width\":1861,\"height\":1861,\"caption\":\"informatsiooni hoidja\"},{\"@type\":\"BreadcrumbList\",\"@id\":\"https:\/\/beta.laomeister.com\/fi\/toode\/informatsiooni-hoidja-ia\/#breadcrumb\",\"itemListElement\":[{\"@type\":\"ListItem\",\"position\":1,\"name\":\"Home\",\"item\":\"https:\/\/beta.laomeister.com\/fi\/\"},{\"@type\":\"ListItem\",\"position\":2,\"name\":\"Tuotteet\",\"item\":\"https:\/\/beta.laomeister.com\/fi\/tuotteet\/\"},{\"@type\":\"ListItem\",\"position\":3,\"name\":\"Tietojen haltija IA\"}]},{\"@type\":\"WebSite\",\"@id\":\"https:\/\/beta.laomeister.com\/fi\/#website\",\"url\":\"https:\/\/beta.laomeister.com\/fi\/\",\"name\":\"Balti Laomeister\",\"description\":\"Laoriiulid - m&uuml;&uuml;k ja paigaldus\",\"potentialAction\":[{\"@type\":\"SearchAction\",\"target\":{\"@type\":\"EntryPoint\",\"urlTemplate\":\"https:\/\/beta.laomeister.com\/fi\/?s={search_term_string}\"},\"query-input\":{\"@type\":\"PropertyValueSpecification\",\"valueRequired\":true,\"valueName\":\"search_term_string\"}}],\"inLanguage\":\"fi\"}]}<\/script>\n<!-- \/ Yoast SEO plugin. -->","yoast_head_json":{"title":"Tietojen haltija IA - Balti Laomeister","robots":{"index":"index","follow":"follow","max-snippet":"max-snippet:-1","max-image-preview":"max-image-preview:large","max-video-preview":"max-video-preview:-1"},"canonical":"https:\/\/beta.laomeister.com\/fi\/toode\/informatsiooni-hoidja-ia\/","og_locale":"fi_FI","og_type":"article","og_title":"Tietojen haltija IA - Balti Laomeister","og_description":"Perinteinen tietovarasto IA ja IAM N\u00e4m\u00e4 etikettien pidikkeet on suunniteltu suojaamaan etikettej\u00e4 lialta ja auttamaan etikettien kestoa pidemp\u00e4\u00e4n. Kiinnitysmenetelm\u00e4: 2 vaihtoehtoa liima tai magneetti! Mitat: leveys x korkeus - 105\u00d7150 mm liimalla 2,55+km EUR kappale, magneetilla 2,85+km EUR kappale. - 150\u00d7105 mm liimalla 2,55+km EUR kappale, magneetilla 2,85+km EUR kappale. - 150\u00d7210 mm liimalla 2,7+km EUR kappale, magneetilla 3,1+km EUR kappale. - 210\u00d7150 mm liimalla 2,7+km EUR kpl, magneetilla 3,1+km EUR kpl. - 210\u00d7300 mm liimalla 3,2+km EUR kappale, magneetilla 3,85+km EUR kappale. - 300\u00d7210 mm liimalla 3,2+km EUR kappale, magneetilla 3,85+km EUR kappale. - 300\u00d7420 mm liimalla 4,6+km EUR kappale, magneetilla 5,8+km EUR kappale. - 420\u00d7300 mm liimalla 4,6+km EUR kappale, magneetilla 5,8+km EUR kappale. NB! Mitat kuvaavat pidikkeeseen mahtuvan tunnisteen kokoa, eiv\u00e4t itse pidikkeen kokoa!","og_url":"https:\/\/beta.laomeister.com\/fi\/toode\/informatsiooni-hoidja-ia\/","og_site_name":"Balti Laomeister","article_modified_time":"2024-07-03T06:50:12+00:00","og_image":[{"width":1861,"height":1861,"url":"https:\/\/i0.wp.com\/www.laomeister.com\/wp-content\/uploads\/2018\/11\/informatsiooni-hoidja-IA.jpg?fit=1861%2C1861&ssl=1","type":"image\/jpeg"}],"twitter_card":"summary_large_image","schema":{"@context":"https:\/\/schema.org","@graph":[{"@type":"WebPage","@id":"https:\/\/beta.laomeister.com\/fi\/toode\/informatsiooni-hoidja-ia\/","url":"https:\/\/beta.laomeister.com\/fi\/toode\/informatsiooni-hoidja-ia\/","name":"Tietojen haltija IA - Balti Laomeister","isPartOf":{"@id":"https:\/\/beta.laomeister.com\/fi\/#website"},"primaryImageOfPage":{"@id":"https:\/\/beta.laomeister.com\/fi\/toode\/informatsiooni-hoidja-ia\/#primaryimage"},"image":{"@id":"https:\/\/beta.laomeister.com\/fi\/toode\/informatsiooni-hoidja-ia\/#primaryimage"},"thumbnailUrl":"https:\/\/beta.laomeister.com\/wp-content\/uploads\/2018\/11\/informatsiooni-hoidja-IA.jpg","datePublished":"2018-11-28T08:14:33+00:00","dateModified":"2024-07-03T06:50:12+00:00","breadcrumb":{"@id":"https:\/\/beta.laomeister.com\/fi\/toode\/informatsiooni-hoidja-ia\/#breadcrumb"},"inLanguage":"fi","potentialAction":[{"@type":"ReadAction","target":["https:\/\/beta.laomeister.com\/fi\/toode\/informatsiooni-hoidja-ia\/"]}]},{"@type":"ImageObject","inLanguage":"fi","@id":"https:\/\/beta.laomeister.com\/fi\/toode\/informatsiooni-hoidja-ia\/#primaryimage","url":"https:\/\/beta.laomeister.com\/wp-content\/uploads\/2018\/11\/informatsiooni-hoidja-IA.jpg","contentUrl":"https:\/\/beta.laomeister.com\/wp-content\/uploads\/2018\/11\/informatsiooni-hoidja-IA.jpg","width":1861,"height":1861,"caption":"informatsiooni hoidja"},{"@type":"BreadcrumbList","@id":"https:\/\/beta.laomeister.com\/fi\/toode\/informatsiooni-hoidja-ia\/#breadcrumb","itemListElement":[{"@type":"ListItem","position":1,"name":"Home","item":"https:\/\/beta.laomeister.com\/fi\/"},{"@type":"ListItem","position":2,"name":"Tuotteet","item":"https:\/\/beta.laomeister.com\/fi\/tuotteet\/"},{"@type":"ListItem","position":3,"name":"Tietojen haltija IA"}]},{"@type":"WebSite","@id":"https:\/\/beta.laomeister.com\/fi\/#website","url":"https:\/\/beta.laomeister.com\/fi\/","name":"Balti Laomeister","description":"Laoriiulid - m&uuml;&uuml;k ja paigaldus","potentialAction":[{"@type":"SearchAction","target":{"@type":"EntryPoint","urlTemplate":"https:\/\/beta.laomeister.com\/fi\/?s={search_term_string}"},"query-input":{"@type":"PropertyValueSpecification","valueRequired":true,"valueName":"search_term_string"}}],"inLanguage":"fi"}]}},"_links":{"self":[{"href":"https:\/\/beta.laomeister.com\/fi\/wp-json\/wp\/v2\/product\/13854","targetHints":{"allow":["GET"]}}],"collection":[{"href":"https:\/\/beta.laomeister.com\/fi\/wp-json\/wp\/v2\/product"}],"about":[{"href":"https:\/\/beta.laomeister.com\/fi\/wp-json\/wp\/v2\/types\/product"}],"wp:featuredmedia":[{"embeddable":true,"href":"https:\/\/beta.laomeister.com\/fi\/wp-json\/wp\/v2\/media\/4501"}],"wp:attachment":[{"href":"https:\/\/beta.laomeister.com\/fi\/wp-json\/wp\/v2\/media?parent=13854"}],"wp:term":[{"taxonomy":"product_brand","embeddable":true,"href":"https:\/\/beta.laomeister.com\/fi\/wp-json\/wp\/v2\/product_brand?post=13854"},{"taxonomy":"product_cat","embeddable":true,"href":"https:\/\/beta.laomeister.com\/fi\/wp-json\/wp\/v2\/product_cat?post=13854"},{"taxonomy":"product_tag","embeddable":true,"href":"https:\/\/beta.laomeister.com\/fi\/wp-json\/wp\/v2\/product_tag?post=13854"}],"curies":[{"name":"wp","href":"https:\/\/api.w.org\/{rel}","templated":true}]}}