{"id":13892,"date":"2018-11-27T16:07:11","date_gmt":"2018-11-27T13:07:11","guid":{"rendered":"https:\/\/beta.laomeister.com\/product\/sildihoidja-riiulile-ehv\/"},"modified":"2024-07-03T09:49:38","modified_gmt":"2024-07-03T06:49:38","slug":"sildihoidja-riiulile-ehv","status":"publish","type":"product","link":"https:\/\/beta.laomeister.com\/fi\/toode\/sildihoidja-riiulile-ehv\/","title":{"rendered":"Tarranpidike hyllylle EHV"},"content":{"rendered":"","protected":false},"excerpt":{"rendered":"<p>EHV-tunnisteen pidike on 45\u00b0:n kulmassa, mik\u00e4 takaa hyv\u00e4n n\u00e4kyvyyden sek\u00e4 korkealla ett\u00e4 matalalla asennettuna.<\/p>\n<p>Kiinnitysmenetelm\u00e4: liima.<\/p>\n<p>Mitat ja hinnat:<\/p>\n<p>&#8211; 100&#215;26 mm hintaan 0,65+km kappaleelta.<br \/>\n&#8211; 100&#215;39 mm hintaan 0,75+km kukin.<br \/>\n&#8211; 105&#215;26 mm hintaan 0,70+km kappaleelta.<br \/>\n&#8211; 105&#215;39 mm hintaan 0,75+km kukin.<br \/>\n&#8211; 840&#215;26 mm, hinta 2,65+km kappaleelta<br \/>\n&#8211; 840&#215;39 mm, hinta 2,90+km kappaleelta<br \/>\n&#8211; 940&#215;26 mm hinta 2,90+km kukin<br \/>\n&#8211; 940&#215;39 mm hintaan 3,20+km kappaleelta.<br \/>\n&#8211; 1230&#215;26 mm hintaan 3,35+km kappaleelta.<br \/>\n&#8211; 1230&#215;39 mm hintaan 3,75+km kappaleelta.<\/p>\n","protected":false},"featured_media":4396,"template":"","meta":[],"product_brand":[],"product_cat":[699,331],"product_tag":[],"class_list":{"0":"post-13892","1":"product","2":"type-product","3":"status-publish","4":"has-post-thumbnail","6":"product_cat-sildihoidjadad","7":"product_cat-sildihoidjad-fi","9":"first","10":"instock","11":"taxable","12":"shipping-taxable","13":"purchasable","14":"product-type-simple"},"yoast_head":"<!-- This site is optimized with the Yoast SEO plugin v25.8 - https:\/\/yoast.com\/wordpress\/plugins\/seo\/ -->\n<title>Tarranpidike hyllylle EHV - Balti Laomeister<\/title>\n<meta name=\"robots\" content=\"index, follow, max-snippet:-1, max-image-preview:large, max-video-preview:-1\" \/>\n<link rel=\"canonical\" href=\"https:\/\/beta.laomeister.com\/fi\/toode\/sildihoidja-riiulile-ehv\/\" \/>\n<meta property=\"og:locale\" content=\"fi_FI\" \/>\n<meta property=\"og:type\" content=\"article\" \/>\n<meta property=\"og:title\" content=\"Tarranpidike hyllylle EHV - Balti Laomeister\" \/>\n<meta property=\"og:description\" content=\"EHV-tunnisteen pidike on 45\u00b0:n kulmassa, mik\u00e4 takaa hyv\u00e4n n\u00e4kyvyyden sek\u00e4 korkealla ett\u00e4 matalalla asennettuna. Kiinnitysmenetelm\u00e4: liima. Mitat ja hinnat: - 100x26 mm hintaan 0,65+km kappaleelta. - 100x39 mm hintaan 0,75+km kukin. - 105x26 mm hintaan 0,70+km kappaleelta. - 105x39 mm hintaan 0,75+km kukin. - 840x26 mm, hinta 2,65+km kappaleelta - 840x39 mm, hinta 2,90+km kappaleelta - 940x26 mm hinta 2,90+km kukin - 940x39 mm hintaan 3,20+km kappaleelta. - 1230x26 mm hintaan 3,35+km kappaleelta. - 1230x39 mm hintaan 3,75+km kappaleelta.\" \/>\n<meta property=\"og:url\" content=\"https:\/\/beta.laomeister.com\/fi\/toode\/sildihoidja-riiulile-ehv\/\" \/>\n<meta property=\"og:site_name\" content=\"Balti Laomeister\" \/>\n<meta property=\"article:modified_time\" content=\"2024-07-03T06:49:38+00:00\" \/>\n<meta property=\"og:image\" content=\"https:\/\/i0.wp.com\/www.laomeister.com\/wp-content\/uploads\/2018\/11\/Sildihoidja-riiulile-EHV.jpg?fit=986%2C986&ssl=1\" \/>\n\t<meta property=\"og:image:width\" content=\"986\" \/>\n\t<meta property=\"og:image:height\" content=\"986\" \/>\n\t<meta property=\"og:image:type\" content=\"image\/jpeg\" \/>\n<meta name=\"twitter:card\" content=\"summary_large_image\" \/>\n<script type=\"application\/ld+json\" class=\"yoast-schema-graph\">{\"@context\":\"https:\/\/schema.org\",\"@graph\":[{\"@type\":\"WebPage\",\"@id\":\"https:\/\/beta.laomeister.com\/fi\/toode\/sildihoidja-riiulile-ehv\/\",\"url\":\"https:\/\/beta.laomeister.com\/fi\/toode\/sildihoidja-riiulile-ehv\/\",\"name\":\"Tarranpidike hyllylle EHV - Balti Laomeister\",\"isPartOf\":{\"@id\":\"https:\/\/beta.laomeister.com\/fi\/#website\"},\"primaryImageOfPage\":{\"@id\":\"https:\/\/beta.laomeister.com\/fi\/toode\/sildihoidja-riiulile-ehv\/#primaryimage\"},\"image\":{\"@id\":\"https:\/\/beta.laomeister.com\/fi\/toode\/sildihoidja-riiulile-ehv\/#primaryimage\"},\"thumbnailUrl\":\"https:\/\/beta.laomeister.com\/wp-content\/uploads\/2018\/11\/Sildihoidja-riiulile-EHV.jpg\",\"datePublished\":\"2018-11-27T13:07:11+00:00\",\"dateModified\":\"2024-07-03T06:49:38+00:00\",\"breadcrumb\":{\"@id\":\"https:\/\/beta.laomeister.com\/fi\/toode\/sildihoidja-riiulile-ehv\/#breadcrumb\"},\"inLanguage\":\"fi\",\"potentialAction\":[{\"@type\":\"ReadAction\",\"target\":[\"https:\/\/beta.laomeister.com\/fi\/toode\/sildihoidja-riiulile-ehv\/\"]}]},{\"@type\":\"ImageObject\",\"inLanguage\":\"fi\",\"@id\":\"https:\/\/beta.laomeister.com\/fi\/toode\/sildihoidja-riiulile-ehv\/#primaryimage\",\"url\":\"https:\/\/beta.laomeister.com\/wp-content\/uploads\/2018\/11\/Sildihoidja-riiulile-EHV.jpg\",\"contentUrl\":\"https:\/\/beta.laomeister.com\/wp-content\/uploads\/2018\/11\/Sildihoidja-riiulile-EHV.jpg\",\"width\":986,\"height\":986,\"caption\":\"sildihoidja\"},{\"@type\":\"BreadcrumbList\",\"@id\":\"https:\/\/beta.laomeister.com\/fi\/toode\/sildihoidja-riiulile-ehv\/#breadcrumb\",\"itemListElement\":[{\"@type\":\"ListItem\",\"position\":1,\"name\":\"Home\",\"item\":\"https:\/\/beta.laomeister.com\/fi\/\"},{\"@type\":\"ListItem\",\"position\":2,\"name\":\"Tuotteet\",\"item\":\"https:\/\/beta.laomeister.com\/fi\/tuotteet\/\"},{\"@type\":\"ListItem\",\"position\":3,\"name\":\"Tarranpidike hyllylle EHV\"}]},{\"@type\":\"WebSite\",\"@id\":\"https:\/\/beta.laomeister.com\/fi\/#website\",\"url\":\"https:\/\/beta.laomeister.com\/fi\/\",\"name\":\"Balti Laomeister\",\"description\":\"Laoriiulid - m&uuml;&uuml;k ja paigaldus\",\"potentialAction\":[{\"@type\":\"SearchAction\",\"target\":{\"@type\":\"EntryPoint\",\"urlTemplate\":\"https:\/\/beta.laomeister.com\/fi\/?s={search_term_string}\"},\"query-input\":{\"@type\":\"PropertyValueSpecification\",\"valueRequired\":true,\"valueName\":\"search_term_string\"}}],\"inLanguage\":\"fi\"}]}<\/script>\n<!-- \/ Yoast SEO plugin. -->","yoast_head_json":{"title":"Tarranpidike hyllylle EHV - Balti Laomeister","robots":{"index":"index","follow":"follow","max-snippet":"max-snippet:-1","max-image-preview":"max-image-preview:large","max-video-preview":"max-video-preview:-1"},"canonical":"https:\/\/beta.laomeister.com\/fi\/toode\/sildihoidja-riiulile-ehv\/","og_locale":"fi_FI","og_type":"article","og_title":"Tarranpidike hyllylle EHV - Balti Laomeister","og_description":"EHV-tunnisteen pidike on 45\u00b0:n kulmassa, mik\u00e4 takaa hyv\u00e4n n\u00e4kyvyyden sek\u00e4 korkealla ett\u00e4 matalalla asennettuna. Kiinnitysmenetelm\u00e4: liima. Mitat ja hinnat: - 100x26 mm hintaan 0,65+km kappaleelta. - 100x39 mm hintaan 0,75+km kukin. - 105x26 mm hintaan 0,70+km kappaleelta. - 105x39 mm hintaan 0,75+km kukin. - 840x26 mm, hinta 2,65+km kappaleelta - 840x39 mm, hinta 2,90+km kappaleelta - 940x26 mm hinta 2,90+km kukin - 940x39 mm hintaan 3,20+km kappaleelta. - 1230x26 mm hintaan 3,35+km kappaleelta. - 1230x39 mm hintaan 3,75+km kappaleelta.","og_url":"https:\/\/beta.laomeister.com\/fi\/toode\/sildihoidja-riiulile-ehv\/","og_site_name":"Balti Laomeister","article_modified_time":"2024-07-03T06:49:38+00:00","og_image":[{"width":986,"height":986,"url":"https:\/\/i0.wp.com\/www.laomeister.com\/wp-content\/uploads\/2018\/11\/Sildihoidja-riiulile-EHV.jpg?fit=986%2C986&ssl=1","type":"image\/jpeg"}],"twitter_card":"summary_large_image","schema":{"@context":"https:\/\/schema.org","@graph":[{"@type":"WebPage","@id":"https:\/\/beta.laomeister.com\/fi\/toode\/sildihoidja-riiulile-ehv\/","url":"https:\/\/beta.laomeister.com\/fi\/toode\/sildihoidja-riiulile-ehv\/","name":"Tarranpidike hyllylle EHV - Balti Laomeister","isPartOf":{"@id":"https:\/\/beta.laomeister.com\/fi\/#website"},"primaryImageOfPage":{"@id":"https:\/\/beta.laomeister.com\/fi\/toode\/sildihoidja-riiulile-ehv\/#primaryimage"},"image":{"@id":"https:\/\/beta.laomeister.com\/fi\/toode\/sildihoidja-riiulile-ehv\/#primaryimage"},"thumbnailUrl":"https:\/\/beta.laomeister.com\/wp-content\/uploads\/2018\/11\/Sildihoidja-riiulile-EHV.jpg","datePublished":"2018-11-27T13:07:11+00:00","dateModified":"2024-07-03T06:49:38+00:00","breadcrumb":{"@id":"https:\/\/beta.laomeister.com\/fi\/toode\/sildihoidja-riiulile-ehv\/#breadcrumb"},"inLanguage":"fi","potentialAction":[{"@type":"ReadAction","target":["https:\/\/beta.laomeister.com\/fi\/toode\/sildihoidja-riiulile-ehv\/"]}]},{"@type":"ImageObject","inLanguage":"fi","@id":"https:\/\/beta.laomeister.com\/fi\/toode\/sildihoidja-riiulile-ehv\/#primaryimage","url":"https:\/\/beta.laomeister.com\/wp-content\/uploads\/2018\/11\/Sildihoidja-riiulile-EHV.jpg","contentUrl":"https:\/\/beta.laomeister.com\/wp-content\/uploads\/2018\/11\/Sildihoidja-riiulile-EHV.jpg","width":986,"height":986,"caption":"sildihoidja"},{"@type":"BreadcrumbList","@id":"https:\/\/beta.laomeister.com\/fi\/toode\/sildihoidja-riiulile-ehv\/#breadcrumb","itemListElement":[{"@type":"ListItem","position":1,"name":"Home","item":"https:\/\/beta.laomeister.com\/fi\/"},{"@type":"ListItem","position":2,"name":"Tuotteet","item":"https:\/\/beta.laomeister.com\/fi\/tuotteet\/"},{"@type":"ListItem","position":3,"name":"Tarranpidike hyllylle EHV"}]},{"@type":"WebSite","@id":"https:\/\/beta.laomeister.com\/fi\/#website","url":"https:\/\/beta.laomeister.com\/fi\/","name":"Balti Laomeister","description":"Laoriiulid - m&uuml;&uuml;k ja paigaldus","potentialAction":[{"@type":"SearchAction","target":{"@type":"EntryPoint","urlTemplate":"https:\/\/beta.laomeister.com\/fi\/?s={search_term_string}"},"query-input":{"@type":"PropertyValueSpecification","valueRequired":true,"valueName":"search_term_string"}}],"inLanguage":"fi"}]}},"_links":{"self":[{"href":"https:\/\/beta.laomeister.com\/fi\/wp-json\/wp\/v2\/product\/13892","targetHints":{"allow":["GET"]}}],"collection":[{"href":"https:\/\/beta.laomeister.com\/fi\/wp-json\/wp\/v2\/product"}],"about":[{"href":"https:\/\/beta.laomeister.com\/fi\/wp-json\/wp\/v2\/types\/product"}],"wp:featuredmedia":[{"embeddable":true,"href":"https:\/\/beta.laomeister.com\/fi\/wp-json\/wp\/v2\/media\/4396"}],"wp:attachment":[{"href":"https:\/\/beta.laomeister.com\/fi\/wp-json\/wp\/v2\/media?parent=13892"}],"wp:term":[{"taxonomy":"product_brand","embeddable":true,"href":"https:\/\/beta.laomeister.com\/fi\/wp-json\/wp\/v2\/product_brand?post=13892"},{"taxonomy":"product_cat","embeddable":true,"href":"https:\/\/beta.laomeister.com\/fi\/wp-json\/wp\/v2\/product_cat?post=13892"},{"taxonomy":"product_tag","embeddable":true,"href":"https:\/\/beta.laomeister.com\/fi\/wp-json\/wp\/v2\/product_tag?post=13892"}],"curies":[{"name":"wp","href":"https:\/\/api.w.org\/{rel}","templated":true}]}}