{"id":14117,"date":"2018-08-16T11:12:02","date_gmt":"2018-08-16T08:12:02","guid":{"rendered":"https:\/\/beta.laomeister.com\/product\/transpordikaru\/"},"modified":"2024-07-03T09:38:44","modified_gmt":"2024-07-03T06:38:44","slug":"transpordikaru","status":"publish","type":"product","link":"https:\/\/beta.laomeister.com\/fi\/toode\/transpordikaru\/","title":{"rendered":"Kuljetusvaunu, KOKM07300"},"content":{"rendered":"","protected":false},"excerpt":{"rendered":"<p>Kuljetusvaunu, jolla on erilaisia k\u00e4ytt\u00f6tarkoituksia. Vaunussa on piikkisuojatut pehme\u00e4t py\u00f6r\u00e4t, ja se on suljettu esteell\u00e4 tavaroiden turvallisuuden varmistamiseksi.<\/p>\n<p><strong>Lis\u00e4tietoja:<\/strong><br \/>\n&#8211; Jauhemaalattu ja puinen jalusta;<br \/>\n&#8211; Kotelon mitat: 820 x 650 x 100 mm;<br \/>\n&#8211; Lavan korkeus: 240 mm;<br \/>\n&#8211; Rengaskest\u00e4v\u00e4t 400 mm:n renkaat;<br \/>\n&#8211; Kantavuus: 150 kg;<\/p>\n<p>&#8211; Mitat 1600 x 910 x 900 mm<\/p>\n<p>&#8211; Paino 20,5 kg<\/p>\n","protected":false},"featured_media":5723,"template":"","meta":[],"product_brand":[],"product_cat":[243,274],"product_tag":[],"class_list":{"0":"post-14117","1":"product","2":"type-product","3":"status-publish","4":"has-post-thumbnail","6":"product_cat-karud-fi","7":"product_cat-transpordikarud-fi","9":"first","10":"instock","11":"taxable","12":"shipping-taxable","13":"purchasable","14":"product-type-simple"},"yoast_head":"<!-- This site is optimized with the Yoast SEO plugin v25.8 - https:\/\/yoast.com\/wordpress\/plugins\/seo\/ -->\n<title>Kuljetusvaunu, KOKM07300 - Balti Laomeister<\/title>\n<meta name=\"robots\" content=\"index, follow, max-snippet:-1, max-image-preview:large, max-video-preview:-1\" \/>\n<link rel=\"canonical\" href=\"https:\/\/beta.laomeister.com\/fi\/toode\/transpordikaru\/\" \/>\n<meta property=\"og:locale\" content=\"fi_FI\" \/>\n<meta property=\"og:type\" content=\"article\" \/>\n<meta property=\"og:title\" content=\"Kuljetusvaunu, KOKM07300 - Balti Laomeister\" \/>\n<meta property=\"og:description\" content=\"Kuljetusvaunu, jolla on erilaisia k\u00e4ytt\u00f6tarkoituksia. Vaunussa on piikkisuojatut pehme\u00e4t py\u00f6r\u00e4t, ja se on suljettu esteell\u00e4 tavaroiden turvallisuuden varmistamiseksi. Lis\u00e4tietoja: - Jauhemaalattu ja puinen jalusta; - Kotelon mitat: 820 x 650 x 100 mm; - Lavan korkeus: 240 mm; - Rengaskest\u00e4v\u00e4t 400 mm:n renkaat; - Kantavuus: 150 kg; - Mitat 1600 x 910 x 900 mm - Paino 20,5 kg\" \/>\n<meta property=\"og:url\" content=\"https:\/\/beta.laomeister.com\/fi\/toode\/transpordikaru\/\" \/>\n<meta property=\"og:site_name\" content=\"Balti Laomeister\" \/>\n<meta property=\"article:modified_time\" content=\"2024-07-03T06:38:44+00:00\" \/>\n<meta property=\"og:image\" content=\"https:\/\/i0.wp.com\/www.laomeister.com\/wp-content\/uploads\/2018\/08\/transpordika\u0308ru.png?fit=992%2C991&ssl=1\" \/>\n\t<meta property=\"og:image:width\" content=\"992\" \/>\n\t<meta property=\"og:image:height\" content=\"991\" \/>\n\t<meta property=\"og:image:type\" content=\"image\/png\" \/>\n<meta name=\"twitter:card\" content=\"summary_large_image\" \/>\n<script type=\"application\/ld+json\" class=\"yoast-schema-graph\">{\"@context\":\"https:\/\/schema.org\",\"@graph\":[{\"@type\":\"WebPage\",\"@id\":\"https:\/\/beta.laomeister.com\/fi\/toode\/transpordikaru\/\",\"url\":\"https:\/\/beta.laomeister.com\/fi\/toode\/transpordikaru\/\",\"name\":\"Kuljetusvaunu, KOKM07300 - Balti Laomeister\",\"isPartOf\":{\"@id\":\"https:\/\/beta.laomeister.com\/fi\/#website\"},\"primaryImageOfPage\":{\"@id\":\"https:\/\/beta.laomeister.com\/fi\/toode\/transpordikaru\/#primaryimage\"},\"image\":{\"@id\":\"https:\/\/beta.laomeister.com\/fi\/toode\/transpordikaru\/#primaryimage\"},\"thumbnailUrl\":\"https:\/\/beta.laomeister.com\/wp-content\/uploads\/2018\/08\/transpordika\u0308ru.png\",\"datePublished\":\"2018-08-16T08:12:02+00:00\",\"dateModified\":\"2024-07-03T06:38:44+00:00\",\"breadcrumb\":{\"@id\":\"https:\/\/beta.laomeister.com\/fi\/toode\/transpordikaru\/#breadcrumb\"},\"inLanguage\":\"fi\",\"potentialAction\":[{\"@type\":\"ReadAction\",\"target\":[\"https:\/\/beta.laomeister.com\/fi\/toode\/transpordikaru\/\"]}]},{\"@type\":\"ImageObject\",\"inLanguage\":\"fi\",\"@id\":\"https:\/\/beta.laomeister.com\/fi\/toode\/transpordikaru\/#primaryimage\",\"url\":\"https:\/\/beta.laomeister.com\/wp-content\/uploads\/2018\/08\/transpordika\u0308ru.png\",\"contentUrl\":\"https:\/\/beta.laomeister.com\/wp-content\/uploads\/2018\/08\/transpordika\u0308ru.png\",\"width\":992,\"height\":991,\"caption\":\"transpordika\u0308ru\"},{\"@type\":\"BreadcrumbList\",\"@id\":\"https:\/\/beta.laomeister.com\/fi\/toode\/transpordikaru\/#breadcrumb\",\"itemListElement\":[{\"@type\":\"ListItem\",\"position\":1,\"name\":\"Home\",\"item\":\"https:\/\/beta.laomeister.com\/fi\/\"},{\"@type\":\"ListItem\",\"position\":2,\"name\":\"Tuotteet\",\"item\":\"https:\/\/beta.laomeister.com\/fi\/tuotteet\/\"},{\"@type\":\"ListItem\",\"position\":3,\"name\":\"Kuljetusvaunu, KOKM07300\"}]},{\"@type\":\"WebSite\",\"@id\":\"https:\/\/beta.laomeister.com\/fi\/#website\",\"url\":\"https:\/\/beta.laomeister.com\/fi\/\",\"name\":\"Balti Laomeister\",\"description\":\"Laoriiulid - m&uuml;&uuml;k ja paigaldus\",\"potentialAction\":[{\"@type\":\"SearchAction\",\"target\":{\"@type\":\"EntryPoint\",\"urlTemplate\":\"https:\/\/beta.laomeister.com\/fi\/?s={search_term_string}\"},\"query-input\":{\"@type\":\"PropertyValueSpecification\",\"valueRequired\":true,\"valueName\":\"search_term_string\"}}],\"inLanguage\":\"fi\"}]}<\/script>\n<!-- \/ Yoast SEO plugin. -->","yoast_head_json":{"title":"Kuljetusvaunu, KOKM07300 - Balti Laomeister","robots":{"index":"index","follow":"follow","max-snippet":"max-snippet:-1","max-image-preview":"max-image-preview:large","max-video-preview":"max-video-preview:-1"},"canonical":"https:\/\/beta.laomeister.com\/fi\/toode\/transpordikaru\/","og_locale":"fi_FI","og_type":"article","og_title":"Kuljetusvaunu, KOKM07300 - Balti Laomeister","og_description":"Kuljetusvaunu, jolla on erilaisia k\u00e4ytt\u00f6tarkoituksia. Vaunussa on piikkisuojatut pehme\u00e4t py\u00f6r\u00e4t, ja se on suljettu esteell\u00e4 tavaroiden turvallisuuden varmistamiseksi. Lis\u00e4tietoja: - Jauhemaalattu ja puinen jalusta; - Kotelon mitat: 820 x 650 x 100 mm; - Lavan korkeus: 240 mm; - Rengaskest\u00e4v\u00e4t 400 mm:n renkaat; - Kantavuus: 150 kg; - Mitat 1600 x 910 x 900 mm - Paino 20,5 kg","og_url":"https:\/\/beta.laomeister.com\/fi\/toode\/transpordikaru\/","og_site_name":"Balti Laomeister","article_modified_time":"2024-07-03T06:38:44+00:00","og_image":[{"width":992,"height":991,"url":"https:\/\/i0.wp.com\/www.laomeister.com\/wp-content\/uploads\/2018\/08\/transpordika\u0308ru.png?fit=992%2C991&ssl=1","type":"image\/png"}],"twitter_card":"summary_large_image","schema":{"@context":"https:\/\/schema.org","@graph":[{"@type":"WebPage","@id":"https:\/\/beta.laomeister.com\/fi\/toode\/transpordikaru\/","url":"https:\/\/beta.laomeister.com\/fi\/toode\/transpordikaru\/","name":"Kuljetusvaunu, KOKM07300 - Balti Laomeister","isPartOf":{"@id":"https:\/\/beta.laomeister.com\/fi\/#website"},"primaryImageOfPage":{"@id":"https:\/\/beta.laomeister.com\/fi\/toode\/transpordikaru\/#primaryimage"},"image":{"@id":"https:\/\/beta.laomeister.com\/fi\/toode\/transpordikaru\/#primaryimage"},"thumbnailUrl":"https:\/\/beta.laomeister.com\/wp-content\/uploads\/2018\/08\/transpordika\u0308ru.png","datePublished":"2018-08-16T08:12:02+00:00","dateModified":"2024-07-03T06:38:44+00:00","breadcrumb":{"@id":"https:\/\/beta.laomeister.com\/fi\/toode\/transpordikaru\/#breadcrumb"},"inLanguage":"fi","potentialAction":[{"@type":"ReadAction","target":["https:\/\/beta.laomeister.com\/fi\/toode\/transpordikaru\/"]}]},{"@type":"ImageObject","inLanguage":"fi","@id":"https:\/\/beta.laomeister.com\/fi\/toode\/transpordikaru\/#primaryimage","url":"https:\/\/beta.laomeister.com\/wp-content\/uploads\/2018\/08\/transpordika\u0308ru.png","contentUrl":"https:\/\/beta.laomeister.com\/wp-content\/uploads\/2018\/08\/transpordika\u0308ru.png","width":992,"height":991,"caption":"transpordika\u0308ru"},{"@type":"BreadcrumbList","@id":"https:\/\/beta.laomeister.com\/fi\/toode\/transpordikaru\/#breadcrumb","itemListElement":[{"@type":"ListItem","position":1,"name":"Home","item":"https:\/\/beta.laomeister.com\/fi\/"},{"@type":"ListItem","position":2,"name":"Tuotteet","item":"https:\/\/beta.laomeister.com\/fi\/tuotteet\/"},{"@type":"ListItem","position":3,"name":"Kuljetusvaunu, KOKM07300"}]},{"@type":"WebSite","@id":"https:\/\/beta.laomeister.com\/fi\/#website","url":"https:\/\/beta.laomeister.com\/fi\/","name":"Balti Laomeister","description":"Laoriiulid - m&uuml;&uuml;k ja paigaldus","potentialAction":[{"@type":"SearchAction","target":{"@type":"EntryPoint","urlTemplate":"https:\/\/beta.laomeister.com\/fi\/?s={search_term_string}"},"query-input":{"@type":"PropertyValueSpecification","valueRequired":true,"valueName":"search_term_string"}}],"inLanguage":"fi"}]}},"_links":{"self":[{"href":"https:\/\/beta.laomeister.com\/fi\/wp-json\/wp\/v2\/product\/14117","targetHints":{"allow":["GET"]}}],"collection":[{"href":"https:\/\/beta.laomeister.com\/fi\/wp-json\/wp\/v2\/product"}],"about":[{"href":"https:\/\/beta.laomeister.com\/fi\/wp-json\/wp\/v2\/types\/product"}],"wp:featuredmedia":[{"embeddable":true,"href":"https:\/\/beta.laomeister.com\/fi\/wp-json\/wp\/v2\/media\/5723"}],"wp:attachment":[{"href":"https:\/\/beta.laomeister.com\/fi\/wp-json\/wp\/v2\/media?parent=14117"}],"wp:term":[{"taxonomy":"product_brand","embeddable":true,"href":"https:\/\/beta.laomeister.com\/fi\/wp-json\/wp\/v2\/product_brand?post=14117"},{"taxonomy":"product_cat","embeddable":true,"href":"https:\/\/beta.laomeister.com\/fi\/wp-json\/wp\/v2\/product_cat?post=14117"},{"taxonomy":"product_tag","embeddable":true,"href":"https:\/\/beta.laomeister.com\/fi\/wp-json\/wp\/v2\/product_tag?post=14117"}],"curies":[{"name":"wp","href":"https:\/\/api.w.org\/{rel}","templated":true}]}}