{"id":14121,"date":"2018-08-14T15:50:01","date_gmt":"2018-08-14T12:50:01","guid":{"rendered":"https:\/\/beta.laomeister.com\/product\/tooriistakaru\/"},"modified":"2024-07-03T09:38:41","modified_gmt":"2024-07-03T06:38:41","slug":"tooriistakaru","status":"publish","type":"product","link":"https:\/\/beta.laomeister.com\/fi\/toode\/tooriistakaru\/","title":{"rendered":"Ty\u00f6kaluvaunu, KOKM9199"},"content":{"rendered":"","protected":false},"excerpt":{"rendered":"<p>Suuri ty\u00f6kaluvaunu. Vaunun kantta voidaan k\u00e4ytt\u00e4\u00e4 my\u00f6s ty\u00f6tasona, ja se voidaan lukita riippulukolla.<\/p>\n<p><strong>Lis\u00e4tietoja:<\/strong><br \/>\n&#8211; Jauhemaalattu;<br \/>\n&#8211; Tilavuus: 300 l;<br \/>\n&#8211; Runko: 2 mm:n aluzinkkiter\u00e4s ja 10 mm:n laminaattilevy, itse laatikko 1,5 mm:n materiaalia;<br \/>\n&#8211; Lukitusmahdollisuus (riippulukko ei sis\u00e4lly);<br \/>\n&#8211; Kantavuus: 400 kg;<br \/>\n&#8211; 2 kumirengasta muovivanteella 400 x 125 mm ja 2 125 mm:n jarrullista py\u00f6r\u00e4\u00e4;<br \/>\n&#8211; Sis\u00e4mitat: yl\u00e4reuna 995 x 620 x 275 mm, alareuna 995 x 480 x 240 mm;<\/p>\n<p>&#8211; paino 68 kg<\/p>\n","protected":false},"featured_media":5726,"template":"","meta":[],"product_brand":[],"product_cat":[243,251],"product_tag":[],"class_list":{"0":"post-14121","1":"product","2":"type-product","3":"status-publish","4":"has-post-thumbnail","6":"product_cat-karud-fi","7":"product_cat-ehituskarud-fi","9":"first","10":"instock","11":"taxable","12":"shipping-taxable","13":"purchasable","14":"product-type-simple"},"yoast_head":"<!-- This site is optimized with the Yoast SEO plugin v25.8 - https:\/\/yoast.com\/wordpress\/plugins\/seo\/ -->\n<title>Ty\u00f6kaluvaunu, KOKM9199 - Balti Laomeister<\/title>\n<meta name=\"robots\" content=\"index, follow, max-snippet:-1, max-image-preview:large, max-video-preview:-1\" \/>\n<link rel=\"canonical\" href=\"https:\/\/beta.laomeister.com\/fi\/toode\/tooriistakaru\/\" \/>\n<meta property=\"og:locale\" content=\"fi_FI\" \/>\n<meta property=\"og:type\" content=\"article\" \/>\n<meta property=\"og:title\" content=\"Ty\u00f6kaluvaunu, KOKM9199 - Balti Laomeister\" \/>\n<meta property=\"og:description\" content=\"Suuri ty\u00f6kaluvaunu. Vaunun kantta voidaan k\u00e4ytt\u00e4\u00e4 my\u00f6s ty\u00f6tasona, ja se voidaan lukita riippulukolla. Lis\u00e4tietoja: - Jauhemaalattu; - Tilavuus: 300 l; - Runko: 2 mm:n aluzinkkiter\u00e4s ja 10 mm:n laminaattilevy, itse laatikko 1,5 mm:n materiaalia; - Lukitusmahdollisuus (riippulukko ei sis\u00e4lly); - Kantavuus: 400 kg; - 2 kumirengasta muovivanteella 400 x 125 mm ja 2 125 mm:n jarrullista py\u00f6r\u00e4\u00e4; - Sis\u00e4mitat: yl\u00e4reuna 995 x 620 x 275 mm, alareuna 995 x 480 x 240 mm; - paino 68 kg\" \/>\n<meta property=\"og:url\" content=\"https:\/\/beta.laomeister.com\/fi\/toode\/tooriistakaru\/\" \/>\n<meta property=\"og:site_name\" content=\"Balti Laomeister\" \/>\n<meta property=\"article:modified_time\" content=\"2024-07-03T06:38:41+00:00\" \/>\n<meta property=\"og:image\" content=\"https:\/\/i0.wp.com\/www.laomeister.com\/wp-content\/uploads\/2018\/08\/to\u0308o\u0308riistaka\u0308ru.png?fit=843%2C842&ssl=1\" \/>\n\t<meta property=\"og:image:width\" content=\"843\" \/>\n\t<meta property=\"og:image:height\" content=\"842\" \/>\n\t<meta property=\"og:image:type\" content=\"image\/png\" \/>\n<meta name=\"twitter:card\" content=\"summary_large_image\" \/>\n<script type=\"application\/ld+json\" class=\"yoast-schema-graph\">{\"@context\":\"https:\/\/schema.org\",\"@graph\":[{\"@type\":\"WebPage\",\"@id\":\"https:\/\/beta.laomeister.com\/fi\/toode\/tooriistakaru\/\",\"url\":\"https:\/\/beta.laomeister.com\/fi\/toode\/tooriistakaru\/\",\"name\":\"Ty\u00f6kaluvaunu, KOKM9199 - Balti Laomeister\",\"isPartOf\":{\"@id\":\"https:\/\/beta.laomeister.com\/fi\/#website\"},\"primaryImageOfPage\":{\"@id\":\"https:\/\/beta.laomeister.com\/fi\/toode\/tooriistakaru\/#primaryimage\"},\"image\":{\"@id\":\"https:\/\/beta.laomeister.com\/fi\/toode\/tooriistakaru\/#primaryimage\"},\"thumbnailUrl\":\"https:\/\/beta.laomeister.com\/wp-content\/uploads\/2018\/08\/to\u0308o\u0308riistaka\u0308ru.png\",\"datePublished\":\"2018-08-14T12:50:01+00:00\",\"dateModified\":\"2024-07-03T06:38:41+00:00\",\"breadcrumb\":{\"@id\":\"https:\/\/beta.laomeister.com\/fi\/toode\/tooriistakaru\/#breadcrumb\"},\"inLanguage\":\"fi\",\"potentialAction\":[{\"@type\":\"ReadAction\",\"target\":[\"https:\/\/beta.laomeister.com\/fi\/toode\/tooriistakaru\/\"]}]},{\"@type\":\"ImageObject\",\"inLanguage\":\"fi\",\"@id\":\"https:\/\/beta.laomeister.com\/fi\/toode\/tooriistakaru\/#primaryimage\",\"url\":\"https:\/\/beta.laomeister.com\/wp-content\/uploads\/2018\/08\/to\u0308o\u0308riistaka\u0308ru.png\",\"contentUrl\":\"https:\/\/beta.laomeister.com\/wp-content\/uploads\/2018\/08\/to\u0308o\u0308riistaka\u0308ru.png\",\"width\":843,\"height\":842,\"caption\":\"ehitusk\u00e4ru to\u0308o\u0308riistaka\u0308ru\"},{\"@type\":\"BreadcrumbList\",\"@id\":\"https:\/\/beta.laomeister.com\/fi\/toode\/tooriistakaru\/#breadcrumb\",\"itemListElement\":[{\"@type\":\"ListItem\",\"position\":1,\"name\":\"Home\",\"item\":\"https:\/\/beta.laomeister.com\/fi\/\"},{\"@type\":\"ListItem\",\"position\":2,\"name\":\"Tuotteet\",\"item\":\"https:\/\/beta.laomeister.com\/fi\/tuotteet\/\"},{\"@type\":\"ListItem\",\"position\":3,\"name\":\"Ty\u00f6kaluvaunu, KOKM9199\"}]},{\"@type\":\"WebSite\",\"@id\":\"https:\/\/beta.laomeister.com\/fi\/#website\",\"url\":\"https:\/\/beta.laomeister.com\/fi\/\",\"name\":\"Balti Laomeister\",\"description\":\"Laoriiulid - m&uuml;&uuml;k ja paigaldus\",\"potentialAction\":[{\"@type\":\"SearchAction\",\"target\":{\"@type\":\"EntryPoint\",\"urlTemplate\":\"https:\/\/beta.laomeister.com\/fi\/?s={search_term_string}\"},\"query-input\":{\"@type\":\"PropertyValueSpecification\",\"valueRequired\":true,\"valueName\":\"search_term_string\"}}],\"inLanguage\":\"fi\"}]}<\/script>\n<!-- \/ Yoast SEO plugin. -->","yoast_head_json":{"title":"Ty\u00f6kaluvaunu, KOKM9199 - Balti Laomeister","robots":{"index":"index","follow":"follow","max-snippet":"max-snippet:-1","max-image-preview":"max-image-preview:large","max-video-preview":"max-video-preview:-1"},"canonical":"https:\/\/beta.laomeister.com\/fi\/toode\/tooriistakaru\/","og_locale":"fi_FI","og_type":"article","og_title":"Ty\u00f6kaluvaunu, KOKM9199 - Balti Laomeister","og_description":"Suuri ty\u00f6kaluvaunu. Vaunun kantta voidaan k\u00e4ytt\u00e4\u00e4 my\u00f6s ty\u00f6tasona, ja se voidaan lukita riippulukolla. Lis\u00e4tietoja: - Jauhemaalattu; - Tilavuus: 300 l; - Runko: 2 mm:n aluzinkkiter\u00e4s ja 10 mm:n laminaattilevy, itse laatikko 1,5 mm:n materiaalia; - Lukitusmahdollisuus (riippulukko ei sis\u00e4lly); - Kantavuus: 400 kg; - 2 kumirengasta muovivanteella 400 x 125 mm ja 2 125 mm:n jarrullista py\u00f6r\u00e4\u00e4; - Sis\u00e4mitat: yl\u00e4reuna 995 x 620 x 275 mm, alareuna 995 x 480 x 240 mm; - paino 68 kg","og_url":"https:\/\/beta.laomeister.com\/fi\/toode\/tooriistakaru\/","og_site_name":"Balti Laomeister","article_modified_time":"2024-07-03T06:38:41+00:00","og_image":[{"width":843,"height":842,"url":"https:\/\/i0.wp.com\/www.laomeister.com\/wp-content\/uploads\/2018\/08\/to\u0308o\u0308riistaka\u0308ru.png?fit=843%2C842&ssl=1","type":"image\/png"}],"twitter_card":"summary_large_image","schema":{"@context":"https:\/\/schema.org","@graph":[{"@type":"WebPage","@id":"https:\/\/beta.laomeister.com\/fi\/toode\/tooriistakaru\/","url":"https:\/\/beta.laomeister.com\/fi\/toode\/tooriistakaru\/","name":"Ty\u00f6kaluvaunu, KOKM9199 - Balti Laomeister","isPartOf":{"@id":"https:\/\/beta.laomeister.com\/fi\/#website"},"primaryImageOfPage":{"@id":"https:\/\/beta.laomeister.com\/fi\/toode\/tooriistakaru\/#primaryimage"},"image":{"@id":"https:\/\/beta.laomeister.com\/fi\/toode\/tooriistakaru\/#primaryimage"},"thumbnailUrl":"https:\/\/beta.laomeister.com\/wp-content\/uploads\/2018\/08\/to\u0308o\u0308riistaka\u0308ru.png","datePublished":"2018-08-14T12:50:01+00:00","dateModified":"2024-07-03T06:38:41+00:00","breadcrumb":{"@id":"https:\/\/beta.laomeister.com\/fi\/toode\/tooriistakaru\/#breadcrumb"},"inLanguage":"fi","potentialAction":[{"@type":"ReadAction","target":["https:\/\/beta.laomeister.com\/fi\/toode\/tooriistakaru\/"]}]},{"@type":"ImageObject","inLanguage":"fi","@id":"https:\/\/beta.laomeister.com\/fi\/toode\/tooriistakaru\/#primaryimage","url":"https:\/\/beta.laomeister.com\/wp-content\/uploads\/2018\/08\/to\u0308o\u0308riistaka\u0308ru.png","contentUrl":"https:\/\/beta.laomeister.com\/wp-content\/uploads\/2018\/08\/to\u0308o\u0308riistaka\u0308ru.png","width":843,"height":842,"caption":"ehitusk\u00e4ru to\u0308o\u0308riistaka\u0308ru"},{"@type":"BreadcrumbList","@id":"https:\/\/beta.laomeister.com\/fi\/toode\/tooriistakaru\/#breadcrumb","itemListElement":[{"@type":"ListItem","position":1,"name":"Home","item":"https:\/\/beta.laomeister.com\/fi\/"},{"@type":"ListItem","position":2,"name":"Tuotteet","item":"https:\/\/beta.laomeister.com\/fi\/tuotteet\/"},{"@type":"ListItem","position":3,"name":"Ty\u00f6kaluvaunu, KOKM9199"}]},{"@type":"WebSite","@id":"https:\/\/beta.laomeister.com\/fi\/#website","url":"https:\/\/beta.laomeister.com\/fi\/","name":"Balti Laomeister","description":"Laoriiulid - m&uuml;&uuml;k ja paigaldus","potentialAction":[{"@type":"SearchAction","target":{"@type":"EntryPoint","urlTemplate":"https:\/\/beta.laomeister.com\/fi\/?s={search_term_string}"},"query-input":{"@type":"PropertyValueSpecification","valueRequired":true,"valueName":"search_term_string"}}],"inLanguage":"fi"}]}},"_links":{"self":[{"href":"https:\/\/beta.laomeister.com\/fi\/wp-json\/wp\/v2\/product\/14121","targetHints":{"allow":["GET"]}}],"collection":[{"href":"https:\/\/beta.laomeister.com\/fi\/wp-json\/wp\/v2\/product"}],"about":[{"href":"https:\/\/beta.laomeister.com\/fi\/wp-json\/wp\/v2\/types\/product"}],"wp:featuredmedia":[{"embeddable":true,"href":"https:\/\/beta.laomeister.com\/fi\/wp-json\/wp\/v2\/media\/5726"}],"wp:attachment":[{"href":"https:\/\/beta.laomeister.com\/fi\/wp-json\/wp\/v2\/media?parent=14121"}],"wp:term":[{"taxonomy":"product_brand","embeddable":true,"href":"https:\/\/beta.laomeister.com\/fi\/wp-json\/wp\/v2\/product_brand?post=14121"},{"taxonomy":"product_cat","embeddable":true,"href":"https:\/\/beta.laomeister.com\/fi\/wp-json\/wp\/v2\/product_cat?post=14121"},{"taxonomy":"product_tag","embeddable":true,"href":"https:\/\/beta.laomeister.com\/fi\/wp-json\/wp\/v2\/product_tag?post=14121"}],"curies":[{"name":"wp","href":"https:\/\/api.w.org\/{rel}","templated":true}]}}