{"id":14129,"date":"2018-08-14T14:01:55","date_gmt":"2018-08-14T11:01:55","guid":{"rendered":"https:\/\/beta.laomeister.com\/product\/metall-lindi-karu\/"},"modified":"2024-07-03T10:13:39","modified_gmt":"2024-07-03T07:13:39","slug":"metall-lindi-karu","status":"publish","type":"product","link":"https:\/\/beta.laomeister.com\/fi\/toode\/metall-lindi-karu\/","title":{"rendered":"Vaunu metalliteippi\u00e4 varten, KOKM216"},"content":{"rendered":"","protected":false},"excerpt":{"rendered":"<p>Klassinen metalliteippivaunu, joka on suunniteltu 16-19 mm:n metalliteipille. Vaunussa on k\u00e4tev\u00e4 s\u00e4ilytystila ty\u00f6kaluille ja tarvikkeille.<\/p>\n<p><strong>Lis\u00e4tietoja:<\/strong><br \/>\n&#8211; Jauhemaalattu;<br \/>\n&#8211; Soveltuu 16-19 mm:n metalliteipille;<br \/>\n&#8211; Nopea ja helppo nauhanvaihtoj\u00e4rjestelm\u00e4;<br \/>\n&#8211; Runsaasti s\u00e4ilytystilaa ty\u00f6kaluille ja tarvikkeille;<br \/>\n&#8211; Metallinauha ei sis\u00e4lly hintaan;<br \/>\n&#8211; Kumiset 200 mm py\u00f6r\u00e4t;<\/p>\n<p>&#8211; Mitat pituus, leveys, korkeus: 990 x 460 x 640 mm.<\/p>\n","protected":false},"featured_media":5735,"template":"","meta":[],"product_brand":[],"product_cat":[243,251],"product_tag":[],"class_list":{"0":"post-14129","1":"product","2":"type-product","3":"status-publish","4":"has-post-thumbnail","6":"product_cat-karud-fi","7":"product_cat-ehituskarud-fi","9":"first","10":"instock","11":"taxable","12":"shipping-taxable","13":"purchasable","14":"product-type-simple"},"yoast_head":"<!-- This site is optimized with the Yoast SEO plugin v25.8 - https:\/\/yoast.com\/wordpress\/plugins\/seo\/ -->\n<title>Vaunu metalliteippi\u00e4 varten, KOKM216 - Balti Laomeister<\/title>\n<meta name=\"robots\" content=\"index, follow, max-snippet:-1, max-image-preview:large, max-video-preview:-1\" \/>\n<link rel=\"canonical\" href=\"https:\/\/beta.laomeister.com\/fi\/toode\/metall-lindi-karu\/\" \/>\n<meta property=\"og:locale\" content=\"fi_FI\" \/>\n<meta property=\"og:type\" content=\"article\" \/>\n<meta property=\"og:title\" content=\"Vaunu metalliteippi\u00e4 varten, KOKM216 - Balti Laomeister\" \/>\n<meta property=\"og:description\" content=\"Klassinen metalliteippivaunu, joka on suunniteltu 16-19 mm:n metalliteipille. Vaunussa on k\u00e4tev\u00e4 s\u00e4ilytystila ty\u00f6kaluille ja tarvikkeille. Lis\u00e4tietoja: - Jauhemaalattu; - Soveltuu 16-19 mm:n metalliteipille; - Nopea ja helppo nauhanvaihtoj\u00e4rjestelm\u00e4; - Runsaasti s\u00e4ilytystilaa ty\u00f6kaluille ja tarvikkeille; - Metallinauha ei sis\u00e4lly hintaan; - Kumiset 200 mm py\u00f6r\u00e4t; - Mitat pituus, leveys, korkeus: 990 x 460 x 640 mm.\" \/>\n<meta property=\"og:url\" content=\"https:\/\/beta.laomeister.com\/fi\/toode\/metall-lindi-karu\/\" \/>\n<meta property=\"og:site_name\" content=\"Balti Laomeister\" \/>\n<meta property=\"article:modified_time\" content=\"2024-07-03T07:13:39+00:00\" \/>\n<meta property=\"og:image\" content=\"https:\/\/i0.wp.com\/www.laomeister.com\/wp-content\/uploads\/2018\/08\/metall-lindi-ka\u0308ru.png?fit=819%2C768&ssl=1\" \/>\n\t<meta property=\"og:image:width\" content=\"819\" \/>\n\t<meta property=\"og:image:height\" content=\"768\" \/>\n\t<meta property=\"og:image:type\" content=\"image\/png\" \/>\n<meta name=\"twitter:card\" content=\"summary_large_image\" \/>\n<script type=\"application\/ld+json\" class=\"yoast-schema-graph\">{\"@context\":\"https:\/\/schema.org\",\"@graph\":[{\"@type\":\"WebPage\",\"@id\":\"https:\/\/beta.laomeister.com\/fi\/toode\/metall-lindi-karu\/\",\"url\":\"https:\/\/beta.laomeister.com\/fi\/toode\/metall-lindi-karu\/\",\"name\":\"Vaunu metalliteippi\u00e4 varten, KOKM216 - Balti Laomeister\",\"isPartOf\":{\"@id\":\"https:\/\/beta.laomeister.com\/fi\/#website\"},\"primaryImageOfPage\":{\"@id\":\"https:\/\/beta.laomeister.com\/fi\/toode\/metall-lindi-karu\/#primaryimage\"},\"image\":{\"@id\":\"https:\/\/beta.laomeister.com\/fi\/toode\/metall-lindi-karu\/#primaryimage\"},\"thumbnailUrl\":\"https:\/\/beta.laomeister.com\/wp-content\/uploads\/2018\/08\/metall-lindi-ka\u0308ru.png\",\"datePublished\":\"2018-08-14T11:01:55+00:00\",\"dateModified\":\"2024-07-03T07:13:39+00:00\",\"breadcrumb\":{\"@id\":\"https:\/\/beta.laomeister.com\/fi\/toode\/metall-lindi-karu\/#breadcrumb\"},\"inLanguage\":\"fi\",\"potentialAction\":[{\"@type\":\"ReadAction\",\"target\":[\"https:\/\/beta.laomeister.com\/fi\/toode\/metall-lindi-karu\/\"]}]},{\"@type\":\"ImageObject\",\"inLanguage\":\"fi\",\"@id\":\"https:\/\/beta.laomeister.com\/fi\/toode\/metall-lindi-karu\/#primaryimage\",\"url\":\"https:\/\/beta.laomeister.com\/wp-content\/uploads\/2018\/08\/metall-lindi-ka\u0308ru.png\",\"contentUrl\":\"https:\/\/beta.laomeister.com\/wp-content\/uploads\/2018\/08\/metall-lindi-ka\u0308ru.png\",\"width\":819,\"height\":768,\"caption\":\"ehitusk\u00e4rud plaadito\u0303stuk metall-lindi ka\u0308ru\"},{\"@type\":\"BreadcrumbList\",\"@id\":\"https:\/\/beta.laomeister.com\/fi\/toode\/metall-lindi-karu\/#breadcrumb\",\"itemListElement\":[{\"@type\":\"ListItem\",\"position\":1,\"name\":\"Home\",\"item\":\"https:\/\/beta.laomeister.com\/fi\/\"},{\"@type\":\"ListItem\",\"position\":2,\"name\":\"Tuotteet\",\"item\":\"https:\/\/beta.laomeister.com\/fi\/tuotteet\/\"},{\"@type\":\"ListItem\",\"position\":3,\"name\":\"Vaunu metalliteippi\u00e4 varten, KOKM216\"}]},{\"@type\":\"WebSite\",\"@id\":\"https:\/\/beta.laomeister.com\/fi\/#website\",\"url\":\"https:\/\/beta.laomeister.com\/fi\/\",\"name\":\"Balti Laomeister\",\"description\":\"Laoriiulid - m&uuml;&uuml;k ja paigaldus\",\"potentialAction\":[{\"@type\":\"SearchAction\",\"target\":{\"@type\":\"EntryPoint\",\"urlTemplate\":\"https:\/\/beta.laomeister.com\/fi\/?s={search_term_string}\"},\"query-input\":{\"@type\":\"PropertyValueSpecification\",\"valueRequired\":true,\"valueName\":\"search_term_string\"}}],\"inLanguage\":\"fi\"}]}<\/script>\n<!-- \/ Yoast SEO plugin. -->","yoast_head_json":{"title":"Vaunu metalliteippi\u00e4 varten, KOKM216 - Balti Laomeister","robots":{"index":"index","follow":"follow","max-snippet":"max-snippet:-1","max-image-preview":"max-image-preview:large","max-video-preview":"max-video-preview:-1"},"canonical":"https:\/\/beta.laomeister.com\/fi\/toode\/metall-lindi-karu\/","og_locale":"fi_FI","og_type":"article","og_title":"Vaunu metalliteippi\u00e4 varten, KOKM216 - Balti Laomeister","og_description":"Klassinen metalliteippivaunu, joka on suunniteltu 16-19 mm:n metalliteipille. Vaunussa on k\u00e4tev\u00e4 s\u00e4ilytystila ty\u00f6kaluille ja tarvikkeille. Lis\u00e4tietoja: - Jauhemaalattu; - Soveltuu 16-19 mm:n metalliteipille; - Nopea ja helppo nauhanvaihtoj\u00e4rjestelm\u00e4; - Runsaasti s\u00e4ilytystilaa ty\u00f6kaluille ja tarvikkeille; - Metallinauha ei sis\u00e4lly hintaan; - Kumiset 200 mm py\u00f6r\u00e4t; - Mitat pituus, leveys, korkeus: 990 x 460 x 640 mm.","og_url":"https:\/\/beta.laomeister.com\/fi\/toode\/metall-lindi-karu\/","og_site_name":"Balti Laomeister","article_modified_time":"2024-07-03T07:13:39+00:00","og_image":[{"width":819,"height":768,"url":"https:\/\/i0.wp.com\/www.laomeister.com\/wp-content\/uploads\/2018\/08\/metall-lindi-ka\u0308ru.png?fit=819%2C768&ssl=1","type":"image\/png"}],"twitter_card":"summary_large_image","schema":{"@context":"https:\/\/schema.org","@graph":[{"@type":"WebPage","@id":"https:\/\/beta.laomeister.com\/fi\/toode\/metall-lindi-karu\/","url":"https:\/\/beta.laomeister.com\/fi\/toode\/metall-lindi-karu\/","name":"Vaunu metalliteippi\u00e4 varten, KOKM216 - Balti Laomeister","isPartOf":{"@id":"https:\/\/beta.laomeister.com\/fi\/#website"},"primaryImageOfPage":{"@id":"https:\/\/beta.laomeister.com\/fi\/toode\/metall-lindi-karu\/#primaryimage"},"image":{"@id":"https:\/\/beta.laomeister.com\/fi\/toode\/metall-lindi-karu\/#primaryimage"},"thumbnailUrl":"https:\/\/beta.laomeister.com\/wp-content\/uploads\/2018\/08\/metall-lindi-ka\u0308ru.png","datePublished":"2018-08-14T11:01:55+00:00","dateModified":"2024-07-03T07:13:39+00:00","breadcrumb":{"@id":"https:\/\/beta.laomeister.com\/fi\/toode\/metall-lindi-karu\/#breadcrumb"},"inLanguage":"fi","potentialAction":[{"@type":"ReadAction","target":["https:\/\/beta.laomeister.com\/fi\/toode\/metall-lindi-karu\/"]}]},{"@type":"ImageObject","inLanguage":"fi","@id":"https:\/\/beta.laomeister.com\/fi\/toode\/metall-lindi-karu\/#primaryimage","url":"https:\/\/beta.laomeister.com\/wp-content\/uploads\/2018\/08\/metall-lindi-ka\u0308ru.png","contentUrl":"https:\/\/beta.laomeister.com\/wp-content\/uploads\/2018\/08\/metall-lindi-ka\u0308ru.png","width":819,"height":768,"caption":"ehitusk\u00e4rud plaadito\u0303stuk metall-lindi ka\u0308ru"},{"@type":"BreadcrumbList","@id":"https:\/\/beta.laomeister.com\/fi\/toode\/metall-lindi-karu\/#breadcrumb","itemListElement":[{"@type":"ListItem","position":1,"name":"Home","item":"https:\/\/beta.laomeister.com\/fi\/"},{"@type":"ListItem","position":2,"name":"Tuotteet","item":"https:\/\/beta.laomeister.com\/fi\/tuotteet\/"},{"@type":"ListItem","position":3,"name":"Vaunu metalliteippi\u00e4 varten, KOKM216"}]},{"@type":"WebSite","@id":"https:\/\/beta.laomeister.com\/fi\/#website","url":"https:\/\/beta.laomeister.com\/fi\/","name":"Balti Laomeister","description":"Laoriiulid - m&uuml;&uuml;k ja paigaldus","potentialAction":[{"@type":"SearchAction","target":{"@type":"EntryPoint","urlTemplate":"https:\/\/beta.laomeister.com\/fi\/?s={search_term_string}"},"query-input":{"@type":"PropertyValueSpecification","valueRequired":true,"valueName":"search_term_string"}}],"inLanguage":"fi"}]}},"_links":{"self":[{"href":"https:\/\/beta.laomeister.com\/fi\/wp-json\/wp\/v2\/product\/14129","targetHints":{"allow":["GET"]}}],"collection":[{"href":"https:\/\/beta.laomeister.com\/fi\/wp-json\/wp\/v2\/product"}],"about":[{"href":"https:\/\/beta.laomeister.com\/fi\/wp-json\/wp\/v2\/types\/product"}],"wp:featuredmedia":[{"embeddable":true,"href":"https:\/\/beta.laomeister.com\/fi\/wp-json\/wp\/v2\/media\/5735"}],"wp:attachment":[{"href":"https:\/\/beta.laomeister.com\/fi\/wp-json\/wp\/v2\/media?parent=14129"}],"wp:term":[{"taxonomy":"product_brand","embeddable":true,"href":"https:\/\/beta.laomeister.com\/fi\/wp-json\/wp\/v2\/product_brand?post=14129"},{"taxonomy":"product_cat","embeddable":true,"href":"https:\/\/beta.laomeister.com\/fi\/wp-json\/wp\/v2\/product_cat?post=14129"},{"taxonomy":"product_tag","embeddable":true,"href":"https:\/\/beta.laomeister.com\/fi\/wp-json\/wp\/v2\/product_tag?post=14129"}],"curies":[{"name":"wp","href":"https:\/\/api.w.org\/{rel}","templated":true}]}}