{"id":14132,"date":"2018-08-14T13:08:56","date_gmt":"2018-08-14T10:08:56","guid":{"rendered":"https:\/\/beta.laomeister.com\/product\/plaaditostuk\/"},"modified":"2024-07-03T10:13:41","modified_gmt":"2024-07-03T07:13:41","slug":"plaaditostuk","status":"publish","type":"product","link":"https:\/\/beta.laomeister.com\/fi\/toode\/plaaditostuk\/","title":{"rendered":"Levynostin, KOKM08300"},"content":{"rendered":"","protected":false},"excerpt":{"rendered":"<p>Laattanostin k\u00e4ytett\u00e4v\u00e4ksi laattojen asennuksessa. Vakaa rakenne yksinkertaistaa ja tekee ty\u00f6skentelyst\u00e4 turvallisempaa.<\/p>\n<p><strong>Lis\u00e4tietoja:<\/strong><br \/>\n&#8211; Jauhemaalattu ja sinkitty;<br \/>\n&#8211; Korkeus s\u00e4\u00e4dett\u00e4viss\u00e4 v\u00e4lill\u00e4 1790 &#8211; 3000 mm;<br \/>\n&#8211; 5 py\u00f6riv\u00e4\u00e4 100 mm:n py\u00f6r\u00e4\u00e4, joista yhdess\u00e4 on jarru;<br \/>\n&#8211; Kantavuus: 70 kg;<\/p>\n<p>&#8211; Mitat pituus, leveys, korkeus: 1820 x 800 x 1790 mm.<\/p>\n","protected":false},"featured_media":5738,"template":"","meta":[],"product_brand":[],"product_cat":[243,251],"product_tag":[],"class_list":{"0":"post-14132","1":"product","2":"type-product","3":"status-publish","4":"has-post-thumbnail","6":"product_cat-karud-fi","7":"product_cat-ehituskarud-fi","9":"first","10":"instock","11":"taxable","12":"shipping-taxable","13":"purchasable","14":"product-type-simple"},"yoast_head":"<!-- This site is optimized with the Yoast SEO plugin v25.8 - https:\/\/yoast.com\/wordpress\/plugins\/seo\/ -->\n<title>Levynostin, KOKM08300 - Balti Laomeister<\/title>\n<meta name=\"robots\" content=\"index, follow, max-snippet:-1, max-image-preview:large, max-video-preview:-1\" \/>\n<link rel=\"canonical\" href=\"https:\/\/beta.laomeister.com\/fi\/toode\/plaaditostuk\/\" \/>\n<meta property=\"og:locale\" content=\"fi_FI\" \/>\n<meta property=\"og:type\" content=\"article\" \/>\n<meta property=\"og:title\" content=\"Levynostin, KOKM08300 - Balti Laomeister\" \/>\n<meta property=\"og:description\" content=\"Laattanostin k\u00e4ytett\u00e4v\u00e4ksi laattojen asennuksessa. Vakaa rakenne yksinkertaistaa ja tekee ty\u00f6skentelyst\u00e4 turvallisempaa. Lis\u00e4tietoja: - Jauhemaalattu ja sinkitty; - Korkeus s\u00e4\u00e4dett\u00e4viss\u00e4 v\u00e4lill\u00e4 1790 - 3000 mm; - 5 py\u00f6riv\u00e4\u00e4 100 mm:n py\u00f6r\u00e4\u00e4, joista yhdess\u00e4 on jarru; - Kantavuus: 70 kg; - Mitat pituus, leveys, korkeus: 1820 x 800 x 1790 mm.\" \/>\n<meta property=\"og:url\" content=\"https:\/\/beta.laomeister.com\/fi\/toode\/plaaditostuk\/\" \/>\n<meta property=\"og:site_name\" content=\"Balti Laomeister\" \/>\n<meta property=\"article:modified_time\" content=\"2024-07-03T07:13:41+00:00\" \/>\n<meta property=\"og:image\" content=\"https:\/\/i0.wp.com\/www.laomeister.com\/wp-content\/uploads\/2018\/08\/plaadito\u0303stuk.png?fit=768%2C768&ssl=1\" \/>\n\t<meta property=\"og:image:width\" content=\"768\" \/>\n\t<meta property=\"og:image:height\" content=\"768\" \/>\n\t<meta property=\"og:image:type\" content=\"image\/png\" \/>\n<meta name=\"twitter:card\" content=\"summary_large_image\" \/>\n<script type=\"application\/ld+json\" class=\"yoast-schema-graph\">{\"@context\":\"https:\/\/schema.org\",\"@graph\":[{\"@type\":\"WebPage\",\"@id\":\"https:\/\/beta.laomeister.com\/fi\/toode\/plaaditostuk\/\",\"url\":\"https:\/\/beta.laomeister.com\/fi\/toode\/plaaditostuk\/\",\"name\":\"Levynostin, KOKM08300 - Balti Laomeister\",\"isPartOf\":{\"@id\":\"https:\/\/beta.laomeister.com\/fi\/#website\"},\"primaryImageOfPage\":{\"@id\":\"https:\/\/beta.laomeister.com\/fi\/toode\/plaaditostuk\/#primaryimage\"},\"image\":{\"@id\":\"https:\/\/beta.laomeister.com\/fi\/toode\/plaaditostuk\/#primaryimage\"},\"thumbnailUrl\":\"https:\/\/beta.laomeister.com\/wp-content\/uploads\/2018\/08\/plaadito\u0303stuk.png\",\"datePublished\":\"2018-08-14T10:08:56+00:00\",\"dateModified\":\"2024-07-03T07:13:41+00:00\",\"breadcrumb\":{\"@id\":\"https:\/\/beta.laomeister.com\/fi\/toode\/plaaditostuk\/#breadcrumb\"},\"inLanguage\":\"fi\",\"potentialAction\":[{\"@type\":\"ReadAction\",\"target\":[\"https:\/\/beta.laomeister.com\/fi\/toode\/plaaditostuk\/\"]}]},{\"@type\":\"ImageObject\",\"inLanguage\":\"fi\",\"@id\":\"https:\/\/beta.laomeister.com\/fi\/toode\/plaaditostuk\/#primaryimage\",\"url\":\"https:\/\/beta.laomeister.com\/wp-content\/uploads\/2018\/08\/plaadito\u0303stuk.png\",\"contentUrl\":\"https:\/\/beta.laomeister.com\/wp-content\/uploads\/2018\/08\/plaadito\u0303stuk.png\",\"width\":768,\"height\":768,\"caption\":\"ehitusk\u00e4rud plaadito\u0303stuk\"},{\"@type\":\"BreadcrumbList\",\"@id\":\"https:\/\/beta.laomeister.com\/fi\/toode\/plaaditostuk\/#breadcrumb\",\"itemListElement\":[{\"@type\":\"ListItem\",\"position\":1,\"name\":\"Home\",\"item\":\"https:\/\/beta.laomeister.com\/fi\/\"},{\"@type\":\"ListItem\",\"position\":2,\"name\":\"Tuotteet\",\"item\":\"https:\/\/beta.laomeister.com\/fi\/tuotteet\/\"},{\"@type\":\"ListItem\",\"position\":3,\"name\":\"Levynostin, KOKM08300\"}]},{\"@type\":\"WebSite\",\"@id\":\"https:\/\/beta.laomeister.com\/fi\/#website\",\"url\":\"https:\/\/beta.laomeister.com\/fi\/\",\"name\":\"Balti Laomeister\",\"description\":\"Laoriiulid - m&uuml;&uuml;k ja paigaldus\",\"potentialAction\":[{\"@type\":\"SearchAction\",\"target\":{\"@type\":\"EntryPoint\",\"urlTemplate\":\"https:\/\/beta.laomeister.com\/fi\/?s={search_term_string}\"},\"query-input\":{\"@type\":\"PropertyValueSpecification\",\"valueRequired\":true,\"valueName\":\"search_term_string\"}}],\"inLanguage\":\"fi\"}]}<\/script>\n<!-- \/ Yoast SEO plugin. -->","yoast_head_json":{"title":"Levynostin, KOKM08300 - Balti Laomeister","robots":{"index":"index","follow":"follow","max-snippet":"max-snippet:-1","max-image-preview":"max-image-preview:large","max-video-preview":"max-video-preview:-1"},"canonical":"https:\/\/beta.laomeister.com\/fi\/toode\/plaaditostuk\/","og_locale":"fi_FI","og_type":"article","og_title":"Levynostin, KOKM08300 - Balti Laomeister","og_description":"Laattanostin k\u00e4ytett\u00e4v\u00e4ksi laattojen asennuksessa. Vakaa rakenne yksinkertaistaa ja tekee ty\u00f6skentelyst\u00e4 turvallisempaa. Lis\u00e4tietoja: - Jauhemaalattu ja sinkitty; - Korkeus s\u00e4\u00e4dett\u00e4viss\u00e4 v\u00e4lill\u00e4 1790 - 3000 mm; - 5 py\u00f6riv\u00e4\u00e4 100 mm:n py\u00f6r\u00e4\u00e4, joista yhdess\u00e4 on jarru; - Kantavuus: 70 kg; - Mitat pituus, leveys, korkeus: 1820 x 800 x 1790 mm.","og_url":"https:\/\/beta.laomeister.com\/fi\/toode\/plaaditostuk\/","og_site_name":"Balti Laomeister","article_modified_time":"2024-07-03T07:13:41+00:00","og_image":[{"width":768,"height":768,"url":"https:\/\/i0.wp.com\/www.laomeister.com\/wp-content\/uploads\/2018\/08\/plaadito\u0303stuk.png?fit=768%2C768&ssl=1","type":"image\/png"}],"twitter_card":"summary_large_image","schema":{"@context":"https:\/\/schema.org","@graph":[{"@type":"WebPage","@id":"https:\/\/beta.laomeister.com\/fi\/toode\/plaaditostuk\/","url":"https:\/\/beta.laomeister.com\/fi\/toode\/plaaditostuk\/","name":"Levynostin, KOKM08300 - Balti Laomeister","isPartOf":{"@id":"https:\/\/beta.laomeister.com\/fi\/#website"},"primaryImageOfPage":{"@id":"https:\/\/beta.laomeister.com\/fi\/toode\/plaaditostuk\/#primaryimage"},"image":{"@id":"https:\/\/beta.laomeister.com\/fi\/toode\/plaaditostuk\/#primaryimage"},"thumbnailUrl":"https:\/\/beta.laomeister.com\/wp-content\/uploads\/2018\/08\/plaadito\u0303stuk.png","datePublished":"2018-08-14T10:08:56+00:00","dateModified":"2024-07-03T07:13:41+00:00","breadcrumb":{"@id":"https:\/\/beta.laomeister.com\/fi\/toode\/plaaditostuk\/#breadcrumb"},"inLanguage":"fi","potentialAction":[{"@type":"ReadAction","target":["https:\/\/beta.laomeister.com\/fi\/toode\/plaaditostuk\/"]}]},{"@type":"ImageObject","inLanguage":"fi","@id":"https:\/\/beta.laomeister.com\/fi\/toode\/plaaditostuk\/#primaryimage","url":"https:\/\/beta.laomeister.com\/wp-content\/uploads\/2018\/08\/plaadito\u0303stuk.png","contentUrl":"https:\/\/beta.laomeister.com\/wp-content\/uploads\/2018\/08\/plaadito\u0303stuk.png","width":768,"height":768,"caption":"ehitusk\u00e4rud plaadito\u0303stuk"},{"@type":"BreadcrumbList","@id":"https:\/\/beta.laomeister.com\/fi\/toode\/plaaditostuk\/#breadcrumb","itemListElement":[{"@type":"ListItem","position":1,"name":"Home","item":"https:\/\/beta.laomeister.com\/fi\/"},{"@type":"ListItem","position":2,"name":"Tuotteet","item":"https:\/\/beta.laomeister.com\/fi\/tuotteet\/"},{"@type":"ListItem","position":3,"name":"Levynostin, KOKM08300"}]},{"@type":"WebSite","@id":"https:\/\/beta.laomeister.com\/fi\/#website","url":"https:\/\/beta.laomeister.com\/fi\/","name":"Balti Laomeister","description":"Laoriiulid - m&uuml;&uuml;k ja paigaldus","potentialAction":[{"@type":"SearchAction","target":{"@type":"EntryPoint","urlTemplate":"https:\/\/beta.laomeister.com\/fi\/?s={search_term_string}"},"query-input":{"@type":"PropertyValueSpecification","valueRequired":true,"valueName":"search_term_string"}}],"inLanguage":"fi"}]}},"_links":{"self":[{"href":"https:\/\/beta.laomeister.com\/fi\/wp-json\/wp\/v2\/product\/14132","targetHints":{"allow":["GET"]}}],"collection":[{"href":"https:\/\/beta.laomeister.com\/fi\/wp-json\/wp\/v2\/product"}],"about":[{"href":"https:\/\/beta.laomeister.com\/fi\/wp-json\/wp\/v2\/types\/product"}],"wp:featuredmedia":[{"embeddable":true,"href":"https:\/\/beta.laomeister.com\/fi\/wp-json\/wp\/v2\/media\/5738"}],"wp:attachment":[{"href":"https:\/\/beta.laomeister.com\/fi\/wp-json\/wp\/v2\/media?parent=14132"}],"wp:term":[{"taxonomy":"product_brand","embeddable":true,"href":"https:\/\/beta.laomeister.com\/fi\/wp-json\/wp\/v2\/product_brand?post=14132"},{"taxonomy":"product_cat","embeddable":true,"href":"https:\/\/beta.laomeister.com\/fi\/wp-json\/wp\/v2\/product_cat?post=14132"},{"taxonomy":"product_tag","embeddable":true,"href":"https:\/\/beta.laomeister.com\/fi\/wp-json\/wp\/v2\/product_tag?post=14132"}],"curies":[{"name":"wp","href":"https:\/\/api.w.org\/{rel}","templated":true}]}}