{"id":14162,"date":"2018-08-14T11:00:05","date_gmt":"2018-08-14T08:00:05","guid":{"rendered":"https:\/\/beta.laomeister.com\/product\/4-tasapinnaga-c2-18-0\/"},"modified":"2024-07-03T10:10:35","modified_gmt":"2024-07-03T07:10:35","slug":"4-tasapinnaga-c2-18-0","status":"publish","type":"product","link":"https:\/\/beta.laomeister.com\/fi\/toode\/4-tasapinnaga-c2-18-0\/","title":{"rendered":"4 tasainen C2, 18\/0, KOKM60356"},"content":{"rendered":"","protected":false},"excerpt":{"rendered":"<p>4-tasoinen ruostumattomasta ter\u00e4ksest\u00e4 valmistettu vaunu, jossa on korkea ty\u00f6taso.<\/p>\n<p>Nelj\u00e4 py\u00f6riv\u00e4\u00e4 100 mm:n py\u00f6r\u00e4\u00e4, joista kahdessa on jarrut.<\/p>\n<p><strong>Lis\u00e4tietoja:<\/strong><br \/>\n&#8211; Yl\u00e4tason korkeus 1125 mm;<br \/>\n&#8211; Tasopintojen v\u00e4linen korkeus 280 mm;<br \/>\n&#8211; Tasaisen pinnan mitat: 825 x 500 mm;<br \/>\n&#8211; Kantavuus: 100 kg;<\/p>\n","protected":false},"featured_media":5771,"template":"","meta":[],"product_brand":[],"product_cat":[243,272],"product_tag":[],"class_list":{"0":"post-14162","1":"product","2":"type-product","3":"status-publish","4":"has-post-thumbnail","6":"product_cat-karud-fi","7":"product_cat-roostevabad-karud-fi","9":"first","10":"instock","11":"taxable","12":"shipping-taxable","13":"purchasable","14":"product-type-simple"},"yoast_head":"<!-- This site is optimized with the Yoast SEO plugin v25.8 - https:\/\/yoast.com\/wordpress\/plugins\/seo\/ -->\n<title>4 tasainen C2, 18\/0, KOKM60356 - Balti Laomeister<\/title>\n<meta name=\"robots\" content=\"index, follow, max-snippet:-1, max-image-preview:large, max-video-preview:-1\" \/>\n<link rel=\"canonical\" href=\"https:\/\/beta.laomeister.com\/fi\/toode\/4-tasapinnaga-c2-18-0\/\" \/>\n<meta property=\"og:locale\" content=\"fi_FI\" \/>\n<meta property=\"og:type\" content=\"article\" \/>\n<meta property=\"og:title\" content=\"4 tasainen C2, 18\/0, KOKM60356 - Balti Laomeister\" \/>\n<meta property=\"og:description\" content=\"4-tasoinen ruostumattomasta ter\u00e4ksest\u00e4 valmistettu vaunu, jossa on korkea ty\u00f6taso. Nelj\u00e4 py\u00f6riv\u00e4\u00e4 100 mm:n py\u00f6r\u00e4\u00e4, joista kahdessa on jarrut. Lis\u00e4tietoja: - Yl\u00e4tason korkeus 1125 mm; - Tasopintojen v\u00e4linen korkeus 280 mm; - Tasaisen pinnan mitat: 825 x 500 mm; - Kantavuus: 100 kg;\" \/>\n<meta property=\"og:url\" content=\"https:\/\/beta.laomeister.com\/fi\/toode\/4-tasapinnaga-c2-18-0\/\" \/>\n<meta property=\"og:site_name\" content=\"Balti Laomeister\" \/>\n<meta property=\"article:modified_time\" content=\"2024-07-03T07:10:35+00:00\" \/>\n<meta property=\"og:image\" content=\"https:\/\/i0.wp.com\/www.laomeister.com\/wp-content\/uploads\/2018\/08\/4-tasapinnaga-C2-180.png?fit=661%2C660&ssl=1\" \/>\n\t<meta property=\"og:image:width\" content=\"661\" \/>\n\t<meta property=\"og:image:height\" content=\"660\" \/>\n\t<meta property=\"og:image:type\" content=\"image\/png\" \/>\n<meta name=\"twitter:card\" content=\"summary_large_image\" \/>\n<script type=\"application\/ld+json\" class=\"yoast-schema-graph\">{\"@context\":\"https:\/\/schema.org\",\"@graph\":[{\"@type\":\"WebPage\",\"@id\":\"https:\/\/beta.laomeister.com\/fi\/toode\/4-tasapinnaga-c2-18-0\/\",\"url\":\"https:\/\/beta.laomeister.com\/fi\/toode\/4-tasapinnaga-c2-18-0\/\",\"name\":\"4 tasainen C2, 18\/0, KOKM60356 - Balti Laomeister\",\"isPartOf\":{\"@id\":\"https:\/\/beta.laomeister.com\/fi\/#website\"},\"primaryImageOfPage\":{\"@id\":\"https:\/\/beta.laomeister.com\/fi\/toode\/4-tasapinnaga-c2-18-0\/#primaryimage\"},\"image\":{\"@id\":\"https:\/\/beta.laomeister.com\/fi\/toode\/4-tasapinnaga-c2-18-0\/#primaryimage\"},\"thumbnailUrl\":\"https:\/\/beta.laomeister.com\/wp-content\/uploads\/2018\/08\/4-tasapinnaga-C2-180.png\",\"datePublished\":\"2018-08-14T08:00:05+00:00\",\"dateModified\":\"2024-07-03T07:10:35+00:00\",\"breadcrumb\":{\"@id\":\"https:\/\/beta.laomeister.com\/fi\/toode\/4-tasapinnaga-c2-18-0\/#breadcrumb\"},\"inLanguage\":\"fi\",\"potentialAction\":[{\"@type\":\"ReadAction\",\"target\":[\"https:\/\/beta.laomeister.com\/fi\/toode\/4-tasapinnaga-c2-18-0\/\"]}]},{\"@type\":\"ImageObject\",\"inLanguage\":\"fi\",\"@id\":\"https:\/\/beta.laomeister.com\/fi\/toode\/4-tasapinnaga-c2-18-0\/#primaryimage\",\"url\":\"https:\/\/beta.laomeister.com\/wp-content\/uploads\/2018\/08\/4-tasapinnaga-C2-180.png\",\"contentUrl\":\"https:\/\/beta.laomeister.com\/wp-content\/uploads\/2018\/08\/4-tasapinnaga-C2-180.png\",\"width\":661,\"height\":660,\"caption\":\"roostevaba k\u00e4ru\"},{\"@type\":\"BreadcrumbList\",\"@id\":\"https:\/\/beta.laomeister.com\/fi\/toode\/4-tasapinnaga-c2-18-0\/#breadcrumb\",\"itemListElement\":[{\"@type\":\"ListItem\",\"position\":1,\"name\":\"Home\",\"item\":\"https:\/\/beta.laomeister.com\/fi\/\"},{\"@type\":\"ListItem\",\"position\":2,\"name\":\"Tuotteet\",\"item\":\"https:\/\/beta.laomeister.com\/fi\/tuotteet\/\"},{\"@type\":\"ListItem\",\"position\":3,\"name\":\"4 tasainen C2, 18\/0, KOKM60356\"}]},{\"@type\":\"WebSite\",\"@id\":\"https:\/\/beta.laomeister.com\/fi\/#website\",\"url\":\"https:\/\/beta.laomeister.com\/fi\/\",\"name\":\"Balti Laomeister\",\"description\":\"Laoriiulid - m&uuml;&uuml;k ja paigaldus\",\"potentialAction\":[{\"@type\":\"SearchAction\",\"target\":{\"@type\":\"EntryPoint\",\"urlTemplate\":\"https:\/\/beta.laomeister.com\/fi\/?s={search_term_string}\"},\"query-input\":{\"@type\":\"PropertyValueSpecification\",\"valueRequired\":true,\"valueName\":\"search_term_string\"}}],\"inLanguage\":\"fi\"}]}<\/script>\n<!-- \/ Yoast SEO plugin. -->","yoast_head_json":{"title":"4 tasainen C2, 18\/0, KOKM60356 - Balti Laomeister","robots":{"index":"index","follow":"follow","max-snippet":"max-snippet:-1","max-image-preview":"max-image-preview:large","max-video-preview":"max-video-preview:-1"},"canonical":"https:\/\/beta.laomeister.com\/fi\/toode\/4-tasapinnaga-c2-18-0\/","og_locale":"fi_FI","og_type":"article","og_title":"4 tasainen C2, 18\/0, KOKM60356 - Balti Laomeister","og_description":"4-tasoinen ruostumattomasta ter\u00e4ksest\u00e4 valmistettu vaunu, jossa on korkea ty\u00f6taso. Nelj\u00e4 py\u00f6riv\u00e4\u00e4 100 mm:n py\u00f6r\u00e4\u00e4, joista kahdessa on jarrut. Lis\u00e4tietoja: - Yl\u00e4tason korkeus 1125 mm; - Tasopintojen v\u00e4linen korkeus 280 mm; - Tasaisen pinnan mitat: 825 x 500 mm; - Kantavuus: 100 kg;","og_url":"https:\/\/beta.laomeister.com\/fi\/toode\/4-tasapinnaga-c2-18-0\/","og_site_name":"Balti Laomeister","article_modified_time":"2024-07-03T07:10:35+00:00","og_image":[{"width":661,"height":660,"url":"https:\/\/i0.wp.com\/www.laomeister.com\/wp-content\/uploads\/2018\/08\/4-tasapinnaga-C2-180.png?fit=661%2C660&ssl=1","type":"image\/png"}],"twitter_card":"summary_large_image","schema":{"@context":"https:\/\/schema.org","@graph":[{"@type":"WebPage","@id":"https:\/\/beta.laomeister.com\/fi\/toode\/4-tasapinnaga-c2-18-0\/","url":"https:\/\/beta.laomeister.com\/fi\/toode\/4-tasapinnaga-c2-18-0\/","name":"4 tasainen C2, 18\/0, KOKM60356 - Balti Laomeister","isPartOf":{"@id":"https:\/\/beta.laomeister.com\/fi\/#website"},"primaryImageOfPage":{"@id":"https:\/\/beta.laomeister.com\/fi\/toode\/4-tasapinnaga-c2-18-0\/#primaryimage"},"image":{"@id":"https:\/\/beta.laomeister.com\/fi\/toode\/4-tasapinnaga-c2-18-0\/#primaryimage"},"thumbnailUrl":"https:\/\/beta.laomeister.com\/wp-content\/uploads\/2018\/08\/4-tasapinnaga-C2-180.png","datePublished":"2018-08-14T08:00:05+00:00","dateModified":"2024-07-03T07:10:35+00:00","breadcrumb":{"@id":"https:\/\/beta.laomeister.com\/fi\/toode\/4-tasapinnaga-c2-18-0\/#breadcrumb"},"inLanguage":"fi","potentialAction":[{"@type":"ReadAction","target":["https:\/\/beta.laomeister.com\/fi\/toode\/4-tasapinnaga-c2-18-0\/"]}]},{"@type":"ImageObject","inLanguage":"fi","@id":"https:\/\/beta.laomeister.com\/fi\/toode\/4-tasapinnaga-c2-18-0\/#primaryimage","url":"https:\/\/beta.laomeister.com\/wp-content\/uploads\/2018\/08\/4-tasapinnaga-C2-180.png","contentUrl":"https:\/\/beta.laomeister.com\/wp-content\/uploads\/2018\/08\/4-tasapinnaga-C2-180.png","width":661,"height":660,"caption":"roostevaba k\u00e4ru"},{"@type":"BreadcrumbList","@id":"https:\/\/beta.laomeister.com\/fi\/toode\/4-tasapinnaga-c2-18-0\/#breadcrumb","itemListElement":[{"@type":"ListItem","position":1,"name":"Home","item":"https:\/\/beta.laomeister.com\/fi\/"},{"@type":"ListItem","position":2,"name":"Tuotteet","item":"https:\/\/beta.laomeister.com\/fi\/tuotteet\/"},{"@type":"ListItem","position":3,"name":"4 tasainen C2, 18\/0, KOKM60356"}]},{"@type":"WebSite","@id":"https:\/\/beta.laomeister.com\/fi\/#website","url":"https:\/\/beta.laomeister.com\/fi\/","name":"Balti Laomeister","description":"Laoriiulid - m&uuml;&uuml;k ja paigaldus","potentialAction":[{"@type":"SearchAction","target":{"@type":"EntryPoint","urlTemplate":"https:\/\/beta.laomeister.com\/fi\/?s={search_term_string}"},"query-input":{"@type":"PropertyValueSpecification","valueRequired":true,"valueName":"search_term_string"}}],"inLanguage":"fi"}]}},"_links":{"self":[{"href":"https:\/\/beta.laomeister.com\/fi\/wp-json\/wp\/v2\/product\/14162","targetHints":{"allow":["GET"]}}],"collection":[{"href":"https:\/\/beta.laomeister.com\/fi\/wp-json\/wp\/v2\/product"}],"about":[{"href":"https:\/\/beta.laomeister.com\/fi\/wp-json\/wp\/v2\/types\/product"}],"wp:featuredmedia":[{"embeddable":true,"href":"https:\/\/beta.laomeister.com\/fi\/wp-json\/wp\/v2\/media\/5771"}],"wp:attachment":[{"href":"https:\/\/beta.laomeister.com\/fi\/wp-json\/wp\/v2\/media?parent=14162"}],"wp:term":[{"taxonomy":"product_brand","embeddable":true,"href":"https:\/\/beta.laomeister.com\/fi\/wp-json\/wp\/v2\/product_brand?post=14162"},{"taxonomy":"product_cat","embeddable":true,"href":"https:\/\/beta.laomeister.com\/fi\/wp-json\/wp\/v2\/product_cat?post=14162"},{"taxonomy":"product_tag","embeddable":true,"href":"https:\/\/beta.laomeister.com\/fi\/wp-json\/wp\/v2\/product_tag?post=14162"}],"curies":[{"name":"wp","href":"https:\/\/api.w.org\/{rel}","templated":true}]}}