{"id":35567,"date":"2024-04-29T15:59:42","date_gmt":"2024-07-02T17:06:44","guid":{"rendered":"https:\/\/beta.laomeister.com\/toode\/tarrakansi-30x75-mm-st500502\/"},"modified":"2024-07-02T20:06:44","modified_gmt":"2024-07-02T17:06:44","slug":"tarrakansi-30x75-mm-st500502","status":"publish","type":"product","link":"https:\/\/beta.laomeister.com\/fi\/toode\/tarrakansi-30x75-mm-st500502\/","title":{"rendered":"Tarrakansi 30&#215;75 mm, ST500502"},"content":{"rendered":"","protected":false},"excerpt":{"rendered":"<ul>\n<li>Etiketin kannen mitat 30&#215;75 mm, KxL<\/li>\n<li>L\u00e4pin\u00e4kyv\u00e4 etikettikansi<\/li>\n<li>Pakkaus 100 etikettikuorta<\/li>\n<li>Etiketin kansi ei sis\u00e4ll\u00e4 etiketti\u00e4<\/li>\n<\/ul>\n","protected":false},"featured_media":34584,"template":"","meta":[],"product_brand":[],"product_cat":[705],"product_tag":[],"class_list":{"0":"post-35567","1":"product","2":"type-product","3":"status-publish","4":"has-post-thumbnail","6":"product_cat-muovilaatikot-stemo","8":"first","9":"instock","10":"taxable","11":"shipping-taxable","12":"purchasable","13":"product-type-simple"},"yoast_head":"<!-- This site is optimized with the Yoast SEO plugin v25.8 - https:\/\/yoast.com\/wordpress\/plugins\/seo\/ -->\n<title>Tarrakansi 30x75 mm, ST500502 - Balti Laomeister<\/title>\n<meta name=\"robots\" content=\"index, follow, max-snippet:-1, max-image-preview:large, max-video-preview:-1\" \/>\n<link rel=\"canonical\" href=\"https:\/\/beta.laomeister.com\/fi\/toode\/tarrakansi-30x75-mm-st500502\/\" \/>\n<meta property=\"og:locale\" content=\"fi_FI\" \/>\n<meta property=\"og:type\" content=\"article\" \/>\n<meta property=\"og:title\" content=\"Tarrakansi 30x75 mm, ST500502 - Balti Laomeister\" \/>\n<meta property=\"og:description\" content=\"Etiketin kannen mitat 30x75 mm, KxL  L\u00e4pin\u00e4kyv\u00e4 etikettikansi  Pakkaus 100 etikettikuorta  Etiketin kansi ei sis\u00e4ll\u00e4 etiketti\u00e4\" \/>\n<meta property=\"og:url\" content=\"https:\/\/beta.laomeister.com\/fi\/toode\/tarrakansi-30x75-mm-st500502\/\" \/>\n<meta property=\"og:site_name\" content=\"Balti Laomeister\" \/>\n<meta property=\"og:image\" content=\"https:\/\/beta.laomeister.com\/wp-content\/uploads\/2024\/04\/parts.jpeg\" \/>\n\t<meta property=\"og:image:width\" content=\"800\" \/>\n\t<meta property=\"og:image:height\" content=\"493\" \/>\n\t<meta property=\"og:image:type\" content=\"image\/jpeg\" \/>\n<meta name=\"twitter:card\" content=\"summary_large_image\" \/>\n<script type=\"application\/ld+json\" class=\"yoast-schema-graph\">{\"@context\":\"https:\/\/schema.org\",\"@graph\":[{\"@type\":\"WebPage\",\"@id\":\"https:\/\/beta.laomeister.com\/fi\/toode\/tarrakansi-30x75-mm-st500502\/\",\"url\":\"https:\/\/beta.laomeister.com\/fi\/toode\/tarrakansi-30x75-mm-st500502\/\",\"name\":\"Tarrakansi 30x75 mm, ST500502 - Balti Laomeister\",\"isPartOf\":{\"@id\":\"https:\/\/beta.laomeister.com\/fi\/#website\"},\"primaryImageOfPage\":{\"@id\":\"https:\/\/beta.laomeister.com\/fi\/toode\/tarrakansi-30x75-mm-st500502\/#primaryimage\"},\"image\":{\"@id\":\"https:\/\/beta.laomeister.com\/fi\/toode\/tarrakansi-30x75-mm-st500502\/#primaryimage\"},\"thumbnailUrl\":\"https:\/\/beta.laomeister.com\/wp-content\/uploads\/2024\/04\/parts.jpeg\",\"datePublished\":\"2024-07-02T17:06:44+00:00\",\"breadcrumb\":{\"@id\":\"https:\/\/beta.laomeister.com\/fi\/toode\/tarrakansi-30x75-mm-st500502\/#breadcrumb\"},\"inLanguage\":\"fi\",\"potentialAction\":[{\"@type\":\"ReadAction\",\"target\":[\"https:\/\/beta.laomeister.com\/fi\/toode\/tarrakansi-30x75-mm-st500502\/\"]}]},{\"@type\":\"ImageObject\",\"inLanguage\":\"fi\",\"@id\":\"https:\/\/beta.laomeister.com\/fi\/toode\/tarrakansi-30x75-mm-st500502\/#primaryimage\",\"url\":\"https:\/\/beta.laomeister.com\/wp-content\/uploads\/2024\/04\/parts.jpeg\",\"contentUrl\":\"https:\/\/beta.laomeister.com\/wp-content\/uploads\/2024\/04\/parts.jpeg\",\"width\":800,\"height\":493},{\"@type\":\"BreadcrumbList\",\"@id\":\"https:\/\/beta.laomeister.com\/fi\/toode\/tarrakansi-30x75-mm-st500502\/#breadcrumb\",\"itemListElement\":[{\"@type\":\"ListItem\",\"position\":1,\"name\":\"Home\",\"item\":\"https:\/\/beta.laomeister.com\/fi\/\"},{\"@type\":\"ListItem\",\"position\":2,\"name\":\"Tuotteet\",\"item\":\"https:\/\/beta.laomeister.com\/fi\/tuotteet\/\"},{\"@type\":\"ListItem\",\"position\":3,\"name\":\"Tarrakansi 30&#215;75 mm, ST500502\"}]},{\"@type\":\"WebSite\",\"@id\":\"https:\/\/beta.laomeister.com\/fi\/#website\",\"url\":\"https:\/\/beta.laomeister.com\/fi\/\",\"name\":\"Balti Laomeister\",\"description\":\"Laoriiulid - m&uuml;&uuml;k ja paigaldus\",\"potentialAction\":[{\"@type\":\"SearchAction\",\"target\":{\"@type\":\"EntryPoint\",\"urlTemplate\":\"https:\/\/beta.laomeister.com\/fi\/?s={search_term_string}\"},\"query-input\":{\"@type\":\"PropertyValueSpecification\",\"valueRequired\":true,\"valueName\":\"search_term_string\"}}],\"inLanguage\":\"fi\"}]}<\/script>\n<!-- \/ Yoast SEO plugin. -->","yoast_head_json":{"title":"Tarrakansi 30x75 mm, ST500502 - Balti Laomeister","robots":{"index":"index","follow":"follow","max-snippet":"max-snippet:-1","max-image-preview":"max-image-preview:large","max-video-preview":"max-video-preview:-1"},"canonical":"https:\/\/beta.laomeister.com\/fi\/toode\/tarrakansi-30x75-mm-st500502\/","og_locale":"fi_FI","og_type":"article","og_title":"Tarrakansi 30x75 mm, ST500502 - Balti Laomeister","og_description":"Etiketin kannen mitat 30x75 mm, KxL  L\u00e4pin\u00e4kyv\u00e4 etikettikansi  Pakkaus 100 etikettikuorta  Etiketin kansi ei sis\u00e4ll\u00e4 etiketti\u00e4","og_url":"https:\/\/beta.laomeister.com\/fi\/toode\/tarrakansi-30x75-mm-st500502\/","og_site_name":"Balti Laomeister","og_image":[{"width":800,"height":493,"url":"https:\/\/beta.laomeister.com\/wp-content\/uploads\/2024\/04\/parts.jpeg","type":"image\/jpeg"}],"twitter_card":"summary_large_image","schema":{"@context":"https:\/\/schema.org","@graph":[{"@type":"WebPage","@id":"https:\/\/beta.laomeister.com\/fi\/toode\/tarrakansi-30x75-mm-st500502\/","url":"https:\/\/beta.laomeister.com\/fi\/toode\/tarrakansi-30x75-mm-st500502\/","name":"Tarrakansi 30x75 mm, ST500502 - Balti Laomeister","isPartOf":{"@id":"https:\/\/beta.laomeister.com\/fi\/#website"},"primaryImageOfPage":{"@id":"https:\/\/beta.laomeister.com\/fi\/toode\/tarrakansi-30x75-mm-st500502\/#primaryimage"},"image":{"@id":"https:\/\/beta.laomeister.com\/fi\/toode\/tarrakansi-30x75-mm-st500502\/#primaryimage"},"thumbnailUrl":"https:\/\/beta.laomeister.com\/wp-content\/uploads\/2024\/04\/parts.jpeg","datePublished":"2024-07-02T17:06:44+00:00","breadcrumb":{"@id":"https:\/\/beta.laomeister.com\/fi\/toode\/tarrakansi-30x75-mm-st500502\/#breadcrumb"},"inLanguage":"fi","potentialAction":[{"@type":"ReadAction","target":["https:\/\/beta.laomeister.com\/fi\/toode\/tarrakansi-30x75-mm-st500502\/"]}]},{"@type":"ImageObject","inLanguage":"fi","@id":"https:\/\/beta.laomeister.com\/fi\/toode\/tarrakansi-30x75-mm-st500502\/#primaryimage","url":"https:\/\/beta.laomeister.com\/wp-content\/uploads\/2024\/04\/parts.jpeg","contentUrl":"https:\/\/beta.laomeister.com\/wp-content\/uploads\/2024\/04\/parts.jpeg","width":800,"height":493},{"@type":"BreadcrumbList","@id":"https:\/\/beta.laomeister.com\/fi\/toode\/tarrakansi-30x75-mm-st500502\/#breadcrumb","itemListElement":[{"@type":"ListItem","position":1,"name":"Home","item":"https:\/\/beta.laomeister.com\/fi\/"},{"@type":"ListItem","position":2,"name":"Tuotteet","item":"https:\/\/beta.laomeister.com\/fi\/tuotteet\/"},{"@type":"ListItem","position":3,"name":"Tarrakansi 30&#215;75 mm, ST500502"}]},{"@type":"WebSite","@id":"https:\/\/beta.laomeister.com\/fi\/#website","url":"https:\/\/beta.laomeister.com\/fi\/","name":"Balti Laomeister","description":"Laoriiulid - m&uuml;&uuml;k ja paigaldus","potentialAction":[{"@type":"SearchAction","target":{"@type":"EntryPoint","urlTemplate":"https:\/\/beta.laomeister.com\/fi\/?s={search_term_string}"},"query-input":{"@type":"PropertyValueSpecification","valueRequired":true,"valueName":"search_term_string"}}],"inLanguage":"fi"}]}},"_links":{"self":[{"href":"https:\/\/beta.laomeister.com\/fi\/wp-json\/wp\/v2\/product\/35567","targetHints":{"allow":["GET"]}}],"collection":[{"href":"https:\/\/beta.laomeister.com\/fi\/wp-json\/wp\/v2\/product"}],"about":[{"href":"https:\/\/beta.laomeister.com\/fi\/wp-json\/wp\/v2\/types\/product"}],"wp:featuredmedia":[{"embeddable":true,"href":"https:\/\/beta.laomeister.com\/fi\/wp-json\/wp\/v2\/media\/34584"}],"wp:attachment":[{"href":"https:\/\/beta.laomeister.com\/fi\/wp-json\/wp\/v2\/media?parent=35567"}],"wp:term":[{"taxonomy":"product_brand","embeddable":true,"href":"https:\/\/beta.laomeister.com\/fi\/wp-json\/wp\/v2\/product_brand?post=35567"},{"taxonomy":"product_cat","embeddable":true,"href":"https:\/\/beta.laomeister.com\/fi\/wp-json\/wp\/v2\/product_cat?post=35567"},{"taxonomy":"product_tag","embeddable":true,"href":"https:\/\/beta.laomeister.com\/fi\/wp-json\/wp\/v2\/product_tag?post=35567"}],"curies":[{"name":"wp","href":"https:\/\/api.w.org\/{rel}","templated":true}]}}