{"id":35575,"date":"2024-04-23T11:11:36","date_gmt":"2024-07-02T17:08:27","guid":{"rendered":"https:\/\/beta.laomeister.com\/toode\/standard-kiinnittimet-sinkittyja\/"},"modified":"2024-07-02T20:08:27","modified_gmt":"2024-07-02T17:08:27","slug":"standard-kiinnittimet-sinkittyja","status":"publish","type":"product","link":"https:\/\/beta.laomeister.com\/fi\/toode\/standard-kiinnittimet-sinkittyja\/","title":{"rendered":"STANDARD-kiinnittimet, sinkittyj\u00e4"},"content":{"rendered":"","protected":false},"excerpt":{"rendered":"<ul>\n<li>Kiinnittimet<\/li>\n<li>Laakerisipulin p\u00e4\u00e4osa kest\u00e4\u00e4 4 kpl.<\/li>\n<li>Lehtisipulin lis\u00e4osaan tarvitaan 2 kpl.<\/li>\n<\/ul>\n<p>&nbsp;<\/p>\n","protected":false},"featured_media":34425,"template":"","meta":[],"product_brand":[],"product_cat":[712,398],"product_tag":[],"class_list":{"0":"post-35575","1":"product","2":"type-product","3":"status-publish","4":"has-post-thumbnail","6":"product_cat-vakiomuotoiset-modulaariset-hyllyt-100kg-levyalue","7":"product_cat-garaazhi-ja-panipaika-fi","9":"first","10":"instock","11":"taxable","12":"shipping-taxable","13":"purchasable","14":"product-type-simple"},"yoast_head":"<!-- This site is optimized with the Yoast SEO plugin v25.8 - https:\/\/yoast.com\/wordpress\/plugins\/seo\/ -->\n<title>STANDARD-kiinnittimet, sinkittyj\u00e4 - Balti Laomeister<\/title>\n<meta name=\"robots\" content=\"index, follow, max-snippet:-1, max-image-preview:large, max-video-preview:-1\" \/>\n<link rel=\"canonical\" href=\"https:\/\/beta.laomeister.com\/fi\/toode\/standard-kiinnittimet-sinkittyja\/\" \/>\n<meta property=\"og:locale\" content=\"fi_FI\" \/>\n<meta property=\"og:type\" content=\"article\" \/>\n<meta property=\"og:title\" content=\"STANDARD-kiinnittimet, sinkittyj\u00e4 - Balti Laomeister\" \/>\n<meta property=\"og:description\" content=\"Kiinnittimet  Laakerisipulin p\u00e4\u00e4osa kest\u00e4\u00e4 4 kpl.  Lehtisipulin lis\u00e4osaan tarvitaan 2 kpl. &nbsp;\" \/>\n<meta property=\"og:url\" content=\"https:\/\/beta.laomeister.com\/fi\/toode\/standard-kiinnittimet-sinkittyja\/\" \/>\n<meta property=\"og:site_name\" content=\"Balti Laomeister\" \/>\n<meta property=\"og:image\" content=\"https:\/\/i0.wp.com\/www.laomeister.com\/wp-content\/uploads\/2024\/04\/images-1.jpeg?fit=225%2C225&ssl=1\" \/>\n\t<meta property=\"og:image:width\" content=\"225\" \/>\n\t<meta property=\"og:image:height\" content=\"225\" \/>\n\t<meta property=\"og:image:type\" content=\"image\/jpeg\" \/>\n<meta name=\"twitter:card\" content=\"summary_large_image\" \/>\n<script type=\"application\/ld+json\" class=\"yoast-schema-graph\">{\"@context\":\"https:\/\/schema.org\",\"@graph\":[{\"@type\":\"WebPage\",\"@id\":\"https:\/\/beta.laomeister.com\/fi\/toode\/standard-kiinnittimet-sinkittyja\/\",\"url\":\"https:\/\/beta.laomeister.com\/fi\/toode\/standard-kiinnittimet-sinkittyja\/\",\"name\":\"STANDARD-kiinnittimet, sinkittyj\u00e4 - Balti Laomeister\",\"isPartOf\":{\"@id\":\"https:\/\/beta.laomeister.com\/fi\/#website\"},\"primaryImageOfPage\":{\"@id\":\"https:\/\/beta.laomeister.com\/fi\/toode\/standard-kiinnittimet-sinkittyja\/#primaryimage\"},\"image\":{\"@id\":\"https:\/\/beta.laomeister.com\/fi\/toode\/standard-kiinnittimet-sinkittyja\/#primaryimage\"},\"thumbnailUrl\":\"https:\/\/beta.laomeister.com\/wp-content\/uploads\/2024\/04\/images-1.jpeg\",\"datePublished\":\"2024-07-02T17:08:27+00:00\",\"breadcrumb\":{\"@id\":\"https:\/\/beta.laomeister.com\/fi\/toode\/standard-kiinnittimet-sinkittyja\/#breadcrumb\"},\"inLanguage\":\"fi\",\"potentialAction\":[{\"@type\":\"ReadAction\",\"target\":[\"https:\/\/beta.laomeister.com\/fi\/toode\/standard-kiinnittimet-sinkittyja\/\"]}]},{\"@type\":\"ImageObject\",\"inLanguage\":\"fi\",\"@id\":\"https:\/\/beta.laomeister.com\/fi\/toode\/standard-kiinnittimet-sinkittyja\/#primaryimage\",\"url\":\"https:\/\/beta.laomeister.com\/wp-content\/uploads\/2024\/04\/images-1.jpeg\",\"contentUrl\":\"https:\/\/beta.laomeister.com\/wp-content\/uploads\/2024\/04\/images-1.jpeg\",\"width\":225,\"height\":225},{\"@type\":\"BreadcrumbList\",\"@id\":\"https:\/\/beta.laomeister.com\/fi\/toode\/standard-kiinnittimet-sinkittyja\/#breadcrumb\",\"itemListElement\":[{\"@type\":\"ListItem\",\"position\":1,\"name\":\"Home\",\"item\":\"https:\/\/beta.laomeister.com\/fi\/\"},{\"@type\":\"ListItem\",\"position\":2,\"name\":\"Tuotteet\",\"item\":\"https:\/\/beta.laomeister.com\/fi\/tuotteet\/\"},{\"@type\":\"ListItem\",\"position\":3,\"name\":\"STANDARD-kiinnittimet, sinkittyj\u00e4\"}]},{\"@type\":\"WebSite\",\"@id\":\"https:\/\/beta.laomeister.com\/fi\/#website\",\"url\":\"https:\/\/beta.laomeister.com\/fi\/\",\"name\":\"Balti Laomeister\",\"description\":\"Laoriiulid - m&uuml;&uuml;k ja paigaldus\",\"potentialAction\":[{\"@type\":\"SearchAction\",\"target\":{\"@type\":\"EntryPoint\",\"urlTemplate\":\"https:\/\/beta.laomeister.com\/fi\/?s={search_term_string}\"},\"query-input\":{\"@type\":\"PropertyValueSpecification\",\"valueRequired\":true,\"valueName\":\"search_term_string\"}}],\"inLanguage\":\"fi\"}]}<\/script>\n<!-- \/ Yoast SEO plugin. -->","yoast_head_json":{"title":"STANDARD-kiinnittimet, sinkittyj\u00e4 - Balti Laomeister","robots":{"index":"index","follow":"follow","max-snippet":"max-snippet:-1","max-image-preview":"max-image-preview:large","max-video-preview":"max-video-preview:-1"},"canonical":"https:\/\/beta.laomeister.com\/fi\/toode\/standard-kiinnittimet-sinkittyja\/","og_locale":"fi_FI","og_type":"article","og_title":"STANDARD-kiinnittimet, sinkittyj\u00e4 - Balti Laomeister","og_description":"Kiinnittimet  Laakerisipulin p\u00e4\u00e4osa kest\u00e4\u00e4 4 kpl.  Lehtisipulin lis\u00e4osaan tarvitaan 2 kpl. &nbsp;","og_url":"https:\/\/beta.laomeister.com\/fi\/toode\/standard-kiinnittimet-sinkittyja\/","og_site_name":"Balti Laomeister","og_image":[{"width":225,"height":225,"url":"https:\/\/i0.wp.com\/www.laomeister.com\/wp-content\/uploads\/2024\/04\/images-1.jpeg?fit=225%2C225&ssl=1","type":"image\/jpeg"}],"twitter_card":"summary_large_image","schema":{"@context":"https:\/\/schema.org","@graph":[{"@type":"WebPage","@id":"https:\/\/beta.laomeister.com\/fi\/toode\/standard-kiinnittimet-sinkittyja\/","url":"https:\/\/beta.laomeister.com\/fi\/toode\/standard-kiinnittimet-sinkittyja\/","name":"STANDARD-kiinnittimet, sinkittyj\u00e4 - Balti Laomeister","isPartOf":{"@id":"https:\/\/beta.laomeister.com\/fi\/#website"},"primaryImageOfPage":{"@id":"https:\/\/beta.laomeister.com\/fi\/toode\/standard-kiinnittimet-sinkittyja\/#primaryimage"},"image":{"@id":"https:\/\/beta.laomeister.com\/fi\/toode\/standard-kiinnittimet-sinkittyja\/#primaryimage"},"thumbnailUrl":"https:\/\/beta.laomeister.com\/wp-content\/uploads\/2024\/04\/images-1.jpeg","datePublished":"2024-07-02T17:08:27+00:00","breadcrumb":{"@id":"https:\/\/beta.laomeister.com\/fi\/toode\/standard-kiinnittimet-sinkittyja\/#breadcrumb"},"inLanguage":"fi","potentialAction":[{"@type":"ReadAction","target":["https:\/\/beta.laomeister.com\/fi\/toode\/standard-kiinnittimet-sinkittyja\/"]}]},{"@type":"ImageObject","inLanguage":"fi","@id":"https:\/\/beta.laomeister.com\/fi\/toode\/standard-kiinnittimet-sinkittyja\/#primaryimage","url":"https:\/\/beta.laomeister.com\/wp-content\/uploads\/2024\/04\/images-1.jpeg","contentUrl":"https:\/\/beta.laomeister.com\/wp-content\/uploads\/2024\/04\/images-1.jpeg","width":225,"height":225},{"@type":"BreadcrumbList","@id":"https:\/\/beta.laomeister.com\/fi\/toode\/standard-kiinnittimet-sinkittyja\/#breadcrumb","itemListElement":[{"@type":"ListItem","position":1,"name":"Home","item":"https:\/\/beta.laomeister.com\/fi\/"},{"@type":"ListItem","position":2,"name":"Tuotteet","item":"https:\/\/beta.laomeister.com\/fi\/tuotteet\/"},{"@type":"ListItem","position":3,"name":"STANDARD-kiinnittimet, sinkittyj\u00e4"}]},{"@type":"WebSite","@id":"https:\/\/beta.laomeister.com\/fi\/#website","url":"https:\/\/beta.laomeister.com\/fi\/","name":"Balti Laomeister","description":"Laoriiulid - m&uuml;&uuml;k ja paigaldus","potentialAction":[{"@type":"SearchAction","target":{"@type":"EntryPoint","urlTemplate":"https:\/\/beta.laomeister.com\/fi\/?s={search_term_string}"},"query-input":{"@type":"PropertyValueSpecification","valueRequired":true,"valueName":"search_term_string"}}],"inLanguage":"fi"}]}},"_links":{"self":[{"href":"https:\/\/beta.laomeister.com\/fi\/wp-json\/wp\/v2\/product\/35575","targetHints":{"allow":["GET"]}}],"collection":[{"href":"https:\/\/beta.laomeister.com\/fi\/wp-json\/wp\/v2\/product"}],"about":[{"href":"https:\/\/beta.laomeister.com\/fi\/wp-json\/wp\/v2\/types\/product"}],"wp:featuredmedia":[{"embeddable":true,"href":"https:\/\/beta.laomeister.com\/fi\/wp-json\/wp\/v2\/media\/34425"}],"wp:attachment":[{"href":"https:\/\/beta.laomeister.com\/fi\/wp-json\/wp\/v2\/media?parent=35575"}],"wp:term":[{"taxonomy":"product_brand","embeddable":true,"href":"https:\/\/beta.laomeister.com\/fi\/wp-json\/wp\/v2\/product_brand?post=35575"},{"taxonomy":"product_cat","embeddable":true,"href":"https:\/\/beta.laomeister.com\/fi\/wp-json\/wp\/v2\/product_cat?post=35575"},{"taxonomy":"product_tag","embeddable":true,"href":"https:\/\/beta.laomeister.com\/fi\/wp-json\/wp\/v2\/product_tag?post=35575"}],"curies":[{"name":"wp","href":"https:\/\/api.w.org\/{rel}","templated":true}]}}