{"id":36252,"date":"2022-09-28T12:43:20","date_gmt":"2024-07-02T17:51:53","guid":{"rendered":"https:\/\/beta.laomeister.com\/toode\/standard-2000x500-mm-600-kgn-osastointi-100-kgn-laatta-alaosa\/"},"modified":"2024-07-02T20:51:53","modified_gmt":"2024-07-02T17:51:53","slug":"standard-2000x500-mm-600-kgn-osastointi-100-kgn-laatta-alaosa","status":"publish","type":"product","link":"https:\/\/beta.laomeister.com\/fi\/toode\/standard-2000x500-mm-600-kgn-osastointi-100-kgn-laatta-alaosa\/","title":{"rendered":"STANDARD, 2000&#215;500 mm, 600 kg:n osastointi, 100 kg:n laatta, alaosa."},"content":{"rendered":"","protected":false},"excerpt":{"rendered":"<ul>\n<li>Sarja sis\u00e4lt\u00e4\u00e4 4 tolppaa, 6 hylly\u00e4, 1 kiinnityslaite.<\/li>\n<li>Hyllyt ja pylv\u00e4\u00e4t on valmistettu pulverimaalatuista metallilevyist\u00e4.<\/li>\n<li>Kylm\u00e4kehikko koostuu nelj\u00e4st\u00e4 pylv\u00e4\u00e4st\u00e4, nelj\u00e4st\u00e4 pylv\u00e4stuesta ja kiinnikkeist\u00e4.<\/li>\n<li>Kunkin hyllyn kantavuus tasaisesti jakautuneelle kuormalle on 100 kg.<\/li>\n<li>Hyllypinnan s\u00e4\u00e4t\u00f6alue on 50 mm.<\/li>\n<li>Pohjan korkeus 2000 mm, syvyys 500 mm<\/li>\n<li>P\u00e4\u00e4rungon tarkka leveys on 1044 mm.<\/li>\n<li>P\u00e4\u00e4osa on vapaasti seisova hylly. P\u00e4\u00e4osaa voidaan laajentaa kiinnitt\u00e4m\u00e4ll\u00e4 hyllyyn saman syvyysmitan omaavia lis\u00e4osia.<\/li>\n<li>Toimitetaan osina<\/li>\n<\/ul>\n<p>&nbsp;<\/p>\n","protected":false},"featured_media":32640,"template":"","meta":[],"product_brand":[],"product_cat":[712,398],"product_tag":[],"class_list":{"0":"post-36252","1":"product","2":"type-product","3":"status-publish","4":"has-post-thumbnail","6":"product_cat-vakiomuotoiset-modulaariset-hyllyt-100kg-levyalue","7":"product_cat-garaazhi-ja-panipaika-fi","9":"first","10":"instock","11":"taxable","12":"shipping-taxable","13":"purchasable","14":"product-type-simple"},"yoast_head":"<!-- This site is optimized with the Yoast SEO plugin v25.8 - https:\/\/yoast.com\/wordpress\/plugins\/seo\/ -->\n<title>STANDARD, 2000x500 mm, 600 kg:n osastointi, 100 kg:n laatta, alaosa. - Balti Laomeister<\/title>\n<meta name=\"robots\" content=\"index, follow, max-snippet:-1, max-image-preview:large, max-video-preview:-1\" \/>\n<link rel=\"canonical\" href=\"https:\/\/beta.laomeister.com\/fi\/toode\/standard-2000x500-mm-600-kgn-osastointi-100-kgn-laatta-alaosa\/\" \/>\n<meta property=\"og:locale\" content=\"fi_FI\" \/>\n<meta property=\"og:type\" content=\"article\" \/>\n<meta property=\"og:title\" content=\"STANDARD, 2000x500 mm, 600 kg:n osastointi, 100 kg:n laatta, alaosa. - Balti Laomeister\" \/>\n<meta property=\"og:description\" content=\"Sarja sis\u00e4lt\u00e4\u00e4 4 tolppaa, 6 hylly\u00e4, 1 kiinnityslaite.  Hyllyt ja pylv\u00e4\u00e4t on valmistettu pulverimaalatuista metallilevyist\u00e4.  Kylm\u00e4kehikko koostuu nelj\u00e4st\u00e4 pylv\u00e4\u00e4st\u00e4, nelj\u00e4st\u00e4 pylv\u00e4stuesta ja kiinnikkeist\u00e4.  Kunkin hyllyn kantavuus tasaisesti jakautuneelle kuormalle on 100 kg.  Hyllypinnan s\u00e4\u00e4t\u00f6alue on 50 mm.  Pohjan korkeus 2000 mm, syvyys 500 mm  P\u00e4\u00e4rungon tarkka leveys on 1044 mm.  P\u00e4\u00e4osa on vapaasti seisova hylly. P\u00e4\u00e4osaa voidaan laajentaa kiinnitt\u00e4m\u00e4ll\u00e4 hyllyyn saman syvyysmitan omaavia lis\u00e4osia.  Toimitetaan osina &nbsp;\" \/>\n<meta property=\"og:url\" content=\"https:\/\/beta.laomeister.com\/fi\/toode\/standard-2000x500-mm-600-kgn-osastointi-100-kgn-laatta-alaosa\/\" \/>\n<meta property=\"og:site_name\" content=\"Balti Laomeister\" \/>\n<meta property=\"og:image\" content=\"https:\/\/i0.wp.com\/www.laomeister.com\/wp-content\/uploads\/2022\/09\/Laoriiul1.jpeg?fit=600%2C600&ssl=1\" \/>\n\t<meta property=\"og:image:width\" content=\"600\" \/>\n\t<meta property=\"og:image:height\" content=\"600\" \/>\n\t<meta property=\"og:image:type\" content=\"image\/jpeg\" \/>\n<meta name=\"twitter:card\" content=\"summary_large_image\" \/>\n<script type=\"application\/ld+json\" class=\"yoast-schema-graph\">{\"@context\":\"https:\/\/schema.org\",\"@graph\":[{\"@type\":\"WebPage\",\"@id\":\"https:\/\/beta.laomeister.com\/fi\/toode\/standard-2000x500-mm-600-kgn-osastointi-100-kgn-laatta-alaosa\/\",\"url\":\"https:\/\/beta.laomeister.com\/fi\/toode\/standard-2000x500-mm-600-kgn-osastointi-100-kgn-laatta-alaosa\/\",\"name\":\"STANDARD, 2000x500 mm, 600 kg:n osastointi, 100 kg:n laatta, alaosa. - Balti Laomeister\",\"isPartOf\":{\"@id\":\"https:\/\/beta.laomeister.com\/fi\/#website\"},\"primaryImageOfPage\":{\"@id\":\"https:\/\/beta.laomeister.com\/fi\/toode\/standard-2000x500-mm-600-kgn-osastointi-100-kgn-laatta-alaosa\/#primaryimage\"},\"image\":{\"@id\":\"https:\/\/beta.laomeister.com\/fi\/toode\/standard-2000x500-mm-600-kgn-osastointi-100-kgn-laatta-alaosa\/#primaryimage\"},\"thumbnailUrl\":\"https:\/\/beta.laomeister.com\/wp-content\/uploads\/2022\/09\/Laoriiul1.jpeg\",\"datePublished\":\"2024-07-02T17:51:53+00:00\",\"breadcrumb\":{\"@id\":\"https:\/\/beta.laomeister.com\/fi\/toode\/standard-2000x500-mm-600-kgn-osastointi-100-kgn-laatta-alaosa\/#breadcrumb\"},\"inLanguage\":\"fi\",\"potentialAction\":[{\"@type\":\"ReadAction\",\"target\":[\"https:\/\/beta.laomeister.com\/fi\/toode\/standard-2000x500-mm-600-kgn-osastointi-100-kgn-laatta-alaosa\/\"]}]},{\"@type\":\"ImageObject\",\"inLanguage\":\"fi\",\"@id\":\"https:\/\/beta.laomeister.com\/fi\/toode\/standard-2000x500-mm-600-kgn-osastointi-100-kgn-laatta-alaosa\/#primaryimage\",\"url\":\"https:\/\/beta.laomeister.com\/wp-content\/uploads\/2022\/09\/Laoriiul1.jpeg\",\"contentUrl\":\"https:\/\/beta.laomeister.com\/wp-content\/uploads\/2022\/09\/Laoriiul1.jpeg\",\"width\":600,\"height\":600},{\"@type\":\"BreadcrumbList\",\"@id\":\"https:\/\/beta.laomeister.com\/fi\/toode\/standard-2000x500-mm-600-kgn-osastointi-100-kgn-laatta-alaosa\/#breadcrumb\",\"itemListElement\":[{\"@type\":\"ListItem\",\"position\":1,\"name\":\"Home\",\"item\":\"https:\/\/beta.laomeister.com\/fi\/\"},{\"@type\":\"ListItem\",\"position\":2,\"name\":\"Tuotteet\",\"item\":\"https:\/\/beta.laomeister.com\/fi\/tuotteet\/\"},{\"@type\":\"ListItem\",\"position\":3,\"name\":\"STANDARD, 2000&#215;500 mm, 600 kg:n osastointi, 100 kg:n laatta, alaosa.\"}]},{\"@type\":\"WebSite\",\"@id\":\"https:\/\/beta.laomeister.com\/fi\/#website\",\"url\":\"https:\/\/beta.laomeister.com\/fi\/\",\"name\":\"Balti Laomeister\",\"description\":\"Laoriiulid - m&uuml;&uuml;k ja paigaldus\",\"potentialAction\":[{\"@type\":\"SearchAction\",\"target\":{\"@type\":\"EntryPoint\",\"urlTemplate\":\"https:\/\/beta.laomeister.com\/fi\/?s={search_term_string}\"},\"query-input\":{\"@type\":\"PropertyValueSpecification\",\"valueRequired\":true,\"valueName\":\"search_term_string\"}}],\"inLanguage\":\"fi\"}]}<\/script>\n<!-- \/ Yoast SEO plugin. -->","yoast_head_json":{"title":"STANDARD, 2000x500 mm, 600 kg:n osastointi, 100 kg:n laatta, alaosa. - Balti Laomeister","robots":{"index":"index","follow":"follow","max-snippet":"max-snippet:-1","max-image-preview":"max-image-preview:large","max-video-preview":"max-video-preview:-1"},"canonical":"https:\/\/beta.laomeister.com\/fi\/toode\/standard-2000x500-mm-600-kgn-osastointi-100-kgn-laatta-alaosa\/","og_locale":"fi_FI","og_type":"article","og_title":"STANDARD, 2000x500 mm, 600 kg:n osastointi, 100 kg:n laatta, alaosa. - Balti Laomeister","og_description":"Sarja sis\u00e4lt\u00e4\u00e4 4 tolppaa, 6 hylly\u00e4, 1 kiinnityslaite.  Hyllyt ja pylv\u00e4\u00e4t on valmistettu pulverimaalatuista metallilevyist\u00e4.  Kylm\u00e4kehikko koostuu nelj\u00e4st\u00e4 pylv\u00e4\u00e4st\u00e4, nelj\u00e4st\u00e4 pylv\u00e4stuesta ja kiinnikkeist\u00e4.  Kunkin hyllyn kantavuus tasaisesti jakautuneelle kuormalle on 100 kg.  Hyllypinnan s\u00e4\u00e4t\u00f6alue on 50 mm.  Pohjan korkeus 2000 mm, syvyys 500 mm  P\u00e4\u00e4rungon tarkka leveys on 1044 mm.  P\u00e4\u00e4osa on vapaasti seisova hylly. P\u00e4\u00e4osaa voidaan laajentaa kiinnitt\u00e4m\u00e4ll\u00e4 hyllyyn saman syvyysmitan omaavia lis\u00e4osia.  Toimitetaan osina &nbsp;","og_url":"https:\/\/beta.laomeister.com\/fi\/toode\/standard-2000x500-mm-600-kgn-osastointi-100-kgn-laatta-alaosa\/","og_site_name":"Balti Laomeister","og_image":[{"width":600,"height":600,"url":"https:\/\/i0.wp.com\/www.laomeister.com\/wp-content\/uploads\/2022\/09\/Laoriiul1.jpeg?fit=600%2C600&ssl=1","type":"image\/jpeg"}],"twitter_card":"summary_large_image","schema":{"@context":"https:\/\/schema.org","@graph":[{"@type":"WebPage","@id":"https:\/\/beta.laomeister.com\/fi\/toode\/standard-2000x500-mm-600-kgn-osastointi-100-kgn-laatta-alaosa\/","url":"https:\/\/beta.laomeister.com\/fi\/toode\/standard-2000x500-mm-600-kgn-osastointi-100-kgn-laatta-alaosa\/","name":"STANDARD, 2000x500 mm, 600 kg:n osastointi, 100 kg:n laatta, alaosa. - Balti Laomeister","isPartOf":{"@id":"https:\/\/beta.laomeister.com\/fi\/#website"},"primaryImageOfPage":{"@id":"https:\/\/beta.laomeister.com\/fi\/toode\/standard-2000x500-mm-600-kgn-osastointi-100-kgn-laatta-alaosa\/#primaryimage"},"image":{"@id":"https:\/\/beta.laomeister.com\/fi\/toode\/standard-2000x500-mm-600-kgn-osastointi-100-kgn-laatta-alaosa\/#primaryimage"},"thumbnailUrl":"https:\/\/beta.laomeister.com\/wp-content\/uploads\/2022\/09\/Laoriiul1.jpeg","datePublished":"2024-07-02T17:51:53+00:00","breadcrumb":{"@id":"https:\/\/beta.laomeister.com\/fi\/toode\/standard-2000x500-mm-600-kgn-osastointi-100-kgn-laatta-alaosa\/#breadcrumb"},"inLanguage":"fi","potentialAction":[{"@type":"ReadAction","target":["https:\/\/beta.laomeister.com\/fi\/toode\/standard-2000x500-mm-600-kgn-osastointi-100-kgn-laatta-alaosa\/"]}]},{"@type":"ImageObject","inLanguage":"fi","@id":"https:\/\/beta.laomeister.com\/fi\/toode\/standard-2000x500-mm-600-kgn-osastointi-100-kgn-laatta-alaosa\/#primaryimage","url":"https:\/\/beta.laomeister.com\/wp-content\/uploads\/2022\/09\/Laoriiul1.jpeg","contentUrl":"https:\/\/beta.laomeister.com\/wp-content\/uploads\/2022\/09\/Laoriiul1.jpeg","width":600,"height":600},{"@type":"BreadcrumbList","@id":"https:\/\/beta.laomeister.com\/fi\/toode\/standard-2000x500-mm-600-kgn-osastointi-100-kgn-laatta-alaosa\/#breadcrumb","itemListElement":[{"@type":"ListItem","position":1,"name":"Home","item":"https:\/\/beta.laomeister.com\/fi\/"},{"@type":"ListItem","position":2,"name":"Tuotteet","item":"https:\/\/beta.laomeister.com\/fi\/tuotteet\/"},{"@type":"ListItem","position":3,"name":"STANDARD, 2000&#215;500 mm, 600 kg:n osastointi, 100 kg:n laatta, alaosa."}]},{"@type":"WebSite","@id":"https:\/\/beta.laomeister.com\/fi\/#website","url":"https:\/\/beta.laomeister.com\/fi\/","name":"Balti Laomeister","description":"Laoriiulid - m&uuml;&uuml;k ja paigaldus","potentialAction":[{"@type":"SearchAction","target":{"@type":"EntryPoint","urlTemplate":"https:\/\/beta.laomeister.com\/fi\/?s={search_term_string}"},"query-input":{"@type":"PropertyValueSpecification","valueRequired":true,"valueName":"search_term_string"}}],"inLanguage":"fi"}]}},"_links":{"self":[{"href":"https:\/\/beta.laomeister.com\/fi\/wp-json\/wp\/v2\/product\/36252","targetHints":{"allow":["GET"]}}],"collection":[{"href":"https:\/\/beta.laomeister.com\/fi\/wp-json\/wp\/v2\/product"}],"about":[{"href":"https:\/\/beta.laomeister.com\/fi\/wp-json\/wp\/v2\/types\/product"}],"wp:featuredmedia":[{"embeddable":true,"href":"https:\/\/beta.laomeister.com\/fi\/wp-json\/wp\/v2\/media\/32640"}],"wp:attachment":[{"href":"https:\/\/beta.laomeister.com\/fi\/wp-json\/wp\/v2\/media?parent=36252"}],"wp:term":[{"taxonomy":"product_brand","embeddable":true,"href":"https:\/\/beta.laomeister.com\/fi\/wp-json\/wp\/v2\/product_brand?post=36252"},{"taxonomy":"product_cat","embeddable":true,"href":"https:\/\/beta.laomeister.com\/fi\/wp-json\/wp\/v2\/product_cat?post=36252"},{"taxonomy":"product_tag","embeddable":true,"href":"https:\/\/beta.laomeister.com\/fi\/wp-json\/wp\/v2\/product_tag?post=36252"}],"curies":[{"name":"wp","href":"https:\/\/api.w.org\/{rel}","templated":true}]}}