{"id":36574,"date":"2021-01-26T12:59:58","date_gmt":"2024-07-02T20:11:24","guid":{"rendered":"https:\/\/beta.laomeister.com\/toode\/standard-2550x500-mm-600-kgn-osa-100-kgn-laatta-jatkopala\/"},"modified":"2024-07-02T23:11:24","modified_gmt":"2024-07-02T20:11:24","slug":"standard-2550x500-mm-600-kgn-osa-100-kgn-laatta-jatkopala","status":"publish","type":"product","link":"https:\/\/beta.laomeister.com\/fi\/toode\/standard-2550x500-mm-600-kgn-osa-100-kgn-laatta-jatkopala\/","title":{"rendered":"STANDARD, 2550&#215;500 mm, 600 kg:n osa, 100 kg:n laatta, jatkopala."},"content":{"rendered":"","protected":false},"excerpt":{"rendered":"<ul>\n<li>Sarja sis\u00e4lt\u00e4\u00e4 2 tolppaa, 6 hylly\u00e4, 1 kiinnityslaite.<\/li>\n<li>Hyllyt ja pylv\u00e4\u00e4t on valmistettu pulverimaalatuista metallilevyist\u00e4.<\/li>\n<li>Frigram koostuu kahdesta pylv\u00e4\u00e4st\u00e4, kahdesta pylv\u00e4stuesta ja kiinnikkeist\u00e4.<\/li>\n<li>Kunkin hyllyn kantavuus tasaisesti jakautuneelle kuormalle on 100 kg.<\/li>\n<li>Hyllypinnan s\u00e4\u00e4t\u00f6alue on 50 mm.<\/li>\n<li>Jatkokorkeus 2550 mm, syvyys 500 mm<\/li>\n<li>Laajennuksen tarkka leveys on 1000 mm.<\/li>\n<li>Jatkokappale ei ole erillinen hylly. Useista osista koostuvan hyllykokonaisuuden muodostamiseksi yksi tai useampi lis\u00e4osa on kiinnitett\u00e4v\u00e4 sarjaan p\u00e4\u00e4osaan.<\/li>\n<li>Toimitetaan osina<\/li>\n<\/ul>\n","protected":false},"featured_media":32644,"template":"","meta":[],"product_brand":[],"product_cat":[712,398],"product_tag":[],"class_list":{"0":"post-36574","1":"product","2":"type-product","3":"status-publish","4":"has-post-thumbnail","6":"product_cat-vakiomuotoiset-modulaariset-hyllyt-100kg-levyalue","7":"product_cat-garaazhi-ja-panipaika-fi","9":"first","10":"instock","11":"taxable","12":"shipping-taxable","13":"purchasable","14":"product-type-simple"},"yoast_head":"<!-- This site is optimized with the Yoast SEO plugin v25.8 - https:\/\/yoast.com\/wordpress\/plugins\/seo\/ -->\n<title>STANDARD, 2550x500 mm, 600 kg:n osa, 100 kg:n laatta, jatkopala. - Balti Laomeister<\/title>\n<meta name=\"robots\" content=\"index, follow, max-snippet:-1, max-image-preview:large, max-video-preview:-1\" \/>\n<link rel=\"canonical\" href=\"https:\/\/beta.laomeister.com\/fi\/toode\/standard-2550x500-mm-600-kgn-osa-100-kgn-laatta-jatkopala\/\" \/>\n<meta property=\"og:locale\" content=\"fi_FI\" \/>\n<meta property=\"og:type\" content=\"article\" \/>\n<meta property=\"og:title\" content=\"STANDARD, 2550x500 mm, 600 kg:n osa, 100 kg:n laatta, jatkopala. - Balti Laomeister\" \/>\n<meta property=\"og:description\" content=\"Sarja sis\u00e4lt\u00e4\u00e4 2 tolppaa, 6 hylly\u00e4, 1 kiinnityslaite.  Hyllyt ja pylv\u00e4\u00e4t on valmistettu pulverimaalatuista metallilevyist\u00e4.  Frigram koostuu kahdesta pylv\u00e4\u00e4st\u00e4, kahdesta pylv\u00e4stuesta ja kiinnikkeist\u00e4.  Kunkin hyllyn kantavuus tasaisesti jakautuneelle kuormalle on 100 kg.  Hyllypinnan s\u00e4\u00e4t\u00f6alue on 50 mm.  Jatkokorkeus 2550 mm, syvyys 500 mm  Laajennuksen tarkka leveys on 1000 mm.  Jatkokappale ei ole erillinen hylly. Useista osista koostuvan hyllykokonaisuuden muodostamiseksi yksi tai useampi lis\u00e4osa on kiinnitett\u00e4v\u00e4 sarjaan p\u00e4\u00e4osaan.  Toimitetaan osina\" \/>\n<meta property=\"og:url\" content=\"https:\/\/beta.laomeister.com\/fi\/toode\/standard-2550x500-mm-600-kgn-osa-100-kgn-laatta-jatkopala\/\" \/>\n<meta property=\"og:site_name\" content=\"Balti Laomeister\" \/>\n<meta property=\"og:image\" content=\"https:\/\/i0.wp.com\/www.laomeister.com\/wp-content\/uploads\/2022\/09\/Lisaosa.jpeg?fit=900%2C900&ssl=1\" \/>\n\t<meta property=\"og:image:width\" content=\"900\" \/>\n\t<meta property=\"og:image:height\" content=\"900\" \/>\n\t<meta property=\"og:image:type\" content=\"image\/jpeg\" \/>\n<meta name=\"twitter:card\" content=\"summary_large_image\" \/>\n<script type=\"application\/ld+json\" class=\"yoast-schema-graph\">{\"@context\":\"https:\/\/schema.org\",\"@graph\":[{\"@type\":\"WebPage\",\"@id\":\"https:\/\/beta.laomeister.com\/fi\/toode\/standard-2550x500-mm-600-kgn-osa-100-kgn-laatta-jatkopala\/\",\"url\":\"https:\/\/beta.laomeister.com\/fi\/toode\/standard-2550x500-mm-600-kgn-osa-100-kgn-laatta-jatkopala\/\",\"name\":\"STANDARD, 2550x500 mm, 600 kg:n osa, 100 kg:n laatta, jatkopala. - Balti Laomeister\",\"isPartOf\":{\"@id\":\"https:\/\/beta.laomeister.com\/fi\/#website\"},\"primaryImageOfPage\":{\"@id\":\"https:\/\/beta.laomeister.com\/fi\/toode\/standard-2550x500-mm-600-kgn-osa-100-kgn-laatta-jatkopala\/#primaryimage\"},\"image\":{\"@id\":\"https:\/\/beta.laomeister.com\/fi\/toode\/standard-2550x500-mm-600-kgn-osa-100-kgn-laatta-jatkopala\/#primaryimage\"},\"thumbnailUrl\":\"https:\/\/beta.laomeister.com\/wp-content\/uploads\/2022\/09\/Lisaosa.jpeg\",\"datePublished\":\"2024-07-02T20:11:24+00:00\",\"breadcrumb\":{\"@id\":\"https:\/\/beta.laomeister.com\/fi\/toode\/standard-2550x500-mm-600-kgn-osa-100-kgn-laatta-jatkopala\/#breadcrumb\"},\"inLanguage\":\"fi\",\"potentialAction\":[{\"@type\":\"ReadAction\",\"target\":[\"https:\/\/beta.laomeister.com\/fi\/toode\/standard-2550x500-mm-600-kgn-osa-100-kgn-laatta-jatkopala\/\"]}]},{\"@type\":\"ImageObject\",\"inLanguage\":\"fi\",\"@id\":\"https:\/\/beta.laomeister.com\/fi\/toode\/standard-2550x500-mm-600-kgn-osa-100-kgn-laatta-jatkopala\/#primaryimage\",\"url\":\"https:\/\/beta.laomeister.com\/wp-content\/uploads\/2022\/09\/Lisaosa.jpeg\",\"contentUrl\":\"https:\/\/beta.laomeister.com\/wp-content\/uploads\/2022\/09\/Lisaosa.jpeg\",\"width\":900,\"height\":900},{\"@type\":\"BreadcrumbList\",\"@id\":\"https:\/\/beta.laomeister.com\/fi\/toode\/standard-2550x500-mm-600-kgn-osa-100-kgn-laatta-jatkopala\/#breadcrumb\",\"itemListElement\":[{\"@type\":\"ListItem\",\"position\":1,\"name\":\"Home\",\"item\":\"https:\/\/beta.laomeister.com\/fi\/\"},{\"@type\":\"ListItem\",\"position\":2,\"name\":\"Tuotteet\",\"item\":\"https:\/\/beta.laomeister.com\/fi\/tuotteet\/\"},{\"@type\":\"ListItem\",\"position\":3,\"name\":\"STANDARD, 2550&#215;500 mm, 600 kg:n osa, 100 kg:n laatta, jatkopala.\"}]},{\"@type\":\"WebSite\",\"@id\":\"https:\/\/beta.laomeister.com\/fi\/#website\",\"url\":\"https:\/\/beta.laomeister.com\/fi\/\",\"name\":\"Balti Laomeister\",\"description\":\"Laoriiulid - m&uuml;&uuml;k ja paigaldus\",\"potentialAction\":[{\"@type\":\"SearchAction\",\"target\":{\"@type\":\"EntryPoint\",\"urlTemplate\":\"https:\/\/beta.laomeister.com\/fi\/?s={search_term_string}\"},\"query-input\":{\"@type\":\"PropertyValueSpecification\",\"valueRequired\":true,\"valueName\":\"search_term_string\"}}],\"inLanguage\":\"fi\"}]}<\/script>\n<!-- \/ Yoast SEO plugin. -->","yoast_head_json":{"title":"STANDARD, 2550x500 mm, 600 kg:n osa, 100 kg:n laatta, jatkopala. - Balti Laomeister","robots":{"index":"index","follow":"follow","max-snippet":"max-snippet:-1","max-image-preview":"max-image-preview:large","max-video-preview":"max-video-preview:-1"},"canonical":"https:\/\/beta.laomeister.com\/fi\/toode\/standard-2550x500-mm-600-kgn-osa-100-kgn-laatta-jatkopala\/","og_locale":"fi_FI","og_type":"article","og_title":"STANDARD, 2550x500 mm, 600 kg:n osa, 100 kg:n laatta, jatkopala. - Balti Laomeister","og_description":"Sarja sis\u00e4lt\u00e4\u00e4 2 tolppaa, 6 hylly\u00e4, 1 kiinnityslaite.  Hyllyt ja pylv\u00e4\u00e4t on valmistettu pulverimaalatuista metallilevyist\u00e4.  Frigram koostuu kahdesta pylv\u00e4\u00e4st\u00e4, kahdesta pylv\u00e4stuesta ja kiinnikkeist\u00e4.  Kunkin hyllyn kantavuus tasaisesti jakautuneelle kuormalle on 100 kg.  Hyllypinnan s\u00e4\u00e4t\u00f6alue on 50 mm.  Jatkokorkeus 2550 mm, syvyys 500 mm  Laajennuksen tarkka leveys on 1000 mm.  Jatkokappale ei ole erillinen hylly. Useista osista koostuvan hyllykokonaisuuden muodostamiseksi yksi tai useampi lis\u00e4osa on kiinnitett\u00e4v\u00e4 sarjaan p\u00e4\u00e4osaan.  Toimitetaan osina","og_url":"https:\/\/beta.laomeister.com\/fi\/toode\/standard-2550x500-mm-600-kgn-osa-100-kgn-laatta-jatkopala\/","og_site_name":"Balti Laomeister","og_image":[{"width":900,"height":900,"url":"https:\/\/i0.wp.com\/www.laomeister.com\/wp-content\/uploads\/2022\/09\/Lisaosa.jpeg?fit=900%2C900&ssl=1","type":"image\/jpeg"}],"twitter_card":"summary_large_image","schema":{"@context":"https:\/\/schema.org","@graph":[{"@type":"WebPage","@id":"https:\/\/beta.laomeister.com\/fi\/toode\/standard-2550x500-mm-600-kgn-osa-100-kgn-laatta-jatkopala\/","url":"https:\/\/beta.laomeister.com\/fi\/toode\/standard-2550x500-mm-600-kgn-osa-100-kgn-laatta-jatkopala\/","name":"STANDARD, 2550x500 mm, 600 kg:n osa, 100 kg:n laatta, jatkopala. - Balti Laomeister","isPartOf":{"@id":"https:\/\/beta.laomeister.com\/fi\/#website"},"primaryImageOfPage":{"@id":"https:\/\/beta.laomeister.com\/fi\/toode\/standard-2550x500-mm-600-kgn-osa-100-kgn-laatta-jatkopala\/#primaryimage"},"image":{"@id":"https:\/\/beta.laomeister.com\/fi\/toode\/standard-2550x500-mm-600-kgn-osa-100-kgn-laatta-jatkopala\/#primaryimage"},"thumbnailUrl":"https:\/\/beta.laomeister.com\/wp-content\/uploads\/2022\/09\/Lisaosa.jpeg","datePublished":"2024-07-02T20:11:24+00:00","breadcrumb":{"@id":"https:\/\/beta.laomeister.com\/fi\/toode\/standard-2550x500-mm-600-kgn-osa-100-kgn-laatta-jatkopala\/#breadcrumb"},"inLanguage":"fi","potentialAction":[{"@type":"ReadAction","target":["https:\/\/beta.laomeister.com\/fi\/toode\/standard-2550x500-mm-600-kgn-osa-100-kgn-laatta-jatkopala\/"]}]},{"@type":"ImageObject","inLanguage":"fi","@id":"https:\/\/beta.laomeister.com\/fi\/toode\/standard-2550x500-mm-600-kgn-osa-100-kgn-laatta-jatkopala\/#primaryimage","url":"https:\/\/beta.laomeister.com\/wp-content\/uploads\/2022\/09\/Lisaosa.jpeg","contentUrl":"https:\/\/beta.laomeister.com\/wp-content\/uploads\/2022\/09\/Lisaosa.jpeg","width":900,"height":900},{"@type":"BreadcrumbList","@id":"https:\/\/beta.laomeister.com\/fi\/toode\/standard-2550x500-mm-600-kgn-osa-100-kgn-laatta-jatkopala\/#breadcrumb","itemListElement":[{"@type":"ListItem","position":1,"name":"Home","item":"https:\/\/beta.laomeister.com\/fi\/"},{"@type":"ListItem","position":2,"name":"Tuotteet","item":"https:\/\/beta.laomeister.com\/fi\/tuotteet\/"},{"@type":"ListItem","position":3,"name":"STANDARD, 2550&#215;500 mm, 600 kg:n osa, 100 kg:n laatta, jatkopala."}]},{"@type":"WebSite","@id":"https:\/\/beta.laomeister.com\/fi\/#website","url":"https:\/\/beta.laomeister.com\/fi\/","name":"Balti Laomeister","description":"Laoriiulid - m&uuml;&uuml;k ja paigaldus","potentialAction":[{"@type":"SearchAction","target":{"@type":"EntryPoint","urlTemplate":"https:\/\/beta.laomeister.com\/fi\/?s={search_term_string}"},"query-input":{"@type":"PropertyValueSpecification","valueRequired":true,"valueName":"search_term_string"}}],"inLanguage":"fi"}]}},"_links":{"self":[{"href":"https:\/\/beta.laomeister.com\/fi\/wp-json\/wp\/v2\/product\/36574","targetHints":{"allow":["GET"]}}],"collection":[{"href":"https:\/\/beta.laomeister.com\/fi\/wp-json\/wp\/v2\/product"}],"about":[{"href":"https:\/\/beta.laomeister.com\/fi\/wp-json\/wp\/v2\/types\/product"}],"wp:featuredmedia":[{"embeddable":true,"href":"https:\/\/beta.laomeister.com\/fi\/wp-json\/wp\/v2\/media\/32644"}],"wp:attachment":[{"href":"https:\/\/beta.laomeister.com\/fi\/wp-json\/wp\/v2\/media?parent=36574"}],"wp:term":[{"taxonomy":"product_brand","embeddable":true,"href":"https:\/\/beta.laomeister.com\/fi\/wp-json\/wp\/v2\/product_brand?post=36574"},{"taxonomy":"product_cat","embeddable":true,"href":"https:\/\/beta.laomeister.com\/fi\/wp-json\/wp\/v2\/product_cat?post=36574"},{"taxonomy":"product_tag","embeddable":true,"href":"https:\/\/beta.laomeister.com\/fi\/wp-json\/wp\/v2\/product_tag?post=36574"}],"curies":[{"name":"wp","href":"https:\/\/api.w.org\/{rel}","templated":true}]}}